{"id":13749,"date":"2020-11-13T00:33:55","date_gmt":"2020-11-12T23:33:55","guid":{"rendered":"https:\/\/zeefora.com\/playmais\/?page_id=13749"},"modified":"2024-07-07T17:48:07","modified_gmt":"2024-07-07T15:48:07","slug":"radionice-treninzi","status":"publish","type":"page","link":"https:\/\/zeefora.com\/playmais\/radionice-treninzi\/","title":{"rendered":"Radionice i treninzi"},"content":{"rendered":"<p>[vc_row css=&#8220;.vc_custom_1622447083736{padding-right: 0px !important;padding-left: 0px !important;}&#8220;][vc_column width=&#8220;1\/6&#8243; css=&#8220;.vc_custom_1622447120105{padding-right: 0px !important;padding-left: 0px !important;}&#8220;][vc_separator][\/vc_column][vc_column width=&#8220;2\/3&#8243;][vc_column_text css=&#8220;.vc_custom_1622450777342{padding-right: 10px !important;padding-left: 10px !important;background-color: #0975b5 !important;}&#8220;]<\/p>\n<h1 style=\"text-align: center;\"><strong><span style=\"color: #ffffff; font-family: playfair display;\">RADIONICE I TRENINZI<\/span><\/strong><\/h1>\n<h6 class=\"text-muted\" style=\"text-align: center;\"><img decoding=\"async\" class=\"aligncenter wp-image-14056 size-thumbnail\" src=\"https:\/\/zeefora.com\/playmais\/wp-content\/uploads\/2021\/05\/playmais-radionice-za-decu-i-roditelje-1-150x150.png\" alt=\"\" width=\"150\" height=\"150\" srcset=\"https:\/\/zeefora.com\/playmais\/wp-content\/uploads\/2021\/05\/playmais-radionice-za-decu-i-roditelje-1-150x150.png 150w, https:\/\/zeefora.com\/playmais\/wp-content\/uploads\/2021\/05\/playmais-radionice-za-decu-i-roditelje-1-300x300.png 300w, https:\/\/zeefora.com\/playmais\/wp-content\/uploads\/2021\/05\/playmais-radionice-za-decu-i-roditelje-1-600x600.png 600w, https:\/\/zeefora.com\/playmais\/wp-content\/uploads\/2021\/05\/playmais-radionice-za-decu-i-roditelje-1-100x100.png 100w, https:\/\/zeefora.com\/playmais\/wp-content\/uploads\/2021\/05\/playmais-radionice-za-decu-i-roditelje-1.png 700w\" sizes=\"(max-width: 150px) 100vw, 150px\" \/><\/h6>\n<h1 style=\"text-align: center;\"><\/h1>\n<h6 class=\"text-muted\" style=\"text-align: center;\"><span style=\"color: #ffffff; font-family: playfair display;\">za roditelje, klince i stru\u010dnjake koji se bave edukacijom i razvojem dece i odraslih<\/span><\/h6>\n<p>[\/vc_column_text][\/vc_column][vc_column width=&#8220;1\/6&#8243;][vc_separator][\/vc_column][\/vc_row][vc_row][vc_column][vc_column_text]<\/p>\n<h3 style=\"text-align: center;\"><span style=\"color: #000000;\">Radionice na kojima u\u010dimo kroz igru na malo druga\u010diji na\u010din<\/span><\/h3>\n<footer class=\"blockquote-footer\">\n<blockquote class=\"blockquote\">\n<p style=\"text-align: center;\"><span style=\"color: #000000;\"><em>&#8230;o svetu oko nas, o drugima i o sebi<\/em><\/span><\/p>\n<\/blockquote>\n<\/footer>\n<p>[\/vc_column_text][vc_single_image image=&#8220;14052&#8243; img_size=&#8220;full&#8220; alignment=&#8220;center&#8220;][vc_separator border_width=&#8220;5&#8243; el_width=&#8220;50&#8243;][vc_column_text]Vi\u0161egodi\u0161nji rad na terenu sa decom, roditeljima i prosvetnim radnicima omogu\u0107io nam je dragoceno prakti\u010dno iskustvo. Kako se i sami li\u010dno i profesionalno usavr\u0161avamo, <em>tako se usavr\u0161avaju i procesi koje koristimo u radu.<\/em><\/p>\n<p>Danas su Playmais dru\u017eenja <strong>mnogo vi\u0161e od klasi\u010dne kreativne radionice<\/strong>. Deca razvijaju <em>ma\u0161tu, fokus, finu motoriku, ve\u0161tine timskog rada i razmi\u0161ljanje van okvira.<\/em> Pored toga, kombinujemo <span style=\"color: #3366ff;\"><strong>nekoliko razli\u010ditih<\/strong><\/span> metodolo\u0161kih pristupa razvoju li\u010dnih potencijala i komunikacionih ve\u0161tina.<\/p>\n<p>Procesi koje koristimo su rezultat integracije znanja iz oblasti <a href=\"https:\/\/www.points-of-you.com\/\">Points of You<\/a>\u00ae, kou\u010dinga i emocionalne pismenosti. Tako Playmais postaje <strong>alat za pospe\u0161ivanje komunikacije<\/strong> sa decom, prijateljima, porodicom i samim sobom.[\/vc_column_text][vc_single_image image=&#8220;14056&#8243; img_size=&#8220;150&#215;150&#8243; alignment=&#8220;center&#8220;][vc_custom_heading text=&#8220;Radionice i treninzi koje organizujemo namenjeni su deci, roditeljima i stru\u010dnjacima koji rade sa decom i roditeljima.&#8220; font_container=&#8220;tag:h5|text_align:center&#8220;][vc_single_image image=&#8220;14041&#8243; img_size=&#8220;full&#8220; alignment=&#8220;center&#8220;][vc_custom_heading text=&#8220;\u0160ta je cilj radionica?&#8220; font_container=&#8220;tag:h3|text_align:center&#8220;][vc_separator border_width=&#8220;5&#8243; el_width=&#8220;50&#8243;][vc_single_image image=&#8220;14056&#8243; img_size=&#8220;150&#215;150&#8243; alignment=&#8220;center&#8220;][vc_column_text]<strong>Za decu (3 do 12 godina):<\/strong> podsticanje kreativnosti, samopouzdanja, izra\u017eavanja emocija i unapre\u0111enje komunikacionih ve\u0161tina (i naravno u\u010denje kroz igru).<\/p>\n<p><strong>Za roditelje<\/strong>: razumevanje unutra\u0161njeg sveta deteta i unapre\u0111enje komunikacije sa klincima.<\/p>\n<p><strong>Za profesionalce <\/strong><em>(prosvetni radnici, defektolozi, terapeuti, konsultanti):<\/em> ovladavanje novim procesima i alatima koji \u0107e olak\u0161ati svakodnevni rad sa klincima i roditeljima.[\/vc_column_text][vc_custom_heading text=&#8220;\u0160ta \u0107ete nau\u010diti?&#8220; font_container=&#8220;tag:h3|text_align:center&#8220;][vc_separator border_width=&#8220;5&#8243; el_width=&#8220;50&#8243;][vc_single_image image=&#8220;14056&#8243; img_size=&#8220;150&#215;150&#8243; alignment=&#8220;center&#8220;][vc_column_text]<\/p>\n<ul>\n<li>Kako da probudite kreativnost u detetu i pomognete mu da razvije samopouzdanje,<\/li>\n<li>Kako da prepoznate skrivene potencijale deteta i ohrabrite ga da ih koristi,<\/li>\n<li>Kako da kroz igru podstaknete dete da verbalizuje ose\u0107anja i otvori vam prozor u svoj unutra\u0161nji svet,<\/li>\n<li>Kako da bolje upoznate druge, sebe, svoje potrebe i br\u017ee uspostavite efikasnu komunikaciju,<\/li>\n<li>Kako da razgovarate sa detetom, a da vas ono \u010duje &#8211; \u010dak i u stresnim situacijama?<\/li>\n<\/ul>\n<p><em><strong>Nau\u010deno mo\u017eete primeniti u porodici, sa prijateljima, sa kolegama i prenose\u0107i ste\u010deno znanje drugima.<\/strong><\/em>[\/vc_column_text][vc_separator border_width=&#8220;5&#8243; el_width=&#8220;50&#8243;][vc_custom_heading text=&#8220;PLAYMAIS&#8220; font_container=&#8220;tag:h2|text_align:center&#8220;][vc_row_inner][vc_column_inner][vc_separator border_width=&#8220;5&#8243; el_width=&#8220;50&#8243;][vc_single_image image=&#8220;14043&#8243; img_size=&#8220;full&#8220; alignment=&#8220;center&#8220;][\/vc_column_inner][\/vc_row_inner][vc_column_text]Playmais je igra\u010dka namenjena razvoju <strong>fine motorike i kreativnosti,<\/strong> ali je ujedno i <strong>edukativni materijal<\/strong> vi\u0161estruke namene. Playmais je ne\u0161to izme\u0111u Lego kockica i plastelina. Nazivaju ga ekolo\u0161ki Lego jer se mo\u017ee slagati, ali za razliku od kockica mo\u017ee i da se oblikuje. Zato podse\u0107a na plastelin. Prednost je u tome \u0161to se boje ne\u0107e izme\u0161ati, a lako se (bez lepka) lepi na papir ili karton.<\/p>\n<p>Kroz prakti\u010dno iskustvo na radionicama uvideli smo brojne benefite. I to ne samo za decu, ve\u0107 i za roditelje i stru\u010dnjake koji rade sa decom i odraslima. <strong>Playmais nam omogu\u0107ava da na lak, brz i zabavan na\u010din zavirimo u tu\u0111i ili sopstveni unutra\u0161nji svet. <\/strong><\/p>\n<p><em>Na\u010din na koji dete koristi Playmais, na koji opisuje svoj rad i na koji postavlja pitanja i odgovara na njih, daje nam uvid u njegovu percepciju sveta.<\/em> Playmais se na isti na\u010din mo\u017ee koristiti za radionice sa odraslima.[\/vc_column_text][vc_separator border_width=&#8220;5&#8243; el_width=&#8220;50&#8243;][vc_custom_heading text=&#8220;POINTS OF YOU&#8220; font_container=&#8220;tag:h2|text_align:center&#8220;][vc_separator border_width=&#8220;5&#8243; el_width=&#8220;50&#8243;][vc_single_image image=&#8220;14044&#8243; img_size=&#8220;full&#8220; alignment=&#8220;center&#8220;][vc_column_text]<a href=\"http:\/\/www.points-of-you.com\/\">Points of You<\/a>\u00a0metodologiju kreirali su <em>Efrat Shani i Yaron Golan<\/em> iz Izraela. Njihovu pri\u010du mo\u017eete videti\u00a0<a href=\"http:\/\/www.points-of-you.com\/ourstory\">ovde<\/a>.\u00a0Nakon dugogodi\u0161njeg rada sa brojnim klijentima, a posebno siroma\u0161nim \u017ertvama nasilja, \u017eeleli su da naprave fizi\u010dki proizvod koji bi omogu\u0107io klijentima da nastave da rade na sebi i kasnije. Tako je nastao prvi POY alat nazvan <strong>Coaching Game.<\/strong><\/p>\n<p>Cilj metodologije mo\u017ee se naslutiti iz samog naziva koji je igra re\u010di. Kada na engleskom izgovorimo<em> Points of You<\/em>, to zvu\u010di kao <em>Points of View<\/em> (ta\u010dka gledi\u0161ta). To je upravo ono \u0161to nam POY alati omogu\u0107avaju, <strong>posmatranje sebe ili situacija iz razli\u010ditih perspektiva.<\/strong>[\/vc_column_text][vc_single_image image=&#8220;14045&#8243; img_size=&#8220;full&#8220; alignment=&#8220;center&#8220;][vc_column_text]Kori\u0161\u0107enje fotografija u terapijskom radu nije novog datuma, ali su Efrat i Yaron alate obogatili dodatnim elementom \u2013 re\u010dima. Istovremenim posmatranjem re\u010di i slike aktiviraju se obe mo\u017edane hemisfere. Upravo ta zabuna nam omogu\u0107ava da promenimo ta\u010dku gledi\u0161ta i do\u0111emo do novih uvida.<\/p>\n<p>Pojedini POY alati kao \u0161to je npr. <strong>Faces<\/strong>, ne zahtevaju kombinaciju pisanih re\u010di i slika da bi smo od deteta dobili va\u017ene informacije o tome kako vidi sebe i ljude u svom okru\u017eenju. Dovoljno je da im postavimo prava pitanja i damo im priliku da odaberu kartice.[\/vc_column_text][vc_column_text]Imate dodatna pitanja? Slobodno nas <a href=\"https:\/\/zeefora.com\/playmais\/kontakt\/\">kontaktirajte<\/a>. Radionice lako mo\u017eemo prilagoditi Va\u0161im potrebama. Novitete o Playmaisu mo\u017eete pratiti na na\u0161im dru\u0161tvenim mre\u017eama <a href=\"https:\/\/www.facebook.com\/playmaissrbija\">Facebook<\/a>\u00a0i\u00a0<a href=\"https:\/\/www.instagram.com\/playmaissrbija\">Instagram.<\/a>[\/vc_column_text][\/vc_column][\/vc_row][vc_row][vc_column][vc_btn title=&#8220;\u017dELIM DA POSETIM BLOG&#8220; color=&#8220;green&#8220; size=&#8220;lg&#8220; align=&#8220;center&#8220; link=&#8220;url:https%3A%2F%2Fzeefora.com%2Fplaymais%2Fblog%2F|title:Blog||&#8220;][\/vc_column][\/vc_row][vc_row][vc_column][vc_column_text]<\/p>\n<p style=\"text-align: center;\">Ako ipak napu\u0161tate sajt, \u017eelimo Vam prijatan dan i svratite nam opet.<\/p>\n<p>[\/vc_column_text][\/vc_column][\/vc_row]<\/p>\n","protected":false},"excerpt":{"rendered":"<p>[vc_row css=&#8220;.vc_custom_1622447083736{padding-right: 0px !important;padding-left: 0px !important;}&#8220;][vc_column width=&#8220;1\/6&#8243; css=&#8220;.vc_custom_1622447120105{padding-right: 0px !important;padding-left: 0px !important;}&#8220;][vc_separator][\/vc_column][vc_column width=&#8220;2\/3&#8243;][vc_column_text css=&#8220;.vc_custom_1622450777342{padding-right: 10px !important;padding-left: 10px !important;background-color: #0975b5 !important;}&#8220;] RADIONICE I TRENINZI za roditelje, klince i stru\u010dnjake koji se bave edukacijom i razvojem dece i odraslih [\/vc_column_text][\/vc_column][vc_column width=&#8220;1\/6&#8243;][vc_separator][\/vc_column][\/vc_row][vc_row][vc_column][vc_column_text] Radionice na kojima u\u010dimo kroz igru na malo druga\u010diji na\u010din &#8230;o svetu oko nas, o drugima &#8230;<\/p>\n","protected":false},"author":2,"featured_media":13719,"parent":0,"menu_order":0,"comment_status":"closed","ping_status":"closed","template":"page-templates\/no-title.php","meta":{"_acf_changed":false,"inline_featured_image":false,"_exactmetrics_skip_tracking":false,"_exactmetrics_sitenote_active":false,"_exactmetrics_sitenote_note":"","_exactmetrics_sitenote_category":0,"footnotes":""},"class_list":["post-13749","page","type-page","status-publish","has-post-thumbnail","hentry"],"acf":[],"yoast_head":"<!-- This site is optimized with the Yoast SEO plugin v25.4 - https:\/\/yoast.com\/wordpress\/plugins\/seo\/ -->\n<title>Radionice i treninzi - Zeefora<\/title>\n<meta name=\"description\" content=\"Radionice i treninzi za pojedince i kompanije koje se bave edukacijom i razvojem dece i odraslih. Jedinstvena metodologija rada na sebi i u\u010denja kroz igru.\" \/>\n<meta name=\"robots\" content=\"index, follow, max-snippet:-1, max-image-preview:large, max-video-preview:-1\" \/>\n<link rel=\"canonical\" href=\"https:\/\/zeefora.com\/playmais\/radionice-treninzi\/\" \/>\n<meta property=\"og:locale\" content=\"sr_RS\" \/>\n<meta property=\"og:type\" content=\"article\" \/>\n<meta property=\"og:title\" content=\"Radionice i treninzi - Zeefora\" \/>\n<meta property=\"og:description\" content=\"Radionice i treninzi za pojedince i kompanije koje se bave edukacijom i razvojem dece i odraslih. Jedinstvena metodologija rada na sebi i u\u010denja kroz igru.\" \/>\n<meta property=\"og:url\" content=\"https:\/\/zeefora.com\/playmais\/radionice-treninzi\/\" \/>\n<meta property=\"og:site_name\" content=\"Zeefora\" \/>\n<meta property=\"article:modified_time\" content=\"2024-07-07T15:48:07+00:00\" \/>\n<meta property=\"og:image\" content=\"https:\/\/zeefora.com\/playmais\/wp-content\/uploads\/2020\/11\/usluge-za-pravna-lica.jpg\" \/>\n\t<meta property=\"og:image:width\" content=\"2000\" \/>\n\t<meta property=\"og:image:height\" content=\"500\" \/>\n\t<meta property=\"og:image:type\" content=\"image\/jpeg\" \/>\n<meta name=\"twitter:card\" content=\"summary_large_image\" \/>\n<meta name=\"twitter:label1\" content=\"\u041f\u0440\u043e\u0446\u0435\u045a\u0435\u043d\u043e \u0432\u0440\u0435\u043c\u0435 \u0447\u0438\u0442\u0430\u045a\u0430\" \/>\n\t<meta name=\"twitter:data1\" content=\"6 \u043c\u0438\u043d\u0443\u0442\u0430\" \/>\n<script type=\"application\/ld+json\" class=\"yoast-schema-graph\">{\"@context\":\"https:\/\/schema.org\",\"@graph\":[{\"@type\":\"WebPage\",\"@id\":\"https:\/\/zeefora.com\/playmais\/radionice-treninzi\/\",\"url\":\"https:\/\/zeefora.com\/playmais\/radionice-treninzi\/\",\"name\":\"Radionice i treninzi - Zeefora\",\"isPartOf\":{\"@id\":\"https:\/\/zeefora.com\/playmais\/#website\"},\"primaryImageOfPage\":{\"@id\":\"https:\/\/zeefora.com\/playmais\/radionice-treninzi\/#primaryimage\"},\"image\":{\"@id\":\"https:\/\/zeefora.com\/playmais\/radionice-treninzi\/#primaryimage\"},\"thumbnailUrl\":\"https:\/\/zeefora.com\/playmais\/wp-content\/uploads\/2020\/11\/usluge-za-pravna-lica.jpg\",\"datePublished\":\"2020-11-12T23:33:55+00:00\",\"dateModified\":\"2024-07-07T15:48:07+00:00\",\"description\":\"Radionice i treninzi za pojedince i kompanije koje se bave edukacijom i razvojem dece i odraslih. Jedinstvena metodologija rada na sebi i u\u010denja kroz igru.\",\"breadcrumb\":{\"@id\":\"https:\/\/zeefora.com\/playmais\/radionice-treninzi\/#breadcrumb\"},\"inLanguage\":\"sr-RS\",\"potentialAction\":[{\"@type\":\"ReadAction\",\"target\":[\"https:\/\/zeefora.com\/playmais\/radionice-treninzi\/\"]}]},{\"@type\":\"ImageObject\",\"inLanguage\":\"sr-RS\",\"@id\":\"https:\/\/zeefora.com\/playmais\/radionice-treninzi\/#primaryimage\",\"url\":\"https:\/\/zeefora.com\/playmais\/wp-content\/uploads\/2020\/11\/usluge-za-pravna-lica.jpg\",\"contentUrl\":\"https:\/\/zeefora.com\/playmais\/wp-content\/uploads\/2020\/11\/usluge-za-pravna-lica.jpg\",\"width\":2000,\"height\":500},{\"@type\":\"BreadcrumbList\",\"@id\":\"https:\/\/zeefora.com\/playmais\/radionice-treninzi\/#breadcrumb\",\"itemListElement\":[{\"@type\":\"ListItem\",\"position\":1,\"name\":\"Home\",\"item\":\"https:\/\/zeefora.com\/playmais\/\"},{\"@type\":\"ListItem\",\"position\":2,\"name\":\"Radionice i treninzi\"}]},{\"@type\":\"WebSite\",\"@id\":\"https:\/\/zeefora.com\/playmais\/#website\",\"url\":\"https:\/\/zeefora.com\/playmais\/\",\"name\":\"Zeefora\",\"description\":\"\",\"publisher\":{\"@id\":\"https:\/\/zeefora.com\/playmais\/#organization\"},\"potentialAction\":[{\"@type\":\"SearchAction\",\"target\":{\"@type\":\"EntryPoint\",\"urlTemplate\":\"https:\/\/zeefora.com\/playmais\/?s={search_term_string}\"},\"query-input\":{\"@type\":\"PropertyValueSpecification\",\"valueRequired\":true,\"valueName\":\"search_term_string\"}}],\"inLanguage\":\"sr-RS\"},{\"@type\":\"Organization\",\"@id\":\"https:\/\/zeefora.com\/playmais\/#organization\",\"name\":\"Zeefora\",\"url\":\"https:\/\/zeefora.com\/playmais\/\",\"logo\":{\"@type\":\"ImageObject\",\"inLanguage\":\"sr-RS\",\"@id\":\"https:\/\/zeefora.com\/playmais\/#\/schema\/logo\/image\/\",\"url\":\"https:\/\/zeefora.com\/playmais\/wp-content\/uploads\/2018\/08\/PlayMais_Logo_sm.png\",\"contentUrl\":\"https:\/\/zeefora.com\/playmais\/wp-content\/uploads\/2018\/08\/PlayMais_Logo_sm.png\",\"width\":278,\"height\":94,\"caption\":\"Zeefora\"},\"image\":{\"@id\":\"https:\/\/zeefora.com\/playmais\/#\/schema\/logo\/image\/\"}}]}<\/script>\n<!-- \/ Yoast SEO plugin. -->","yoast_head_json":{"title":"Radionice i treninzi - Zeefora","description":"Radionice i treninzi za pojedince i kompanije koje se bave edukacijom i razvojem dece i odraslih. Jedinstvena metodologija rada na sebi i u\u010denja kroz igru.","robots":{"index":"index","follow":"follow","max-snippet":"max-snippet:-1","max-image-preview":"max-image-preview:large","max-video-preview":"max-video-preview:-1"},"canonical":"https:\/\/zeefora.com\/playmais\/radionice-treninzi\/","og_locale":"sr_RS","og_type":"article","og_title":"Radionice i treninzi - Zeefora","og_description":"Radionice i treninzi za pojedince i kompanije koje se bave edukacijom i razvojem dece i odraslih. Jedinstvena metodologija rada na sebi i u\u010denja kroz igru.","og_url":"https:\/\/zeefora.com\/playmais\/radionice-treninzi\/","og_site_name":"Zeefora","article_modified_time":"2024-07-07T15:48:07+00:00","og_image":[{"width":2000,"height":500,"url":"https:\/\/zeefora.com\/playmais\/wp-content\/uploads\/2020\/11\/usluge-za-pravna-lica.jpg","type":"image\/jpeg"}],"twitter_card":"summary_large_image","twitter_misc":{"\u041f\u0440\u043e\u0446\u0435\u045a\u0435\u043d\u043e \u0432\u0440\u0435\u043c\u0435 \u0447\u0438\u0442\u0430\u045a\u0430":"6 \u043c\u0438\u043d\u0443\u0442\u0430"},"schema":{"@context":"https:\/\/schema.org","@graph":[{"@type":"WebPage","@id":"https:\/\/zeefora.com\/playmais\/radionice-treninzi\/","url":"https:\/\/zeefora.com\/playmais\/radionice-treninzi\/","name":"Radionice i treninzi - Zeefora","isPartOf":{"@id":"https:\/\/zeefora.com\/playmais\/#website"},"primaryImageOfPage":{"@id":"https:\/\/zeefora.com\/playmais\/radionice-treninzi\/#primaryimage"},"image":{"@id":"https:\/\/zeefora.com\/playmais\/radionice-treninzi\/#primaryimage"},"thumbnailUrl":"https:\/\/zeefora.com\/playmais\/wp-content\/uploads\/2020\/11\/usluge-za-pravna-lica.jpg","datePublished":"2020-11-12T23:33:55+00:00","dateModified":"2024-07-07T15:48:07+00:00","description":"Radionice i treninzi za pojedince i kompanije koje se bave edukacijom i razvojem dece i odraslih. Jedinstvena metodologija rada na sebi i u\u010denja kroz igru.","breadcrumb":{"@id":"https:\/\/zeefora.com\/playmais\/radionice-treninzi\/#breadcrumb"},"inLanguage":"sr-RS","potentialAction":[{"@type":"ReadAction","target":["https:\/\/zeefora.com\/playmais\/radionice-treninzi\/"]}]},{"@type":"ImageObject","inLanguage":"sr-RS","@id":"https:\/\/zeefora.com\/playmais\/radionice-treninzi\/#primaryimage","url":"https:\/\/zeefora.com\/playmais\/wp-content\/uploads\/2020\/11\/usluge-za-pravna-lica.jpg","contentUrl":"https:\/\/zeefora.com\/playmais\/wp-content\/uploads\/2020\/11\/usluge-za-pravna-lica.jpg","width":2000,"height":500},{"@type":"BreadcrumbList","@id":"https:\/\/zeefora.com\/playmais\/radionice-treninzi\/#breadcrumb","itemListElement":[{"@type":"ListItem","position":1,"name":"Home","item":"https:\/\/zeefora.com\/playmais\/"},{"@type":"ListItem","position":2,"name":"Radionice i treninzi"}]},{"@type":"WebSite","@id":"https:\/\/zeefora.com\/playmais\/#website","url":"https:\/\/zeefora.com\/playmais\/","name":"Zeefora","description":"","publisher":{"@id":"https:\/\/zeefora.com\/playmais\/#organization"},"potentialAction":[{"@type":"SearchAction","target":{"@type":"EntryPoint","urlTemplate":"https:\/\/zeefora.com\/playmais\/?s={search_term_string}"},"query-input":{"@type":"PropertyValueSpecification","valueRequired":true,"valueName":"search_term_string"}}],"inLanguage":"sr-RS"},{"@type":"Organization","@id":"https:\/\/zeefora.com\/playmais\/#organization","name":"Zeefora","url":"https:\/\/zeefora.com\/playmais\/","logo":{"@type":"ImageObject","inLanguage":"sr-RS","@id":"https:\/\/zeefora.com\/playmais\/#\/schema\/logo\/image\/","url":"https:\/\/zeefora.com\/playmais\/wp-content\/uploads\/2018\/08\/PlayMais_Logo_sm.png","contentUrl":"https:\/\/zeefora.com\/playmais\/wp-content\/uploads\/2018\/08\/PlayMais_Logo_sm.png","width":278,"height":94,"caption":"Zeefora"},"image":{"@id":"https:\/\/zeefora.com\/playmais\/#\/schema\/logo\/image\/"}}]}},"_links":{"self":[{"href":"https:\/\/zeefora.com\/playmais\/wp-json\/wp\/v2\/pages\/13749"}],"collection":[{"href":"https:\/\/zeefora.com\/playmais\/wp-json\/wp\/v2\/pages"}],"about":[{"href":"https:\/\/zeefora.com\/playmais\/wp-json\/wp\/v2\/types\/page"}],"author":[{"embeddable":true,"href":"https:\/\/zeefora.com\/playmais\/wp-json\/wp\/v2\/users\/2"}],"replies":[{"embeddable":true,"href":"https:\/\/zeefora.com\/playmais\/wp-json\/wp\/v2\/comments?post=13749"}],"version-history":[{"count":48,"href":"https:\/\/zeefora.com\/playmais\/wp-json\/wp\/v2\/pages\/13749\/revisions"}],"predecessor-version":[{"id":14260,"href":"https:\/\/zeefora.com\/playmais\/wp-json\/wp\/v2\/pages\/13749\/revisions\/14260"}],"wp:featuredmedia":[{"embeddable":true,"href":"https:\/\/zeefora.com\/playmais\/wp-json\/wp\/v2\/media\/13719"}],"wp:attachment":[{"href":"https:\/\/zeefora.com\/playmais\/wp-json\/wp\/v2\/media?parent=13749"}],"curies":[{"name":"wp","href":"https:\/\/api.w.org\/{rel}","templated":true}]}}