{"id":1661,"date":"2019-01-19T14:19:35","date_gmt":"2019-01-19T13:19:35","guid":{"rendered":"https:\/\/zeefora.com\/playmais\/?page_id=1661"},"modified":"2021-11-17T14:13:16","modified_gmt":"2021-11-17T13:13:16","slug":"faq","status":"publish","type":"page","link":"https:\/\/zeefora.com\/playmais\/faq\/","title":{"rendered":"FAQ &#8211; Naj\u010de\u0161\u0107e postavljana pitanja"},"content":{"rendered":"<p>[vc_row][vc_column width=&#8220;1\/6&#8243;][\/vc_column][vc_column width=&#8220;2\/3&#8243;][vc_column_text][\/vc_column_text][vc_single_image image=&#8220;1675&#8243; img_size=&#8220;full&#8220; alignment=&#8220;center&#8220;][\/vc_column][vc_column width=&#8220;1\/6&#8243;][\/vc_column][\/vc_row][vc_row][vc_column width=&#8220;1\/6&#8243;][\/vc_column][vc_column width=&#8220;2\/3&#8243;][vc_column_text]<\/p>\n<h3><strong>1. Da li je ovo original Playmais?<\/strong><\/h3>\n<p>&nbsp;<\/p>\n<p>Da, u pitanju su originalni Playmais proizvodi nema\u010dkog proizvo\u0111a\u010da Loick Biowertstooff GmbH. Mi smo jedini ovla\u0161\u0107eni distributeri Playmais proizvoda na teritoriji Republike Srbije.<\/p>\n<p>Sajt proizvo\u0111a\u010da mo\u017eete videti <a href=\"https:\/\/www.playmais.com\/\">OVDE<\/a>.[\/vc_column_text][\/vc_column][vc_column width=&#8220;1\/6&#8243;][\/vc_column][\/vc_row][vc_row][vc_column width=&#8220;1\/6&#8243;][\/vc_column][vc_column width=&#8220;2\/3&#8243;][vc_column_text]<\/p>\n<h3><strong>2. Da li Playmais li\u010di na sun\u0111er?<\/strong><\/h3>\n<p>&nbsp;<\/p>\n<p>Iskreno, nama ne li\u010di. Decu najvi\u0161e podse\u0107a na Smoki, a sli\u010dno i miri\u0161e \ud83d\ude42 Klinci ga zovu i kukuruzne kuglice, kukuruzi\u0107i, kukuruzne loptice, bu\u0107kice, mekane loptice, smoki\u0107i&#8230;[\/vc_column_text][\/vc_column][vc_column width=&#8220;1\/6&#8243;][\/vc_column][\/vc_row][vc_row][vc_column width=&#8220;1\/6&#8243;][\/vc_column][vc_column width=&#8220;2\/3&#8243;][vc_column_text]<\/p>\n<h3><strong>3. Da li Playmais mo\u017ee da se koristi vi\u0161e puta?<\/strong><\/h3>\n<p>&nbsp;<\/p>\n<p>I da i ne. Proizvo\u0111a\u010d je zamislio proizvod kao jednokratan, zbog \u010dega u kutijama ima mnogo vi\u0161e delova nego \u0161to je potrebno da se sastavi figura ili popune mozaici.<\/p>\n<p>Stvar je u tome \u0161to je Playmais napravljen od kukuruznog skroba koji lako menja oblik prilikom gnje\u010denja i pritiskanja. Ukoliko dete jako pritiska i gnje\u010di delove oni trajno promene oblik (\u0161to i jeste cilj).<\/p>\n<p>Kod <strong>mozaik kolekcije<\/strong> je lako skinuti delove sa podloge i lepiti ih ponovo, jer za mozaike nije neophodno da se komadi\u0107i pritiskaju ve\u0107 se samo prislone na podlogu.<\/p>\n<p>Kod <strong>classic kolekcije<\/strong>, koja se prete\u017eno koristi za pravljenje 3D figura, dete \u010desto komadi\u0107e secka, pritiska i gnje\u010di kako bi dobilo \u017eeljeni oblik i tada se komadi\u0107 ne mo\u017ee vratiti u prvobitno stanje.<\/p>\n<p><span style=\"color: #333333;\"><strong>Ukoliko dete napravi npr. zmiju, ogrlicu ili cvet i ne stiska puno delove ve\u0107 ih samo prislanja 1 na drugi, mo\u017ee bez problema iseckati (ili razdvojiti) te delove i koristiti ih ponovo<\/strong><\/span><span style=\"color: #870b15;\"><strong>.<\/strong><\/span>[\/vc_column_text][vc_gallery type=&#8220;image_grid&#8220; images=&#8220;1693,1700&#8243; img_size=&#8220;&#8220;][\/vc_column][vc_column width=&#8220;1\/6&#8243;][\/vc_column][\/vc_row][vc_row][vc_column width=&#8220;1\/6&#8243;][\/vc_column][vc_column width=&#8220;2\/3&#8243;][vc_column_text]<\/p>\n<h3><strong>4. \u0160ta sve mogu da radim sa Playmais-om?<\/strong><\/h3>\n<p>&nbsp;<\/p>\n<p>Playmais ima brojne na\u010dine primene, a sigurni smo da postoje i oni kojih se nismo jo\u0161 setili. Osnovna namena ove igra\u010dke je pravljenje figura, lepljenje mozaika, ukra\u0161avanje crte\u017ea, dekorisanje \u010destitki, kesa, prozora i kartona.<\/p>\n<p>Galeriju sa idejama mo\u017eete videti u na\u0161oj prodavnici klikom na bilo koji <a href=\"https:\/\/zeefora.com\/playmais\/prodavnica\/classic-basic\/classic-basic-small\/\">Classic BASIC<\/a> proizvod.<\/p>\n<p>Na na\u0161oj <a href=\"https:\/\/www.facebook.com\/playmaissrbija\">Facebook stranici<\/a> \u0107emo objavljivati razli\u010dite predloge za igru, a ako vi imate jo\u0161 neku ideju jako \u0107e nas obradovati da je \u010dujemo i objavimo radove va\u0161ih klinaca.[\/vc_column_text][\/vc_column][vc_column width=&#8220;1\/6&#8243;][\/vc_column][\/vc_row][vc_row][vc_column width=&#8220;1\/6&#8243;][\/vc_column][vc_column width=&#8220;2\/3&#8243;][vc_column_text]<\/p>\n<h3><strong>5. Za koji uzrast je namenjen Playmais?<\/strong><\/h3>\n<p>&nbsp;<\/p>\n<p>Minimalni preporu\u010deni uzrast je 3 godine s obzirom da su delovi sitni i da mla\u0111a deca najverovatnije ne\u0107e umeti sama da sklope figuru.<\/p>\n<p><strong>Kolekcija 3+ nije namenjena samo za decu od 3 godine ve\u0107 i za stariju decu.<\/strong> Oznaka 3+ samo zna\u010di da je proizvod pogodan za decu stariju 3 godine, a mogu ga koristiti i deca starija od 10 ukoliko su zainteresovana za temu pakovanja ili imaju umetni\u010dke sklonosti.<\/p>\n<p><strong>Po \u010demu se razliku proizvodi 3+, 5+ i 8+?<\/strong><\/p>\n<p>Proizvodi 3+ imaju ne\u0161to lak\u0161e zadatke. Npr. teme CLASSIC proizvoda za uzrast 3+ su prilago\u0111ene deci koja tek u\u010de brojeve, boje, oblike, \u017eivotinje i sl.<\/p>\n<p><span style=\"color: #333399;\"><strong>MOSAIC LITTLE<\/strong><\/span> setovi za 3+ se od ostalih razlikuju mozaika po tome \u0161to su komadi\u0107i malo ve\u0107i, a kartice za rad jednostavnije.<\/p>\n<p><strong><span style=\"color: #800080;\">MOSAIC DREAM<\/span><\/strong> proizvodi za uzrast 5+ imaju ne\u0161to sitnije delove i ne\u0161to kompleksnije mozaike (sa vi\u0161e detalja i vi\u0161e mesta za lepljenje).<\/p>\n<p><span style=\"color: #003300;\"><strong>MOSAIC TRENDY<\/strong><\/span> namenjeni su deci 8+ (iako pojedina deca koja su umetni\u010dki nadarena mogu koristiti Trendy setove ve\u0107 sa 6 godina), kartice su slo\u017eenije od DREAM kartica, a deli\u0107i su ne\u0161to manji.[\/vc_column_text][\/vc_column][vc_column width=&#8220;1\/6&#8243;][\/vc_column][\/vc_row][vc_row][vc_column width=&#8220;1\/6&#8243;][\/vc_column][vc_column width=&#8220;2\/3&#8243;][vc_column_text]<\/p>\n<h3><strong>6. \u0160ta ako nemamo na stanju proizvod koji \u017eelite da poru\u010dite?<\/strong><\/h3>\n<p>&nbsp;<\/p>\n<p>Planirana dinamika poru\u010divanja proizvoda iz Nema\u010dke je na 3 meseca. Ipak, navedeno je podlo\u017eno promenama u skladu sa tra\u017enjom te preporu\u010dujemo da nas obavestite (putem <a href=\"mailto:sales@zeefora.com\">e-maila<\/a>, <a href=\"https:\/\/www.facebook.com\/playmaissrbija\">Facebooka<\/a> ili na <a href=\"tel:+381642577288\">0642577288<\/a>) koji je to proizvod koji vam se dopao, a trenutno ga nemamo. \u010cim ga dobijemo obavesti\u0107emo vas, a u me\u0111uvremenu Vam mo\u017eemo preporu\u010diti sli\u010dan.[\/vc_column_text][\/vc_column][vc_column width=&#8220;1\/6&#8243;][\/vc_column][\/vc_row][vc_row][vc_column width=&#8220;1\/6&#8243;][\/vc_column][vc_column width=&#8220;2\/3&#8243;][vc_column_text]<\/p>\n<h3><strong>7. Za koliko dana mogu o\u010dekivati isporuku?<\/strong><\/h3>\n<p>&nbsp;<\/p>\n<p>Sve porud\u017ebine primljene radnim danima pre 12h \u0161aljemo ISTI dan putem Post Express kurirske slu\u017ebe, a one naj\u010de\u0161\u0107e sti\u017eu ve\u0107 sutradan na va\u0161u adresu. Ukoliko je u pitanju manje mesto, isporuka se vr\u0161i u skladu sa redom vo\u017enje kurirske slu\u017ebe (u manjim mestima isporuka se obi\u010dno vr\u0161i 2 ili 3 puta nedeljno).<\/p>\n<p>Porud\u017ebine primljene petkom posle 12h i vikendom obi\u010dno \u0161aljemo u ponedeljak, ali ukoliko Vam je potrebna hitna isporuka, kontaktirajte nas mejlom ili telefonom pre poru\u010divanja kako bi poku\u0161ali da na\u0111emo re\u0161enje.[\/vc_column_text][vc_column_text]<\/p>\n<h3>8<strong>. Koliko ko\u0161ta dostava?<\/strong><\/h3>\n<p>&nbsp;<\/p>\n<p>Za porud\u017ebine manje od 2.500 dinara cena dostave iznosi <strong>fiksno 250 dinara<\/strong>, nevezano za veli\u010dinu i te\u017einu paketa. Ovo je iznos koji Post Express napla\u0107uje za dostavu najmanjih paketa do 0.5kg, na koji su dodati tro\u0161kovi otkupa.<\/p>\n<p>Ukoliko Va\u0161 paket prelazi te\u017einu od 0.5kg, ne brinite, Vi \u0107ete platiti 250 dinara, a ostatak tro\u0161kova dostave pla\u0107amo mi.<\/p>\n<p>Za porud\u017ebine \u010dija vrednost prelazi 2.500 dinara dostava je besplatna.[\/vc_column_text][vc_column_text]<\/p>\n<h3>9<strong>. Da li Playmais mogu da kupim u nekoj knji\u017eari?<br \/>\n<\/strong><\/h3>\n<p>&nbsp;<\/p>\n<p>Mo\u017eete. Spisak maloprodajnih objekata nalazi se na na\u0161oj <a href=\"https:\/\/zeefora.com\/playmais\/kontakt\/\">kontakt strani.<\/a><\/p>\n<p>Ipak, predla\u017eemo da pre odlaska u knji\u017earu proverite da li je artikal koji \u017eelite dostupan. Nemaju sve knji\u017eare sve Playmais artikle, a stanje lagera se mo\u017ee zna\u010dajno promeniti u toku 24h.<\/p>\n<p>Ukoliko \u017eelite da kupite artikle koje trenutno nisu na stanju u \u017eeljenoj knji\u017eari, pitajte prodavce da li mo\u017eete da poru\u010dite Playmais, a mi \u0107emo se potruditi da isporu\u010dimo Va\u0161 omiljeni set knj\u017eari u najkra\u0107em mogu\u0107em roku.[\/vc_column_text][\/vc_column][vc_column width=&#8220;1\/6&#8243;][\/vc_column][\/vc_row]<\/p>\n","protected":false},"excerpt":{"rendered":"<p>[vc_row][vc_column width=&#8220;1\/6&#8243;][\/vc_column][vc_column width=&#8220;2\/3&#8243;][vc_column_text][\/vc_column_text][vc_single_image image=&#8220;1675&#8243; img_size=&#8220;full&#8220; alignment=&#8220;center&#8220;][\/vc_column][vc_column width=&#8220;1\/6&#8243;][\/vc_column][\/vc_row][vc_row][vc_column width=&#8220;1\/6&#8243;][\/vc_column][vc_column width=&#8220;2\/3&#8243;][vc_column_text] 1. Da li je ovo original Playmais? &nbsp; Da, u pitanju su originalni Playmais proizvodi nema\u010dkog proizvo\u0111a\u010da Loick Biowertstooff GmbH. Mi smo jedini ovla\u0161\u0107eni distributeri Playmais proizvoda na teritoriji Republike Srbije. Sajt proizvo\u0111a\u010da mo\u017eete videti OVDE.[\/vc_column_text][\/vc_column][vc_column width=&#8220;1\/6&#8243;][\/vc_column][\/vc_row][vc_row][vc_column width=&#8220;1\/6&#8243;][\/vc_column][vc_column width=&#8220;2\/3&#8243;][vc_column_text] 2. Da li Playmais li\u010di na sun\u0111er? &#8230;<\/p>\n","protected":false},"author":2,"featured_media":0,"parent":0,"menu_order":0,"comment_status":"closed","ping_status":"closed","template":"","meta":{"_acf_changed":false,"inline_featured_image":false,"_exactmetrics_skip_tracking":false,"_exactmetrics_sitenote_active":false,"_exactmetrics_sitenote_note":"","_exactmetrics_sitenote_category":0,"footnotes":""},"class_list":["post-1661","page","type-page","status-publish","hentry"],"acf":[],"yoast_head":"<!-- This site is optimized with the Yoast SEO plugin v25.4 - https:\/\/yoast.com\/wordpress\/plugins\/seo\/ -->\n<title>FAQ - Naj\u010de\u0161\u0107e postavljana pitanja - Zeefora<\/title>\n<meta name=\"robots\" content=\"index, follow, max-snippet:-1, max-image-preview:large, max-video-preview:-1\" \/>\n<link rel=\"canonical\" href=\"https:\/\/zeefora.com\/playmais\/faq\/\" \/>\n<meta property=\"og:locale\" content=\"sr_RS\" \/>\n<meta property=\"og:type\" content=\"article\" \/>\n<meta property=\"og:title\" content=\"FAQ - Naj\u010de\u0161\u0107e postavljana pitanja - Zeefora\" \/>\n<meta property=\"og:description\" content=\"[vc_row][vc_column width=&#8220;1\/6&#8243;][\/vc_column][vc_column width=&#8220;2\/3&#8243;][vc_column_text][\/vc_column_text][vc_single_image image=&#8220;1675&#8243; img_size=&#8220;full&#8220; alignment=&#8220;center&#8220;][\/vc_column][vc_column width=&#8220;1\/6&#8243;][\/vc_column][\/vc_row][vc_row][vc_column width=&#8220;1\/6&#8243;][\/vc_column][vc_column width=&#8220;2\/3&#8243;][vc_column_text] 1. Da li je ovo original Playmais? &nbsp; Da, u pitanju su originalni Playmais proizvodi nema\u010dkog proizvo\u0111a\u010da Loick Biowertstooff GmbH. Mi smo jedini ovla\u0161\u0107eni distributeri Playmais proizvoda na teritoriji Republike Srbije. Sajt proizvo\u0111a\u010da mo\u017eete videti OVDE.[\/vc_column_text][\/vc_column][vc_column width=&#8220;1\/6&#8243;][\/vc_column][\/vc_row][vc_row][vc_column width=&#8220;1\/6&#8243;][\/vc_column][vc_column width=&#8220;2\/3&#8243;][vc_column_text] 2. Da li Playmais li\u010di na sun\u0111er? ...\" \/>\n<meta property=\"og:url\" content=\"https:\/\/zeefora.com\/playmais\/faq\/\" \/>\n<meta property=\"og:site_name\" content=\"Zeefora\" \/>\n<meta property=\"article:modified_time\" content=\"2021-11-17T13:13:16+00:00\" \/>\n<meta name=\"twitter:card\" content=\"summary_large_image\" \/>\n<meta name=\"twitter:label1\" content=\"\u041f\u0440\u043e\u0446\u0435\u045a\u0435\u043d\u043e \u0432\u0440\u0435\u043c\u0435 \u0447\u0438\u0442\u0430\u045a\u0430\" \/>\n\t<meta name=\"twitter:data1\" content=\"6 \u043c\u0438\u043d\u0443\u0442\u0430\" \/>\n<script type=\"application\/ld+json\" class=\"yoast-schema-graph\">{\"@context\":\"https:\/\/schema.org\",\"@graph\":[{\"@type\":\"WebPage\",\"@id\":\"https:\/\/zeefora.com\/playmais\/faq\/\",\"url\":\"https:\/\/zeefora.com\/playmais\/faq\/\",\"name\":\"FAQ - Naj\u010de\u0161\u0107e postavljana pitanja - Zeefora\",\"isPartOf\":{\"@id\":\"https:\/\/zeefora.com\/playmais\/#website\"},\"datePublished\":\"2019-01-19T13:19:35+00:00\",\"dateModified\":\"2021-11-17T13:13:16+00:00\",\"breadcrumb\":{\"@id\":\"https:\/\/zeefora.com\/playmais\/faq\/#breadcrumb\"},\"inLanguage\":\"sr-RS\",\"potentialAction\":[{\"@type\":\"ReadAction\",\"target\":[\"https:\/\/zeefora.com\/playmais\/faq\/\"]}]},{\"@type\":\"BreadcrumbList\",\"@id\":\"https:\/\/zeefora.com\/playmais\/faq\/#breadcrumb\",\"itemListElement\":[{\"@type\":\"ListItem\",\"position\":1,\"name\":\"Home\",\"item\":\"https:\/\/zeefora.com\/playmais\/\"},{\"@type\":\"ListItem\",\"position\":2,\"name\":\"FAQ &#8211; Naj\u010de\u0161\u0107e postavljana pitanja\"}]},{\"@type\":\"WebSite\",\"@id\":\"https:\/\/zeefora.com\/playmais\/#website\",\"url\":\"https:\/\/zeefora.com\/playmais\/\",\"name\":\"Zeefora\",\"description\":\"\",\"publisher\":{\"@id\":\"https:\/\/zeefora.com\/playmais\/#organization\"},\"potentialAction\":[{\"@type\":\"SearchAction\",\"target\":{\"@type\":\"EntryPoint\",\"urlTemplate\":\"https:\/\/zeefora.com\/playmais\/?s={search_term_string}\"},\"query-input\":{\"@type\":\"PropertyValueSpecification\",\"valueRequired\":true,\"valueName\":\"search_term_string\"}}],\"inLanguage\":\"sr-RS\"},{\"@type\":\"Organization\",\"@id\":\"https:\/\/zeefora.com\/playmais\/#organization\",\"name\":\"Zeefora\",\"url\":\"https:\/\/zeefora.com\/playmais\/\",\"logo\":{\"@type\":\"ImageObject\",\"inLanguage\":\"sr-RS\",\"@id\":\"https:\/\/zeefora.com\/playmais\/#\/schema\/logo\/image\/\",\"url\":\"https:\/\/zeefora.com\/playmais\/wp-content\/uploads\/2018\/08\/PlayMais_Logo_sm.png\",\"contentUrl\":\"https:\/\/zeefora.com\/playmais\/wp-content\/uploads\/2018\/08\/PlayMais_Logo_sm.png\",\"width\":278,\"height\":94,\"caption\":\"Zeefora\"},\"image\":{\"@id\":\"https:\/\/zeefora.com\/playmais\/#\/schema\/logo\/image\/\"}}]}<\/script>\n<!-- \/ Yoast SEO plugin. -->","yoast_head_json":{"title":"FAQ - Naj\u010de\u0161\u0107e postavljana pitanja - Zeefora","robots":{"index":"index","follow":"follow","max-snippet":"max-snippet:-1","max-image-preview":"max-image-preview:large","max-video-preview":"max-video-preview:-1"},"canonical":"https:\/\/zeefora.com\/playmais\/faq\/","og_locale":"sr_RS","og_type":"article","og_title":"FAQ - Naj\u010de\u0161\u0107e postavljana pitanja - Zeefora","og_description":"[vc_row][vc_column width=&#8220;1\/6&#8243;][\/vc_column][vc_column width=&#8220;2\/3&#8243;][vc_column_text][\/vc_column_text][vc_single_image image=&#8220;1675&#8243; img_size=&#8220;full&#8220; alignment=&#8220;center&#8220;][\/vc_column][vc_column width=&#8220;1\/6&#8243;][\/vc_column][\/vc_row][vc_row][vc_column width=&#8220;1\/6&#8243;][\/vc_column][vc_column width=&#8220;2\/3&#8243;][vc_column_text] 1. Da li je ovo original Playmais? &nbsp; Da, u pitanju su originalni Playmais proizvodi nema\u010dkog proizvo\u0111a\u010da Loick Biowertstooff GmbH. Mi smo jedini ovla\u0161\u0107eni distributeri Playmais proizvoda na teritoriji Republike Srbije. Sajt proizvo\u0111a\u010da mo\u017eete videti OVDE.[\/vc_column_text][\/vc_column][vc_column width=&#8220;1\/6&#8243;][\/vc_column][\/vc_row][vc_row][vc_column width=&#8220;1\/6&#8243;][\/vc_column][vc_column width=&#8220;2\/3&#8243;][vc_column_text] 2. Da li Playmais li\u010di na sun\u0111er? ...","og_url":"https:\/\/zeefora.com\/playmais\/faq\/","og_site_name":"Zeefora","article_modified_time":"2021-11-17T13:13:16+00:00","twitter_card":"summary_large_image","twitter_misc":{"\u041f\u0440\u043e\u0446\u0435\u045a\u0435\u043d\u043e \u0432\u0440\u0435\u043c\u0435 \u0447\u0438\u0442\u0430\u045a\u0430":"6 \u043c\u0438\u043d\u0443\u0442\u0430"},"schema":{"@context":"https:\/\/schema.org","@graph":[{"@type":"WebPage","@id":"https:\/\/zeefora.com\/playmais\/faq\/","url":"https:\/\/zeefora.com\/playmais\/faq\/","name":"FAQ - Naj\u010de\u0161\u0107e postavljana pitanja - Zeefora","isPartOf":{"@id":"https:\/\/zeefora.com\/playmais\/#website"},"datePublished":"2019-01-19T13:19:35+00:00","dateModified":"2021-11-17T13:13:16+00:00","breadcrumb":{"@id":"https:\/\/zeefora.com\/playmais\/faq\/#breadcrumb"},"inLanguage":"sr-RS","potentialAction":[{"@type":"ReadAction","target":["https:\/\/zeefora.com\/playmais\/faq\/"]}]},{"@type":"BreadcrumbList","@id":"https:\/\/zeefora.com\/playmais\/faq\/#breadcrumb","itemListElement":[{"@type":"ListItem","position":1,"name":"Home","item":"https:\/\/zeefora.com\/playmais\/"},{"@type":"ListItem","position":2,"name":"FAQ &#8211; Naj\u010de\u0161\u0107e postavljana pitanja"}]},{"@type":"WebSite","@id":"https:\/\/zeefora.com\/playmais\/#website","url":"https:\/\/zeefora.com\/playmais\/","name":"Zeefora","description":"","publisher":{"@id":"https:\/\/zeefora.com\/playmais\/#organization"},"potentialAction":[{"@type":"SearchAction","target":{"@type":"EntryPoint","urlTemplate":"https:\/\/zeefora.com\/playmais\/?s={search_term_string}"},"query-input":{"@type":"PropertyValueSpecification","valueRequired":true,"valueName":"search_term_string"}}],"inLanguage":"sr-RS"},{"@type":"Organization","@id":"https:\/\/zeefora.com\/playmais\/#organization","name":"Zeefora","url":"https:\/\/zeefora.com\/playmais\/","logo":{"@type":"ImageObject","inLanguage":"sr-RS","@id":"https:\/\/zeefora.com\/playmais\/#\/schema\/logo\/image\/","url":"https:\/\/zeefora.com\/playmais\/wp-content\/uploads\/2018\/08\/PlayMais_Logo_sm.png","contentUrl":"https:\/\/zeefora.com\/playmais\/wp-content\/uploads\/2018\/08\/PlayMais_Logo_sm.png","width":278,"height":94,"caption":"Zeefora"},"image":{"@id":"https:\/\/zeefora.com\/playmais\/#\/schema\/logo\/image\/"}}]}},"_links":{"self":[{"href":"https:\/\/zeefora.com\/playmais\/wp-json\/wp\/v2\/pages\/1661"}],"collection":[{"href":"https:\/\/zeefora.com\/playmais\/wp-json\/wp\/v2\/pages"}],"about":[{"href":"https:\/\/zeefora.com\/playmais\/wp-json\/wp\/v2\/types\/page"}],"author":[{"embeddable":true,"href":"https:\/\/zeefora.com\/playmais\/wp-json\/wp\/v2\/users\/2"}],"replies":[{"embeddable":true,"href":"https:\/\/zeefora.com\/playmais\/wp-json\/wp\/v2\/comments?post=1661"}],"version-history":[{"count":8,"href":"https:\/\/zeefora.com\/playmais\/wp-json\/wp\/v2\/pages\/1661\/revisions"}],"predecessor-version":[{"id":14155,"href":"https:\/\/zeefora.com\/playmais\/wp-json\/wp\/v2\/pages\/1661\/revisions\/14155"}],"wp:attachment":[{"href":"https:\/\/zeefora.com\/playmais\/wp-json\/wp\/v2\/media?parent=1661"}],"curies":[{"name":"wp","href":"https:\/\/api.w.org\/{rel}","templated":true}]}}