{"id":2,"date":"2018-08-29T13:35:41","date_gmt":"2018-08-29T11:35:41","guid":{"rendered":"https:\/\/zeefora.com\/playmais\/?page_id=2"},"modified":"2021-05-26T11:23:46","modified_gmt":"2021-05-26T09:23:46","slug":"sta-je-playmais","status":"publish","type":"page","link":"https:\/\/zeefora.com\/playmais\/","title":{"rendered":"\u0160ta je Playmais?"},"content":{"rendered":"<p>[vc_row equal_height=&#8220;yes&#8220; content_placement=&#8220;middle&#8220; css=&#8220;.vc_custom_1615133381453{margin-top: 20px !important;padding-right: 40px !important;padding-left: 40px !important;}&#8220;][vc_column width=&#8220;1\/2&#8243;][vc_column_text]<\/p>\n<h1 class=\"text-center\" style=\"text-align: center;\">PlayMais\u00ae kukuruzna igra\u010dka<\/h1>\n<h5 class=\"text-center h6\" style=\"text-align: center;\"><span style=\"color: #999999;\">(Kona\u010dno dostupan i u Srbiji)<\/span><\/h5>\n<h2 class=\"text-center\" style=\"text-align: center;\"><span style=\"color: #54910b;\">Nakvasi, oblikuj i zalepi!<\/span><\/h2>\n<p>Playmais je kreativna, edukativna, prirodna, biorazgradiva igra\u010dka od nemodifikovanog <strong>kukuruza<\/strong>, <strong>vode<\/strong> i prehrambenih <strong>boja<\/strong>. Istra\u017eivanja su pokazala da je prose\u010dno vreme igranja du\u017ee od 55 minuta u kontinuitetu.<\/p>\n<ul class=\"playmais-list-color\">\n<li>Uz Playmais mo\u017ee\u0161 da <span style=\"color: #54910b;\"><strong>sagradi\u0161<\/strong> <\/span>sve \u0161to po\u017eeli\u0161 i napravi\u0161 ukrase,<\/li>\n<li>Delovi se spajaju lepljenjem <span style=\"color: #54910b;\"><strong>bez lepka<\/strong><\/span> samo uz pomo\u0107 vode,<\/li>\n<li>Komadi\u0107i se mogu seckati, kotrljati i oblikovati po \u017eelji,<\/li>\n<li>Komadi\u0107i se mogu zalepiti na papir, saksije, staklo ili karton,<\/li>\n<li>Ova igra\u010dka razvija motoriku, kreativnost i ma\u0161tu,<\/li>\n<li>Playmais je jednostavno <span style=\"color: #54910b;\"><strong>zabavan<\/strong><\/span>!<\/li>\n<\/ul>\n<p>[\/vc_column_text][\/vc_column][vc_column width=&#8220;1\/2&#8243;][vc_video link=&#8220;https:\/\/youtu.be\/aLh3LSa5xIA&#8220; align=&#8220;center&#8220; css=&#8220;.vc_custom_1595242686190{padding-top: 25px !important;padding-right: 25px !important;padding-bottom: 25px !important;padding-left: 25px !important;}&#8220;][\/vc_column][\/vc_row][vc_row][vc_column][\/vc_column][\/vc_row][vc_row css=&#8220;.vc_custom_1615133397788{padding-right: 40px !important;padding-left: 40px !important;}&#8220;][vc_column][vc_column_text]<\/p>\n<div class=\"playmais-prednosti\">\n<div class=\"slika\">\n<p><img fetchpriority=\"high\" decoding=\"async\" title=\"playmais-zeefora-igra\u010dka\" src=\"https:\/\/zeefora.com\/playmais\/wp-content\/uploads\/2018\/11\/zamak-princeza-natural-co2-made-in-germany-1.jpg\" alt=\"\" width=\"575\" height=\"413\" \/><\/div>\n<div class=\"prednosti\">\n<div class=\"tekst\">\n<h2 style=\"text-align: center;\">Idealna igra\u010dka za:<\/h2>\n<p>&nbsp;<\/p>\n<ul>\n<li>Razvoj ve\u0161tina potrebnih za snala\u017eenje u \u0161koli: fina motorika, koncentracija, fokus i ve\u017eba pra\u0107enja jasnih instrukcija.<\/li>\n<li>Razvoj ma\u0161te, kreativnosti i samostalnosti,<\/li>\n<li>Porodi\u010dne kreativne aktivnosti,<\/li>\n<li>Podsticanje timskog rada i saradnje,<\/li>\n<li>Poklon kome \u0107e se dete obradovati.<\/li>\n<\/ul>\n<\/div>\n<\/div>\n<\/div>\n<p>[\/vc_column_text][\/vc_column][\/vc_row][vc_row css=&#8220;.vc_custom_1615133413281{padding-right: 40px !important;padding-left: 40px !important;}&#8220;][vc_column][vc_empty_space height=&#8220;64px&#8220;][vc_column_text]<\/p>\n<h2 class=\"text-center\" style=\"text-align: center;\">Kako Playmais funkcioni\u0161e?<\/h2>\n<p>&nbsp;<\/p>\n<p>Trebaju ti samo jedna krpica (dobije\u0161 je u svakom pakovanju) koju je lako iscediti i malo vode. Kada na mokru krpicu priloni\u0107 komadi\u0107 on postaje lepljiv zbog svog specifi\u010dnog sastava. I tako ga mo\u017ee\u0161 zalepiti na drugi komadi\u0107, papir ili karton.[\/vc_column_text][vc_empty_space][vc_row_inner][vc_column_inner width=&#8220;1\/3&#8243;][vc_single_image image=&#8220;95&#8243; img_size=&#8220;full&#8220; add_caption=&#8220;yes&#8220; alignment=&#8220;center&#8220;][\/vc_column_inner][vc_column_inner width=&#8220;1\/3&#8243;][vc_single_image image=&#8220;96&#8243; img_size=&#8220;full&#8220; add_caption=&#8220;yes&#8220; alignment=&#8220;center&#8220;][\/vc_column_inner][vc_column_inner width=&#8220;1\/3&#8243;][vc_single_image image=&#8220;97&#8243; img_size=&#8220;full&#8220; add_caption=&#8220;yes&#8220; alignment=&#8220;center&#8220;][\/vc_column_inner][\/vc_row_inner][vc_row_inner][vc_column_inner width=&#8220;1\/3&#8243;][vc_single_image image=&#8220;98&#8243; img_size=&#8220;full&#8220; add_caption=&#8220;yes&#8220; alignment=&#8220;center&#8220;][\/vc_column_inner][vc_column_inner width=&#8220;1\/3&#8243;][vc_single_image image=&#8220;99&#8243; img_size=&#8220;full&#8220; add_caption=&#8220;yes&#8220; alignment=&#8220;center&#8220;][\/vc_column_inner][vc_column_inner width=&#8220;1\/3&#8243;][vc_single_image image=&#8220;100&#8243; img_size=&#8220;full&#8220; add_caption=&#8220;yes&#8220; alignment=&#8220;center&#8220;][\/vc_column_inner][\/vc_row_inner][vc_column_text]<\/p>\n<h2 class=\"text-center\" style=\"text-align: center;\"><span style=\"color: #68b6d6;\">\u0160ta da uradim sa Playmais ostacima?<\/span><\/h2>\n<p>&nbsp;<\/p>\n<p>Nakon sto se igra zavr\u0161i, na stolu mogu ostati iseckani i zgnje\u010deni komadi\u0107i.<strong> Nemojte ih bacati,<\/strong> jer i iseckane deli\u0107e mo\u017eete koristiti za kasniju igru.<\/p>\n<p>lako je osnovna namena Playmaisa pravljenje figura i dekorisanje kartona iii papira, on se mo\u017ee koristiti i na druge na\u010dine. Od njega smo pravili <em>ukrase za jelku, ukra\u0161avali jaja, u\u010dili brojeve i slova, ve\u017ebali matemati\u010dke operacije i rastapali ga u vodi.<\/em>[\/vc_column_text][vc_empty_space][\/vc_column][\/vc_row][vc_row full_width=&#8220;stretch_row&#8220; css=&#8220;.vc_custom_1615133433380{padding-right: 40px !important;padding-left: 40px !important;background-color: #a5c24b !important;}&#8220;][vc_column][vc_column_text el_class=&#8220;text-white&#8220;]Playmais\u00ae brend je <strong>dobitnik mnogih nagrada<\/strong>, uklju\u010duju\u0107i i \u201espiel gut\u201c pe\u010dat za edukativnu igra\u010dku, \u201eIndependent Toy Award\u201c i nagrade za Izvrsni brend igra\u010daka i Odr\u017eivi brend 2019. godine u Nema\u010dkoj.<\/p>\n<p>&nbsp;<\/p>\n<p><img decoding=\"async\" class=\"wp-image-14020 size-thumbnail alignleft\" src=\"https:\/\/zeefora.com\/playmais\/wp-content\/uploads\/2021\/05\/playmais-zeefora-odzivi-zeleni-brend-igracke-trans-150x150.png\" alt=\"\" width=\"150\" height=\"150\" srcset=\"https:\/\/zeefora.com\/playmais\/wp-content\/uploads\/2021\/05\/playmais-zeefora-odzivi-zeleni-brend-igracke-trans-150x150.png 150w, https:\/\/zeefora.com\/playmais\/wp-content\/uploads\/2021\/05\/playmais-zeefora-odzivi-zeleni-brend-igracke-trans-300x300.png 300w, https:\/\/zeefora.com\/playmais\/wp-content\/uploads\/2021\/05\/playmais-zeefora-odzivi-zeleni-brend-igracke-trans-1024x1024.png 1024w, https:\/\/zeefora.com\/playmais\/wp-content\/uploads\/2021\/05\/playmais-zeefora-odzivi-zeleni-brend-igracke-trans-768x768.png 768w, https:\/\/zeefora.com\/playmais\/wp-content\/uploads\/2021\/05\/playmais-zeefora-odzivi-zeleni-brend-igracke-trans-600x600.png 600w, https:\/\/zeefora.com\/playmais\/wp-content\/uploads\/2021\/05\/playmais-zeefora-odzivi-zeleni-brend-igracke-trans-100x100.png 100w, https:\/\/zeefora.com\/playmais\/wp-content\/uploads\/2021\/05\/playmais-zeefora-odzivi-zeleni-brend-igracke-trans.png 1181w\" sizes=\"(max-width: 150px) 100vw, 150px\" \/><\/p>\n<p>Playmais\u00ae je 2021. godine dobio i etiketu odr\u017eivog brenda i pe\u010dat kvaliteta <strong>GREEN BRAND<\/strong>. Ovu nagradu dobijaju brendovi koji daju zna\u010dajan doprinos za\u0161titi \u017eivotne sredine, prirode i klime i na taj na\u010din zaslu\u017euju veliko po\u0161tovanje i me\u0111unarodno priznanje.<\/p>\n<p>&nbsp;<\/p>\n<p>Igra\u010dka je <strong>netoksi\u010dna<\/strong> i slu\u010dajno gutanje nije opasno po zdravlje (ljudi i ku\u0107nih ljubimaca). Ipak, zbog sitnih delova ne preporu\u010duje se deci mla\u0111oj od 3 godine.<\/p>\n<p>&nbsp;[\/vc_column_text][\/vc_column][\/vc_row][vc_row full_width=&#8220;stretch_row&#8220; css=&#8220;.vc_custom_1615133447418{padding-right: 40px !important;padding-left: 40px !important;}&#8220;][vc_column][vc_column_text el_class=&#8220;text-white&#8220;]<span style=\"color: #000000;\">PlayMais\u00ae je prilago\u0111en razli\u010ditim uzrastima, zbog \u010dega postoji nekoliko kolekcija koje se razlikuju po nivou slo\u017eenosti i potrebnih motori\u010dkih ve\u0161tina. Za igru kod ku\u0107e postoje <strong>CLASSIC<\/strong> i <strong>MOSAIC<\/strong> pakovanja koja su idealan poklon za klince, dok je za obrazovne ustanove napravljena posebna <strong>EDULINE<\/strong> kolekcija za profesionalnu upotrebu.<br \/>\nKliknite na dugme za vi\u0161e detalja.<\/span>[\/vc_column_text][\/vc_column][\/vc_row][vc_row el_class=&#8220;text-center&#8220;][vc_column width=&#8220;1\/2&#8243;][vc_btn title=&#8220;Kolekcija za decu i roditelje &#8211; tra\u017eim super poklon za klince&#8220; color=&#8220;primary&#8220; align=&#8220;center&#8220; link=&#8220;url:https%3A%2F%2Fzeefora.com%2Fplaymais%2Fpoklon-za-dete-i-roditelje%2F|title:Poklon%20za%20dete%20i%20roditelje||&#8220;][\/vc_column][vc_column width=&#8220;1\/2&#8243;][vc_btn title=&#8220;Kolekcija za \u0161kole i vrti\u0107e &#8211; tra\u017eim edukativni materijal&#8220; color=&#8220;warning&#8220; link=&#8220;url:https%3A%2F%2Fzeefora.com%2Fplaymais%2Fdidakticka-igracka-za-skole-i-vrtice%2F|title:Didakti%C4%8Dka%20igra%C4%8Dka%20%E2%80%93%20Playmais%20EDULINE||&#8220;][\/vc_column][\/vc_row][vc_row css=&#8220;.vc_custom_1615133463881{padding-right: 40px !important;padding-left: 40px !important;}&#8220;][vc_column][vc_column_text]Imate dodatna pitanja? Slobodno nas\u00a0<a href=\"https:\/\/zeefora.com\/playmais\/kontakt\/\">kontaktirajte<\/a>. Ako ipak napu\u0161tate sajt, \u017eelimo Vam prijatan dan i svratite nam opet.[\/vc_column_text][\/vc_column][\/vc_row]<\/p>\n","protected":false},"excerpt":{"rendered":"<p>[vc_row equal_height=&#8220;yes&#8220; content_placement=&#8220;middle&#8220; css=&#8220;.vc_custom_1615133381453{margin-top: 20px !important;padding-right: 40px !important;padding-left: 40px !important;}&#8220;][vc_column width=&#8220;1\/2&#8243;][vc_column_text] PlayMais\u00ae kukuruzna igra\u010dka (Kona\u010dno dostupan i u Srbiji) Nakvasi, oblikuj i zalepi! Playmais je kreativna, edukativna, prirodna, biorazgradiva igra\u010dka od nemodifikovanog kukuruza, vode i prehrambenih boja. Istra\u017eivanja su pokazala da je prose\u010dno vreme igranja du\u017ee od 55 minuta u kontinuitetu. Uz Playmais mo\u017ee\u0161 da &#8230;<\/p>\n","protected":false},"author":1,"featured_media":47,"parent":0,"menu_order":0,"comment_status":"closed","ping_status":"closed","template":"elementor_header_footer","meta":{"_acf_changed":false,"inline_featured_image":false,"_exactmetrics_skip_tracking":false,"_exactmetrics_sitenote_active":false,"_exactmetrics_sitenote_note":"","_exactmetrics_sitenote_category":0,"footnotes":""},"class_list":["post-2","page","type-page","status-publish","has-post-thumbnail","hentry"],"acf":[],"yoast_head":"<!-- This site is optimized with the Yoast SEO plugin v25.4 - https:\/\/yoast.com\/wordpress\/plugins\/seo\/ -->\n<title>\u0160ta je Playmais? - Zeefora<\/title>\n<meta name=\"description\" content=\"Playmais je kreativna, prirodna, biorazgradiva igra\u010dka od nemodifikovanog kukuruza, vode i prehrambenih boja, dizajnirana i proizvedena u Nema\u010dkoj.\" \/>\n<meta name=\"robots\" content=\"index, follow, max-snippet:-1, max-image-preview:large, max-video-preview:-1\" \/>\n<link rel=\"canonical\" href=\"https:\/\/zeefora.com\/playmais\/\" \/>\n<meta property=\"og:locale\" content=\"sr_RS\" \/>\n<meta property=\"og:type\" content=\"article\" \/>\n<meta property=\"og:title\" content=\"\u0160ta je Playmais? - Zeefora\" \/>\n<meta property=\"og:description\" content=\"Playmais je kreativna, prirodna, biorazgradiva igra\u010dka od nemodifikovanog kukuruza, vode i prehrambenih boja, dizajnirana i proizvedena u Nema\u010dkoj.\" \/>\n<meta property=\"og:url\" content=\"https:\/\/zeefora.com\/playmais\/\" \/>\n<meta property=\"og:site_name\" content=\"Zeefora\" \/>\n<meta property=\"article:modified_time\" content=\"2021-05-26T09:23:46+00:00\" \/>\n<meta property=\"og:image\" content=\"https:\/\/zeefora.com\/playmais\/wp-content\/uploads\/2018\/09\/5-e1538040585802.jpg\" \/>\n\t<meta property=\"og:image:width\" content=\"2000\" \/>\n\t<meta property=\"og:image:height\" content=\"500\" \/>\n\t<meta property=\"og:image:type\" content=\"image\/jpeg\" \/>\n<meta name=\"twitter:card\" content=\"summary_large_image\" \/>\n<meta name=\"twitter:label1\" content=\"\u041f\u0440\u043e\u0446\u0435\u045a\u0435\u043d\u043e \u0432\u0440\u0435\u043c\u0435 \u0447\u0438\u0442\u0430\u045a\u0430\" \/>\n\t<meta name=\"twitter:data1\" content=\"5 \u043c\u0438\u043d\u0443\u0442\u0430\" \/>\n<script type=\"application\/ld+json\" class=\"yoast-schema-graph\">{\"@context\":\"https:\/\/schema.org\",\"@graph\":[{\"@type\":\"WebPage\",\"@id\":\"https:\/\/zeefora.com\/playmais\/\",\"url\":\"https:\/\/zeefora.com\/playmais\/\",\"name\":\"\u0160ta je Playmais? - Zeefora\",\"isPartOf\":{\"@id\":\"https:\/\/zeefora.com\/playmais\/#website\"},\"primaryImageOfPage\":{\"@id\":\"https:\/\/zeefora.com\/playmais\/#primaryimage\"},\"image\":{\"@id\":\"https:\/\/zeefora.com\/playmais\/#primaryimage\"},\"thumbnailUrl\":\"https:\/\/zeefora.com\/playmais\/wp-content\/uploads\/2018\/09\/5-e1538040585802.jpg\",\"datePublished\":\"2018-08-29T11:35:41+00:00\",\"dateModified\":\"2021-05-26T09:23:46+00:00\",\"description\":\"Playmais je kreativna, prirodna, biorazgradiva igra\u010dka od nemodifikovanog kukuruza, vode i prehrambenih boja, dizajnirana i proizvedena u Nema\u010dkoj.\",\"breadcrumb\":{\"@id\":\"https:\/\/zeefora.com\/playmais\/#breadcrumb\"},\"inLanguage\":\"sr-RS\",\"potentialAction\":[{\"@type\":\"ReadAction\",\"target\":[\"https:\/\/zeefora.com\/playmais\/\"]}]},{\"@type\":\"ImageObject\",\"inLanguage\":\"sr-RS\",\"@id\":\"https:\/\/zeefora.com\/playmais\/#primaryimage\",\"url\":\"https:\/\/zeefora.com\/playmais\/wp-content\/uploads\/2018\/09\/5-e1538040585802.jpg\",\"contentUrl\":\"https:\/\/zeefora.com\/playmais\/wp-content\/uploads\/2018\/09\/5-e1538040585802.jpg\",\"width\":2000,\"height\":500},{\"@type\":\"BreadcrumbList\",\"@id\":\"https:\/\/zeefora.com\/playmais\/#breadcrumb\",\"itemListElement\":[{\"@type\":\"ListItem\",\"position\":1,\"name\":\"Home\",\"item\":\"https:\/\/zeefora.com\/playmais\/\"},{\"@type\":\"ListItem\",\"position\":2,\"name\":\"\u0160ta je Playmais?\"}]},{\"@type\":\"WebSite\",\"@id\":\"https:\/\/zeefora.com\/playmais\/#website\",\"url\":\"https:\/\/zeefora.com\/playmais\/\",\"name\":\"Zeefora\",\"description\":\"\",\"publisher\":{\"@id\":\"https:\/\/zeefora.com\/playmais\/#organization\"},\"potentialAction\":[{\"@type\":\"SearchAction\",\"target\":{\"@type\":\"EntryPoint\",\"urlTemplate\":\"https:\/\/zeefora.com\/playmais\/?s={search_term_string}\"},\"query-input\":{\"@type\":\"PropertyValueSpecification\",\"valueRequired\":true,\"valueName\":\"search_term_string\"}}],\"inLanguage\":\"sr-RS\"},{\"@type\":\"Organization\",\"@id\":\"https:\/\/zeefora.com\/playmais\/#organization\",\"name\":\"Zeefora\",\"url\":\"https:\/\/zeefora.com\/playmais\/\",\"logo\":{\"@type\":\"ImageObject\",\"inLanguage\":\"sr-RS\",\"@id\":\"https:\/\/zeefora.com\/playmais\/#\/schema\/logo\/image\/\",\"url\":\"https:\/\/zeefora.com\/playmais\/wp-content\/uploads\/2018\/08\/PlayMais_Logo_sm.png\",\"contentUrl\":\"https:\/\/zeefora.com\/playmais\/wp-content\/uploads\/2018\/08\/PlayMais_Logo_sm.png\",\"width\":278,\"height\":94,\"caption\":\"Zeefora\"},\"image\":{\"@id\":\"https:\/\/zeefora.com\/playmais\/#\/schema\/logo\/image\/\"}}]}<\/script>\n<!-- \/ Yoast SEO plugin. -->","yoast_head_json":{"title":"\u0160ta je Playmais? - Zeefora","description":"Playmais je kreativna, prirodna, biorazgradiva igra\u010dka od nemodifikovanog kukuruza, vode i prehrambenih boja, dizajnirana i proizvedena u Nema\u010dkoj.","robots":{"index":"index","follow":"follow","max-snippet":"max-snippet:-1","max-image-preview":"max-image-preview:large","max-video-preview":"max-video-preview:-1"},"canonical":"https:\/\/zeefora.com\/playmais\/","og_locale":"sr_RS","og_type":"article","og_title":"\u0160ta je Playmais? - Zeefora","og_description":"Playmais je kreativna, prirodna, biorazgradiva igra\u010dka od nemodifikovanog kukuruza, vode i prehrambenih boja, dizajnirana i proizvedena u Nema\u010dkoj.","og_url":"https:\/\/zeefora.com\/playmais\/","og_site_name":"Zeefora","article_modified_time":"2021-05-26T09:23:46+00:00","og_image":[{"width":2000,"height":500,"url":"https:\/\/zeefora.com\/playmais\/wp-content\/uploads\/2018\/09\/5-e1538040585802.jpg","type":"image\/jpeg"}],"twitter_card":"summary_large_image","twitter_misc":{"\u041f\u0440\u043e\u0446\u0435\u045a\u0435\u043d\u043e \u0432\u0440\u0435\u043c\u0435 \u0447\u0438\u0442\u0430\u045a\u0430":"5 \u043c\u0438\u043d\u0443\u0442\u0430"},"schema":{"@context":"https:\/\/schema.org","@graph":[{"@type":"WebPage","@id":"https:\/\/zeefora.com\/playmais\/","url":"https:\/\/zeefora.com\/playmais\/","name":"\u0160ta je Playmais? - Zeefora","isPartOf":{"@id":"https:\/\/zeefora.com\/playmais\/#website"},"primaryImageOfPage":{"@id":"https:\/\/zeefora.com\/playmais\/#primaryimage"},"image":{"@id":"https:\/\/zeefora.com\/playmais\/#primaryimage"},"thumbnailUrl":"https:\/\/zeefora.com\/playmais\/wp-content\/uploads\/2018\/09\/5-e1538040585802.jpg","datePublished":"2018-08-29T11:35:41+00:00","dateModified":"2021-05-26T09:23:46+00:00","description":"Playmais je kreativna, prirodna, biorazgradiva igra\u010dka od nemodifikovanog kukuruza, vode i prehrambenih boja, dizajnirana i proizvedena u Nema\u010dkoj.","breadcrumb":{"@id":"https:\/\/zeefora.com\/playmais\/#breadcrumb"},"inLanguage":"sr-RS","potentialAction":[{"@type":"ReadAction","target":["https:\/\/zeefora.com\/playmais\/"]}]},{"@type":"ImageObject","inLanguage":"sr-RS","@id":"https:\/\/zeefora.com\/playmais\/#primaryimage","url":"https:\/\/zeefora.com\/playmais\/wp-content\/uploads\/2018\/09\/5-e1538040585802.jpg","contentUrl":"https:\/\/zeefora.com\/playmais\/wp-content\/uploads\/2018\/09\/5-e1538040585802.jpg","width":2000,"height":500},{"@type":"BreadcrumbList","@id":"https:\/\/zeefora.com\/playmais\/#breadcrumb","itemListElement":[{"@type":"ListItem","position":1,"name":"Home","item":"https:\/\/zeefora.com\/playmais\/"},{"@type":"ListItem","position":2,"name":"\u0160ta je Playmais?"}]},{"@type":"WebSite","@id":"https:\/\/zeefora.com\/playmais\/#website","url":"https:\/\/zeefora.com\/playmais\/","name":"Zeefora","description":"","publisher":{"@id":"https:\/\/zeefora.com\/playmais\/#organization"},"potentialAction":[{"@type":"SearchAction","target":{"@type":"EntryPoint","urlTemplate":"https:\/\/zeefora.com\/playmais\/?s={search_term_string}"},"query-input":{"@type":"PropertyValueSpecification","valueRequired":true,"valueName":"search_term_string"}}],"inLanguage":"sr-RS"},{"@type":"Organization","@id":"https:\/\/zeefora.com\/playmais\/#organization","name":"Zeefora","url":"https:\/\/zeefora.com\/playmais\/","logo":{"@type":"ImageObject","inLanguage":"sr-RS","@id":"https:\/\/zeefora.com\/playmais\/#\/schema\/logo\/image\/","url":"https:\/\/zeefora.com\/playmais\/wp-content\/uploads\/2018\/08\/PlayMais_Logo_sm.png","contentUrl":"https:\/\/zeefora.com\/playmais\/wp-content\/uploads\/2018\/08\/PlayMais_Logo_sm.png","width":278,"height":94,"caption":"Zeefora"},"image":{"@id":"https:\/\/zeefora.com\/playmais\/#\/schema\/logo\/image\/"}}]}},"_links":{"self":[{"href":"https:\/\/zeefora.com\/playmais\/wp-json\/wp\/v2\/pages\/2"}],"collection":[{"href":"https:\/\/zeefora.com\/playmais\/wp-json\/wp\/v2\/pages"}],"about":[{"href":"https:\/\/zeefora.com\/playmais\/wp-json\/wp\/v2\/types\/page"}],"author":[{"embeddable":true,"href":"https:\/\/zeefora.com\/playmais\/wp-json\/wp\/v2\/users\/1"}],"replies":[{"embeddable":true,"href":"https:\/\/zeefora.com\/playmais\/wp-json\/wp\/v2\/comments?post=2"}],"version-history":[{"count":24,"href":"https:\/\/zeefora.com\/playmais\/wp-json\/wp\/v2\/pages\/2\/revisions"}],"predecessor-version":[{"id":14021,"href":"https:\/\/zeefora.com\/playmais\/wp-json\/wp\/v2\/pages\/2\/revisions\/14021"}],"wp:featuredmedia":[{"embeddable":true,"href":"https:\/\/zeefora.com\/playmais\/wp-json\/wp\/v2\/media\/47"}],"wp:attachment":[{"href":"https:\/\/zeefora.com\/playmais\/wp-json\/wp\/v2\/media?parent=2"}],"curies":[{"name":"wp","href":"https:\/\/api.w.org\/{rel}","templated":true}]}}