{"id":26,"date":"2018-08-29T18:02:11","date_gmt":"2018-08-29T16:02:11","guid":{"rendered":"https:\/\/zeefora.com\/playmais\/?page_id=26"},"modified":"2022-04-29T11:57:33","modified_gmt":"2022-04-29T09:57:33","slug":"kontakt","status":"publish","type":"page","link":"https:\/\/zeefora.com\/playmais\/kontakt\/","title":{"rendered":"Kontakt"},"content":{"rendered":"<p>[vc_row][vc_column][vc_custom_heading text=&#8220;Kontakt info&#8220; font_container=&#8220;tag:h2|text_align:center&#8220; use_theme_fonts=&#8220;yes&#8220;][vc_empty_space][vc_column_text]<\/p>\n<blockquote>\n<p style=\"text-align: center;\"><em>Jedan mali ZEE, veselo skaku\u0107e, skaku\u0107e,<\/em><br \/>\n<em>Juri preko brda, plovi preko mora,<\/em><br \/>\n<em>Sa rado\u0161\u0107u skuplja iz celog sveta igra\u010dke,<\/em><br \/>\n<em>I donosi u Srbiju, ako su ba\u0161 fora.<\/em><\/p>\n<\/blockquote>\n<p>[\/vc_column_text][\/vc_column][\/vc_row][vc_row][vc_column][vc_column_text el_class=&#8220;text-center&#8220;]<img decoding=\"async\" class=\"alignnone\" title=\"zeefora\" src=\"https:\/\/zeefora.com\/playmais\/wp-content\/uploads\/2018\/09\/zeefora-logo-animated2.svg\" alt=\"\" width=\"400\" height=\"74\" \/>[\/vc_column_text][\/vc_column][\/vc_row][vc_row full_width=&#8220;stretch_row&#8220; content_placement=&#8220;middle&#8220; css=&#8220;.vc_custom_1538055392888{background-color: #dd9933 !important;}&#8220;][vc_column][vc_column_text el_class=&#8220;text-white&#8220;]Mi smo Zeefora, ekskluzivni Playmais distributeri za Srbiju i ljubitelji pametnih igra\u010daka. Ako imate sugestiju, pitanje, kritiku ili pohvalu, mo\u017eete nam pisati na <a style=\"color: black;\" href=\"mailto:sales@zeefora.com\">sales@zeefora.com<\/a>. Ako vas mrzi da se logujete na mejl, po\u0161aljite nam poruku putem Kontakt forme.[\/vc_column_text][\/vc_column][\/vc_row][vc_row][vc_column]\n<div class=\"wpcf7 no-js\" id=\"wpcf7-f141-o1\" lang=\"en-US\" dir=\"ltr\" data-wpcf7-id=\"141\">\n<div class=\"screen-reader-response\"><p role=\"status\" aria-live=\"polite\" aria-atomic=\"true\"><\/p> <ul><\/ul><\/div>\n<form action=\"\/playmais\/wp-json\/wp\/v2\/pages\/26#wpcf7-f141-o1\" method=\"post\" class=\"wpcf7-form init\" aria-label=\"Contact form\" novalidate=\"novalidate\" data-status=\"init\">\n<div style=\"display: none;\">\n<input type=\"hidden\" name=\"_wpcf7\" value=\"141\" \/>\n<input type=\"hidden\" name=\"_wpcf7_version\" value=\"6.0.6\" \/>\n<input type=\"hidden\" name=\"_wpcf7_locale\" value=\"en_US\" \/>\n<input type=\"hidden\" name=\"_wpcf7_unit_tag\" value=\"wpcf7-f141-o1\" \/>\n<input type=\"hidden\" name=\"_wpcf7_container_post\" value=\"0\" \/>\n<input type=\"hidden\" name=\"_wpcf7_posted_data_hash\" value=\"\" \/>\n<input type=\"hidden\" name=\"_wpcf7_recaptcha_response\" value=\"\" \/>\n<\/div>\n<p><label> Ime i prezime (obavezno)<br \/>\n<span class=\"wpcf7-form-control-wrap\" data-name=\"your-name\"><input size=\"40\" maxlength=\"400\" class=\"wpcf7-form-control wpcf7-text wpcf7-validates-as-required\" aria-required=\"true\" aria-invalid=\"false\" value=\"\" type=\"text\" name=\"your-name\" \/><\/span> <\/label>\n<\/p>\n<p><label> Email (obavezno)<br \/>\n<span class=\"wpcf7-form-control-wrap\" data-name=\"your-email\"><input size=\"40\" maxlength=\"400\" class=\"wpcf7-form-control wpcf7-email wpcf7-validates-as-required wpcf7-text wpcf7-validates-as-email\" aria-required=\"true\" aria-invalid=\"false\" value=\"\" type=\"email\" name=\"your-email\" \/><\/span> <\/label>\n<\/p>\n<p><label> Telefon<br \/>\n<span class=\"wpcf7-form-control-wrap\" data-name=\"telefon\"><input size=\"40\" maxlength=\"400\" class=\"wpcf7-form-control wpcf7-tel wpcf7-text wpcf7-validates-as-tel\" aria-invalid=\"false\" value=\"\" type=\"tel\" name=\"telefon\" \/><\/span> <\/label>\n<\/p>\n<p><label> Naslov poruke<br \/>\n<span class=\"wpcf7-form-control-wrap\" data-name=\"your-subject\"><input size=\"40\" maxlength=\"400\" class=\"wpcf7-form-control wpcf7-text\" aria-invalid=\"false\" value=\"\" type=\"text\" name=\"your-subject\" \/><\/span> <\/label>\n<\/p>\n<p><label> Poruka<br \/>\n<span class=\"wpcf7-form-control-wrap\" data-name=\"your-message\"><textarea cols=\"40\" rows=\"10\" maxlength=\"2000\" class=\"wpcf7-form-control wpcf7-textarea\" aria-invalid=\"false\" name=\"your-message\"><\/textarea><\/span> <\/label>\n<\/p>\n<p><input class=\"wpcf7-form-control wpcf7-submit has-spinner\" type=\"submit\" value=\"Po\u0161alji\" \/>\n<\/p>\n<div class=\"wpcf7-response-output\" aria-hidden=\"true\"><\/div>\n<\/form>\n<\/div>\n[\/vc_column][\/vc_row][vc_row full_width=&#8220;stretch_row&#8220; css=&#8220;.vc_custom_1538055710649{background-color: #a5c24b !important;}&#8220;][vc_column][vc_column_text el_class=&#8220;text-white&#8220;]<\/p>\n<p style=\"text-align: center;\">Ne \u017eelite da nam pi\u0161ete? Pogledajte na\u0161u <a style=\"color: black;\" href=\"http:\/\/www.facebok.com\/playmaissrbija\">Facebook<\/a> stranicu ili <a style=\"color: black;\" href=\"https:\/\/www.youtube.com\/channel\/UCEXWM_1jPKeFf4kc39-1ZBA\">YouTube<\/a> kanal.<\/p>\n<p>[\/vc_column_text][\/vc_column][\/vc_row]<\/p>\n","protected":false},"excerpt":{"rendered":"<p>[vc_row][vc_column][vc_custom_heading text=&#8220;Kontakt info&#8220; font_container=&#8220;tag:h2|text_align:center&#8220; use_theme_fonts=&#8220;yes&#8220;][vc_empty_space][vc_column_text] Jedan mali ZEE, veselo skaku\u0107e, skaku\u0107e, Juri preko brda, plovi preko mora, Sa rado\u0161\u0107u skuplja iz celog sveta igra\u010dke, I donosi u Srbiju, ako su ba\u0161 fora. [\/vc_column_text][\/vc_column][\/vc_row][vc_row][vc_column][vc_column_text el_class=&#8220;text-center&#8220;][\/vc_column_text][\/vc_column][\/vc_row][vc_row full_width=&#8220;stretch_row&#8220; content_placement=&#8220;middle&#8220; css=&#8220;.vc_custom_1538055392888{background-color: #dd9933 !important;}&#8220;][vc_column][vc_column_text el_class=&#8220;text-white&#8220;]Mi smo Zeefora, ekskluzivni Playmais distributeri za Srbiju i ljubitelji pametnih igra\u010daka. Ako imate sugestiju, pitanje, &#8230;<\/p>\n","protected":false},"author":1,"featured_media":139,"parent":0,"menu_order":0,"comment_status":"closed","ping_status":"closed","template":"page-templates\/no-title.php","meta":{"_acf_changed":false,"inline_featured_image":false,"_exactmetrics_skip_tracking":false,"_exactmetrics_sitenote_active":false,"_exactmetrics_sitenote_note":"","_exactmetrics_sitenote_category":0,"footnotes":""},"class_list":["post-26","page","type-page","status-publish","has-post-thumbnail","hentry"],"acf":[],"yoast_head":"<!-- This site is optimized with the Yoast SEO plugin v25.4 - https:\/\/yoast.com\/wordpress\/plugins\/seo\/ -->\n<title>Kontakt - Zeefora<\/title>\n<meta name=\"description\" content=\"Zeefora je zvani\u010dni Playmais distributer za teritoriju Republike Srbije\" \/>\n<meta name=\"robots\" content=\"index, follow, max-snippet:-1, max-image-preview:large, max-video-preview:-1\" \/>\n<link rel=\"canonical\" href=\"https:\/\/zeefora.com\/playmais\/kontakt\/\" \/>\n<meta property=\"og:locale\" content=\"sr_RS\" \/>\n<meta property=\"og:type\" content=\"article\" \/>\n<meta property=\"og:title\" content=\"Kontakt - Zeefora\" \/>\n<meta property=\"og:description\" content=\"Zeefora je zvani\u010dni Playmais distributer za teritoriju Republike Srbije\" \/>\n<meta property=\"og:url\" content=\"https:\/\/zeefora.com\/playmais\/kontakt\/\" \/>\n<meta property=\"og:site_name\" content=\"Zeefora\" \/>\n<meta property=\"article:modified_time\" content=\"2022-04-29T09:57:33+00:00\" \/>\n<meta property=\"og:image\" content=\"https:\/\/zeefora.com\/playmais\/wp-content\/uploads\/2018\/09\/2.jpg\" \/>\n\t<meta property=\"og:image:width\" content=\"2000\" \/>\n\t<meta property=\"og:image:height\" content=\"500\" \/>\n\t<meta property=\"og:image:type\" content=\"image\/jpeg\" \/>\n<meta name=\"twitter:card\" content=\"summary_large_image\" \/>\n<meta name=\"twitter:label1\" content=\"\u041f\u0440\u043e\u0446\u0435\u045a\u0435\u043d\u043e \u0432\u0440\u0435\u043c\u0435 \u0447\u0438\u0442\u0430\u045a\u0430\" \/>\n\t<meta name=\"twitter:data1\" content=\"1 \u043c\u0438\u043d\u0443\u0442\" \/>\n<script type=\"application\/ld+json\" class=\"yoast-schema-graph\">{\"@context\":\"https:\/\/schema.org\",\"@graph\":[{\"@type\":\"WebPage\",\"@id\":\"https:\/\/zeefora.com\/playmais\/kontakt\/\",\"url\":\"https:\/\/zeefora.com\/playmais\/kontakt\/\",\"name\":\"Kontakt - Zeefora\",\"isPartOf\":{\"@id\":\"https:\/\/zeefora.com\/playmais\/#website\"},\"primaryImageOfPage\":{\"@id\":\"https:\/\/zeefora.com\/playmais\/kontakt\/#primaryimage\"},\"image\":{\"@id\":\"https:\/\/zeefora.com\/playmais\/kontakt\/#primaryimage\"},\"thumbnailUrl\":\"https:\/\/zeefora.com\/playmais\/wp-content\/uploads\/2018\/09\/2.jpg\",\"datePublished\":\"2018-08-29T16:02:11+00:00\",\"dateModified\":\"2022-04-29T09:57:33+00:00\",\"description\":\"Zeefora je zvani\u010dni Playmais distributer za teritoriju Republike Srbije\",\"breadcrumb\":{\"@id\":\"https:\/\/zeefora.com\/playmais\/kontakt\/#breadcrumb\"},\"inLanguage\":\"sr-RS\",\"potentialAction\":[{\"@type\":\"ReadAction\",\"target\":[\"https:\/\/zeefora.com\/playmais\/kontakt\/\"]}]},{\"@type\":\"ImageObject\",\"inLanguage\":\"sr-RS\",\"@id\":\"https:\/\/zeefora.com\/playmais\/kontakt\/#primaryimage\",\"url\":\"https:\/\/zeefora.com\/playmais\/wp-content\/uploads\/2018\/09\/2.jpg\",\"contentUrl\":\"https:\/\/zeefora.com\/playmais\/wp-content\/uploads\/2018\/09\/2.jpg\",\"width\":2000,\"height\":500},{\"@type\":\"BreadcrumbList\",\"@id\":\"https:\/\/zeefora.com\/playmais\/kontakt\/#breadcrumb\",\"itemListElement\":[{\"@type\":\"ListItem\",\"position\":1,\"name\":\"Home\",\"item\":\"https:\/\/zeefora.com\/playmais\/\"},{\"@type\":\"ListItem\",\"position\":2,\"name\":\"Kontakt\"}]},{\"@type\":\"WebSite\",\"@id\":\"https:\/\/zeefora.com\/playmais\/#website\",\"url\":\"https:\/\/zeefora.com\/playmais\/\",\"name\":\"Zeefora\",\"description\":\"\",\"publisher\":{\"@id\":\"https:\/\/zeefora.com\/playmais\/#organization\"},\"potentialAction\":[{\"@type\":\"SearchAction\",\"target\":{\"@type\":\"EntryPoint\",\"urlTemplate\":\"https:\/\/zeefora.com\/playmais\/?s={search_term_string}\"},\"query-input\":{\"@type\":\"PropertyValueSpecification\",\"valueRequired\":true,\"valueName\":\"search_term_string\"}}],\"inLanguage\":\"sr-RS\"},{\"@type\":\"Organization\",\"@id\":\"https:\/\/zeefora.com\/playmais\/#organization\",\"name\":\"Zeefora\",\"url\":\"https:\/\/zeefora.com\/playmais\/\",\"logo\":{\"@type\":\"ImageObject\",\"inLanguage\":\"sr-RS\",\"@id\":\"https:\/\/zeefora.com\/playmais\/#\/schema\/logo\/image\/\",\"url\":\"https:\/\/zeefora.com\/playmais\/wp-content\/uploads\/2018\/08\/PlayMais_Logo_sm.png\",\"contentUrl\":\"https:\/\/zeefora.com\/playmais\/wp-content\/uploads\/2018\/08\/PlayMais_Logo_sm.png\",\"width\":278,\"height\":94,\"caption\":\"Zeefora\"},\"image\":{\"@id\":\"https:\/\/zeefora.com\/playmais\/#\/schema\/logo\/image\/\"}}]}<\/script>\n<!-- \/ Yoast SEO plugin. -->","yoast_head_json":{"title":"Kontakt - Zeefora","description":"Zeefora je zvani\u010dni Playmais distributer za teritoriju Republike Srbije","robots":{"index":"index","follow":"follow","max-snippet":"max-snippet:-1","max-image-preview":"max-image-preview:large","max-video-preview":"max-video-preview:-1"},"canonical":"https:\/\/zeefora.com\/playmais\/kontakt\/","og_locale":"sr_RS","og_type":"article","og_title":"Kontakt - Zeefora","og_description":"Zeefora je zvani\u010dni Playmais distributer za teritoriju Republike Srbije","og_url":"https:\/\/zeefora.com\/playmais\/kontakt\/","og_site_name":"Zeefora","article_modified_time":"2022-04-29T09:57:33+00:00","og_image":[{"width":2000,"height":500,"url":"https:\/\/zeefora.com\/playmais\/wp-content\/uploads\/2018\/09\/2.jpg","type":"image\/jpeg"}],"twitter_card":"summary_large_image","twitter_misc":{"\u041f\u0440\u043e\u0446\u0435\u045a\u0435\u043d\u043e \u0432\u0440\u0435\u043c\u0435 \u0447\u0438\u0442\u0430\u045a\u0430":"1 \u043c\u0438\u043d\u0443\u0442"},"schema":{"@context":"https:\/\/schema.org","@graph":[{"@type":"WebPage","@id":"https:\/\/zeefora.com\/playmais\/kontakt\/","url":"https:\/\/zeefora.com\/playmais\/kontakt\/","name":"Kontakt - Zeefora","isPartOf":{"@id":"https:\/\/zeefora.com\/playmais\/#website"},"primaryImageOfPage":{"@id":"https:\/\/zeefora.com\/playmais\/kontakt\/#primaryimage"},"image":{"@id":"https:\/\/zeefora.com\/playmais\/kontakt\/#primaryimage"},"thumbnailUrl":"https:\/\/zeefora.com\/playmais\/wp-content\/uploads\/2018\/09\/2.jpg","datePublished":"2018-08-29T16:02:11+00:00","dateModified":"2022-04-29T09:57:33+00:00","description":"Zeefora je zvani\u010dni Playmais distributer za teritoriju Republike Srbije","breadcrumb":{"@id":"https:\/\/zeefora.com\/playmais\/kontakt\/#breadcrumb"},"inLanguage":"sr-RS","potentialAction":[{"@type":"ReadAction","target":["https:\/\/zeefora.com\/playmais\/kontakt\/"]}]},{"@type":"ImageObject","inLanguage":"sr-RS","@id":"https:\/\/zeefora.com\/playmais\/kontakt\/#primaryimage","url":"https:\/\/zeefora.com\/playmais\/wp-content\/uploads\/2018\/09\/2.jpg","contentUrl":"https:\/\/zeefora.com\/playmais\/wp-content\/uploads\/2018\/09\/2.jpg","width":2000,"height":500},{"@type":"BreadcrumbList","@id":"https:\/\/zeefora.com\/playmais\/kontakt\/#breadcrumb","itemListElement":[{"@type":"ListItem","position":1,"name":"Home","item":"https:\/\/zeefora.com\/playmais\/"},{"@type":"ListItem","position":2,"name":"Kontakt"}]},{"@type":"WebSite","@id":"https:\/\/zeefora.com\/playmais\/#website","url":"https:\/\/zeefora.com\/playmais\/","name":"Zeefora","description":"","publisher":{"@id":"https:\/\/zeefora.com\/playmais\/#organization"},"potentialAction":[{"@type":"SearchAction","target":{"@type":"EntryPoint","urlTemplate":"https:\/\/zeefora.com\/playmais\/?s={search_term_string}"},"query-input":{"@type":"PropertyValueSpecification","valueRequired":true,"valueName":"search_term_string"}}],"inLanguage":"sr-RS"},{"@type":"Organization","@id":"https:\/\/zeefora.com\/playmais\/#organization","name":"Zeefora","url":"https:\/\/zeefora.com\/playmais\/","logo":{"@type":"ImageObject","inLanguage":"sr-RS","@id":"https:\/\/zeefora.com\/playmais\/#\/schema\/logo\/image\/","url":"https:\/\/zeefora.com\/playmais\/wp-content\/uploads\/2018\/08\/PlayMais_Logo_sm.png","contentUrl":"https:\/\/zeefora.com\/playmais\/wp-content\/uploads\/2018\/08\/PlayMais_Logo_sm.png","width":278,"height":94,"caption":"Zeefora"},"image":{"@id":"https:\/\/zeefora.com\/playmais\/#\/schema\/logo\/image\/"}}]}},"_links":{"self":[{"href":"https:\/\/zeefora.com\/playmais\/wp-json\/wp\/v2\/pages\/26"}],"collection":[{"href":"https:\/\/zeefora.com\/playmais\/wp-json\/wp\/v2\/pages"}],"about":[{"href":"https:\/\/zeefora.com\/playmais\/wp-json\/wp\/v2\/types\/page"}],"author":[{"embeddable":true,"href":"https:\/\/zeefora.com\/playmais\/wp-json\/wp\/v2\/users\/1"}],"replies":[{"embeddable":true,"href":"https:\/\/zeefora.com\/playmais\/wp-json\/wp\/v2\/comments?post=26"}],"version-history":[{"count":12,"href":"https:\/\/zeefora.com\/playmais\/wp-json\/wp\/v2\/pages\/26\/revisions"}],"predecessor-version":[{"id":14214,"href":"https:\/\/zeefora.com\/playmais\/wp-json\/wp\/v2\/pages\/26\/revisions\/14214"}],"wp:featuredmedia":[{"embeddable":true,"href":"https:\/\/zeefora.com\/playmais\/wp-json\/wp\/v2\/media\/139"}],"wp:attachment":[{"href":"https:\/\/zeefora.com\/playmais\/wp-json\/wp\/v2\/media?parent=26"}],"curies":[{"name":"wp","href":"https:\/\/api.w.org\/{rel}","templated":true}]}}