{"id":40,"date":"2018-09-27T11:02:55","date_gmt":"2018-09-27T09:02:55","guid":{"rendered":"https:\/\/zeefora.com\/playmais\/?page_id=40"},"modified":"2022-04-29T12:07:04","modified_gmt":"2022-04-29T10:07:04","slug":"poklon-za-dete-i-roditelje","status":"publish","type":"page","link":"https:\/\/zeefora.com\/playmais\/poklon-za-dete-i-roditelje\/","title":{"rendered":"Poklon za dete i roditelje"},"content":{"rendered":"<p>[vc_row][vc_column][vc_column_text]<\/p>\n<h1 style=\"text-align: center;\">Poklon za dete<\/h1>\n<h5 style=\"text-align: center;\">batu, seku, mamu, tatu, baku, tetku i po nekog deku<\/h5>\n<p>[\/vc_column_text][\/vc_column][\/vc_row][vc_row equal_height=&#8220;yes&#8220; content_placement=&#8220;middle&#8220;][vc_column][vc_column_text]Kao poklon za dete za igru kod ku\u0107e <strong>Playmais<\/strong> edukativna igra\u010dka postoji u 2 kolekcije: <strong>CLASSIC<\/strong> i <strong>MOSAIC<\/strong>.[\/vc_column_text][vc_single_image image=&#8220;128&#8243; img_size=&#8220;large&#8220; alignment=&#8220;center&#8220;][vc_column_text]PlayMais\u00ae <strong>CLASSIC<\/strong> omogu\u0107ava pravljenje 3D oblika po \u017eelji. Poklon za dete uzrasta od 3 godine. Idealna kolekcija za upoznavanje sa Playmais svetom i razvoj kreativnosti. Figure se mogu praviti pra\u0107enjem instrukcija, ali i samostalno u skladu sa interesovanjima.<\/p>\n<p>&nbsp;<\/p>\n<p>PlayMais\u00ae <strong>MOSAIC<\/strong> komadi\u0107i su manji od CLASSIC delova i dolaze u pakovanjima sa raznobojnim zabavnim karticama (sa ozna\u010denim mestima za lepljenje delova) razli\u010dite tematike koje slu\u017ee za pravljenje mozaika. Pogodan poklon za dete starije od 3 godine.[\/vc_column_text][\/vc_column][\/vc_row][vc_row full_width=&#8220;stretch_row&#8220; content_placement=&#8220;middle&#8220; css=&#8220;.vc_custom_1538076443581{background-color: #62a55c !important;}&#8220; el_id=&#8220;classic&#8220;][vc_column][vc_column_text el_class=&#8220;text-white text-center&#8220;]Kolekcija<\/p>\n<h2>PLAYMAIS CLASSIC<\/h2>\n<p>ve\u0107i deli\u0107i podeljeni u razli\u010dite kategorije po veli\u010dini i temama[\/vc_column_text][\/vc_column][\/vc_row][vc_row el_id=&#8220;basic&#8220;][vc_column width=&#8220;5\/12&#8243;][vc_column_text]<\/p>\n<div class=\"collection right-radius classic-basic\">CLASSIC Basic <span class=\"recommended-age\">3<sup>+<\/sup><\/span><\/div>\n<p>[\/vc_column_text][\/vc_column][vc_column width=&#8220;7\/12&#8243;][\/vc_column][\/vc_row][vc_row][vc_column][vc_column_text]<strong>BASIC<\/strong> je osnovni model CLASSIC kolekcije dostupan u 3 veli\u010dine: <strong>S<\/strong> (malo), <strong>M<\/strong> (srednje) i <strong>XL<\/strong> (jumbo) pakovanje. Sadr\u017ei raznobojne Playmais delove i priru\u010dnik sa idejama za rad. Pravi izbor za kreativne mali\u0161ane, pravljenje figurica, dekorisanje omiljenih predmeta, dopunu drugih setova kada se Playmais komadi\u0107i potro\u0161e i originalan poklon za ma\u0161tovitu decu.[\/vc_column_text][\/vc_column][\/vc_row][vc_row][vc_column][vc_single_image image=&#8220;14024&#8243; img_size=&#8220;full&#8220; add_caption=&#8220;yes&#8220; alignment=&#8220;center&#8220;][\/vc_column][\/vc_row][vc_row el_id=&#8220;one&#8220;][vc_column width=&#8220;7\/12&#8243;][\/vc_column][vc_column width=&#8220;5\/12&#8243;][vc_column_text]<\/p>\n<div class=\"collection left-radius classic-one\">CLASSIC ONE <span class=\"recommended-age\">3<sup>+<\/sup><\/span><\/div>\n<p>[\/vc_column_text][\/vc_column][\/vc_row][vc_row][vc_column][vc_column_text]<strong>ONE<\/strong> je mini model CLASSIC kolekcije idealan za po\u010detnike i kolekcionare. Svako pakovanje sadr\u017ei preko 70 delova dovoljnih za pravljenje <strong>1 FIGURE<\/strong>. Komadi\u0107i koji ostanu kao vi\u0161ak mogu se iskoristiti za dekorisanje predmeta, pravljenje \u010destitki ili oblika po \u017eelji.[\/vc_column_text][\/vc_column][\/vc_row][vc_row][vc_column][vc_single_image image=&#8220;14027&#8243; img_size=&#8220;full&#8220; add_caption=&#8220;yes&#8220; alignment=&#8220;center&#8220;][\/vc_column][\/vc_row][vc_row el_id=&#8220;fun-to-learn&#8220;][vc_column width=&#8220;5\/12&#8243;][vc_column_text]<\/p>\n<div class=\"collection right-radius classic-fun-learn\">CLASSIC FTL i FTP <span class=\"recommended-age\">3<sup>+<\/sup><\/span><\/div>\n<p>[\/vc_column_text][\/vc_column][vc_column width=&#8220;7\/12&#8243;][\/vc_column][\/vc_row][vc_row][vc_column][vc_column_text]<strong>FUN TO LEARN<\/strong> je model CLASSIC kolekcije namenjen za u\u010denje kroz igru kod ku\u0107e. Kutije sadr\u017ee oko 550 delova, \u0161tampane kartice za rad i instrukcije.<\/p>\n<p><strong>FUN TO PLAY<\/strong> je model CLASSIC kolekcije namenjen za vi\u0161e\u010dasovnu zabavu. Kutije sadr\u017ee oko 550 Playmais delova, kartone za rad, instrukcije i krpicu. Idealna igra\u010dka za porodice u kojima ima vi\u0161e dece razli\u010ditog uzrasta.[\/vc_column_text][\/vc_column][\/vc_row][vc_row][vc_column][vc_single_image image=&#8220;14029&#8243; img_size=&#8220;full&#8220; add_caption=&#8220;yes&#8220; alignment=&#8220;center&#8220;][\/vc_column][\/vc_row][vc_row el_id=&#8220;world&#8220;][vc_column width=&#8220;7\/12&#8243;][\/vc_column][vc_column width=&#8220;5\/12&#8243;][vc_column_text]<\/p>\n<div class=\"collection left-radius classic-world\">CLASSIC WORLD i 3D <span class=\"recommended-age\">3<sup>+<\/sup><\/span> <span class=\"recommended-age\">5<sup>+<\/sup><\/span><\/div>\n<p>[\/vc_column_text][\/vc_column][\/vc_row][vc_row][vc_column][vc_column_text]<strong>3D<\/strong> je model CLASSIC kolekcije namenjen mali\u0161anima starijim od 5 godina za pravljenje trodimenzionalnih figura. Kutija sadr\u017ei oko 900 Playmais delova, 3 kartonska 3D modela za dekoraciju, instrukcije i krpicu. Idealan ro\u0111endanski poklon.<\/p>\n<p>&nbsp;<\/p>\n<p><strong>WORLD<\/strong> je model CLASSIC kolekcije dostupan iste veli\u010dine kao i 3D, ali umesto\u00a0 kartonskih modela \u017eivotinja sadr\u017ei scenografiju ili kartice. Kutije sadr\u017ee oko 900 Playmais delova, kartone za rad, instrukcije i krpicu. Idealna igra\u010dka za celu porodicu.[\/vc_column_text][\/vc_column][\/vc_row][vc_row equal_height=&#8220;yes&#8220; content_placement=&#8220;middle&#8220;][vc_column][vc_single_image image=&#8220;14032&#8243; img_size=&#8220;full&#8220; add_caption=&#8220;yes&#8220; alignment=&#8220;center&#8220;][\/vc_column][\/vc_row][vc_row][vc_column][vc_empty_space height=&#8220;64px&#8220;][\/vc_column][\/vc_row][vc_row full_width=&#8220;stretch_row&#8220; content_placement=&#8220;middle&#8220; css=&#8220;.vc_custom_1538076519052{background-color: #f24d63 !important;}&#8220; el_id=&#8220;mosaic&#8220;][vc_column][vc_column_text el_class=&#8220;text-white text-center&#8220;]Kolekcija<\/p>\n<h2>PLAYMAIS MOSAIC<\/h2>\n<p>manji deli\u0107i podeljeni u razli\u010dite kategorije po veli\u010dini i temama[\/vc_column_text][\/vc_column][\/vc_row][vc_row][vc_column][vc_single_image image=&#8220;1109&#8243; img_size=&#8220;full&#8220; alignment=&#8220;center&#8220;][\/vc_column][\/vc_row][vc_row el_id=&#8220;little&#8220;][vc_column width=&#8220;5\/12&#8243;][vc_column_text]<\/p>\n<div class=\"collection right-radius mosaic-little\">MOSAIC Little i Dream <span class=\"recommended-age\">3<sup>+<\/sup><\/span><\/div>\n<p>[\/vc_column_text][\/vc_column][vc_column width=&#8220;7\/12&#8243;][\/vc_column][\/vc_row][vc_row][vc_column][vc_column_text]<strong>LITTLE<\/strong> (3+) i <strong>DREAM<\/strong> (5+) su srednja pakovanja MOSAIC kolekcije.Pakovanja imaju oko 2300 delova, 6 kartica za rad, instrukcije i krpicu. Deca u\u010de da spajaju boje i oblike i kreiraju jedinstvene mozaike. Razlika je u veli\u010dini komadi\u0107a i kompleksnosti kartica.<\/p>\n<p>[\/vc_column_text][vc_single_image image=&#8220;14034&#8243; img_size=&#8220;full&#8220; add_caption=&#8220;yes&#8220; alignment=&#8220;center&#8220;][\/vc_column][\/vc_row][vc_row el_id=&#8220;mini&#8220;][vc_column width=&#8220;7\/12&#8243;][\/vc_column][vc_column width=&#8220;5\/12&#8243;][vc_column_text]<\/p>\n<div class=\"collection left-radius mosaic-mini\">MOSAIC MINI\u00a0<span class=\"recommended-age\">3<sup>+<\/sup><\/span><\/div>\n<p>[\/vc_column_text][\/vc_column][\/vc_row][vc_row][vc_column][vc_column_text]<strong>MINI<\/strong> je serija MOSAIC kolekcije idealna za po\u010detnike, malu decu, kolekcionare i ekonomi\u010dan poklon. Pakovanja sadr\u017ee preko 300 delova, 2 kartice za rad, instrukcije i dodatke. Uz mini seriju nastaju lepi, \u0161areni mali mozaici koji se kasnije mogu koristiti kao ukras ili pozivnice i \u010destitke za\u00a0 porodicu i drugare.[\/vc_column_text][\/vc_column][\/vc_row][vc_row][vc_column][vc_single_image image=&#8220;14035&#8243; img_size=&#8220;full&#8220; add_caption=&#8220;yes&#8220; alignment=&#8220;center&#8220;][\/vc_column][\/vc_row][vc_row full_width=&#8220;stretch_row&#8220; content_placement=&#8220;middle&#8220; css=&#8220;.vc_custom_1622033241440{background-color: #1099cc !important;}&#8220;][vc_column][vc_column_text el_class=&#8220;text-white text-center&#8220;]<span style=\"color: #ffffff;\">Za celokupnu ponudu posetite nas na dru\u0161tvenim mre\u017eama, jer pored standardnih setova postoje i limitirane serije i sezonski Playmais proizvodi.<\/span>[\/vc_column_text][\/vc_column][\/vc_row][vc_row][vc_column][vc_column_text]Niste na\u0161li ono \u0161to ste tra\u017eili? Pogledajte kolekciju za <a href=\"https:\/\/zeefora.com\/playmais\/za-skole-i-igraonice\/\">\u0161kole i igraonice.<\/a> Ako imate vi\u0161e od troje dece ili ste pravno lice, mo\u017eda je ovo ba\u0161 kolekcija za vas. Ako niste raspolo\u017eeni za kupovinu, mo\u017eete svratiti na na\u0161 <a href=\"https:\/\/zeefora.com\/playmais\/blog\/\">BLOG<\/a> i pro\u010ditati neke od zanimljivih \u010dlanaka o odrastanju, vaspitanju i kreativnoj igri.<\/p>\n<p>Ako ve\u0107 znate \u0161ta je Playmais edukativna igra\u010dka i imate je, mo\u017eete se prijaviti za besplatnu <strong>Knjigu sa idejama za rad sa Playmais-om <\/strong>(pogledaj dole).[\/vc_column_text][\/vc_column][\/vc_row][vc_row][vc_column width=&#8220;1\/2&#8243;][vc_single_image image=&#8220;1209&#8243; img_size=&#8220;full&#8220;][\/vc_column][vc_column width=&#8220;1\/2&#8243;][vc_column_text]<script>(function() {\n\twindow.mc4wp = window.mc4wp || {\n\t\tlisteners: [],\n\t\tforms: {\n\t\t\ton: function(evt, cb) {\n\t\t\t\twindow.mc4wp.listeners.push(\n\t\t\t\t\t{\n\t\t\t\t\t\tevent   : evt,\n\t\t\t\t\t\tcallback: cb\n\t\t\t\t\t}\n\t\t\t\t);\n\t\t\t}\n\t\t}\n\t}\n})();\n<\/script><!-- Mailchimp for WordPress v4.12.1 - https:\/\/wordpress.org\/plugins\/mailchimp-for-wp\/ --><form id=\"mc4wp-form-1\" class=\"mc4wp-form mc4wp-form-1193\" method=\"post\" data-id=\"1193\" data-name=\"Brosura1\" ><div class=\"mc4wp-form-fields\"><label>Unesite va\u0161e ime: <\/label><br>\r\n<input type=\"text\" name=\"IME\" placeholder=\"Va\u0161e ime\" class=\"form-control\" required \/><br>\r\n  \r\n<label>E-mail adresa: <\/label><br>\r\n<input type=\"email\" name=\"EMAIL\" placeholder=\"Va\u0161a e-mejl adresa\" class=\"form-control\" required \/><br>\r\n\r\n<input type=\"submit\" value=\"Prijavi se\" class=\"btn btn-primary\" style=\"width:100%;    background-color: green; color: white;\"\/>\r\n<\/div><label style=\"display: none !important;\">Leave this field empty if you're human: <input type=\"text\" name=\"_mc4wp_honeypot\" value=\"\" tabindex=\"-1\" autocomplete=\"off\" \/><\/label><input type=\"hidden\" name=\"_mc4wp_timestamp\" value=\"1777618963\" \/><input type=\"hidden\" name=\"_mc4wp_form_id\" value=\"1193\" \/><input type=\"hidden\" name=\"_mc4wp_form_element_id\" value=\"mc4wp-form-1\" \/><div class=\"mc4wp-response\"><\/div><\/form><!-- \/ Mailchimp for WordPress Plugin -->[\/vc_column_text][\/vc_column][\/vc_row][vc_row][vc_column][vc_column_text]<\/p>\n<p style=\"text-align: center;\">Imate dodatna pitanja? Slobodno nas <a href=\"https:\/\/zeefora.com\/playmais\/kontakt\/\">kontaktirajte<\/a>. Novitete mo\u017eete pratiti na na\u0161im dru\u0161tvenim mre\u017eama\u00a0<a href=\"https:\/\/www.facebook.com\/playmaissrbija\">Facebook<\/a>\u00a0i\u00a0<a href=\"https:\/\/www.instagram.com\/playmaissrbija\">Instagram<\/a>, na\u0161em sajtu ili direktno na sajtu\u00a0<a href=\"https:\/\/www.playmais.com\/\">proizvo\u0111a\u010da<\/a>.<\/p>\n<p style=\"text-align: center;\">Ako ipak napu\u0161tate sajt, \u017eelimo Vam prijatan dan i svratite nam opet.<\/p>\n<p>[\/vc_column_text][\/vc_column][\/vc_row]<\/p>\n","protected":false},"excerpt":{"rendered":"<p>[vc_row][vc_column][vc_column_text] Poklon za dete batu, seku, mamu, tatu, baku, tetku i po nekog deku [\/vc_column_text][\/vc_column][\/vc_row][vc_row equal_height=&#8220;yes&#8220; content_placement=&#8220;middle&#8220;][vc_column][vc_column_text]Kao poklon za dete za igru kod ku\u0107e Playmais edukativna igra\u010dka postoji u 2 kolekcije: CLASSIC i MOSAIC.[\/vc_column_text][vc_single_image image=&#8220;128&#8243; img_size=&#8220;large&#8220; alignment=&#8220;center&#8220;][vc_column_text]PlayMais\u00ae CLASSIC omogu\u0107ava pravljenje 3D oblika po \u017eelji. Poklon za dete uzrasta od 3 godine. Idealna kolekcija za upoznavanje &#8230;<\/p>\n","protected":false},"author":1,"featured_media":132,"parent":0,"menu_order":0,"comment_status":"closed","ping_status":"closed","template":"page-templates\/no-title.php","meta":{"_acf_changed":false,"inline_featured_image":false,"_exactmetrics_skip_tracking":false,"_exactmetrics_sitenote_active":false,"_exactmetrics_sitenote_note":"","_exactmetrics_sitenote_category":0,"footnotes":""},"class_list":["post-40","page","type-page","status-publish","has-post-thumbnail","hentry"],"acf":[],"yoast_head":"<!-- This site is optimized with the Yoast SEO plugin v25.4 - https:\/\/yoast.com\/wordpress\/plugins\/seo\/ -->\n<title>Poklon za dete i roditelje - Zeefora<\/title>\n<meta name=\"description\" content=\"Ba\u0161 dobar poklon za dete! Playmais edukativna igra\u010dka u kolekciji classic za pravljenje 2D i 3D oblika i mosaic za pravljenje mozaika.\" \/>\n<meta name=\"robots\" content=\"index, follow, max-snippet:-1, max-image-preview:large, max-video-preview:-1\" \/>\n<link rel=\"canonical\" href=\"https:\/\/zeefora.com\/playmais\/poklon-za-dete-i-roditelje\/\" \/>\n<meta property=\"og:locale\" content=\"sr_RS\" \/>\n<meta property=\"og:type\" content=\"article\" \/>\n<meta property=\"og:title\" content=\"Poklon za dete i roditelje - Zeefora\" \/>\n<meta property=\"og:description\" content=\"Ba\u0161 dobar poklon za dete! Playmais edukativna igra\u010dka u kolekciji classic za pravljenje 2D i 3D oblika i mosaic za pravljenje mozaika.\" \/>\n<meta property=\"og:url\" content=\"https:\/\/zeefora.com\/playmais\/poklon-za-dete-i-roditelje\/\" \/>\n<meta property=\"og:site_name\" content=\"Zeefora\" \/>\n<meta property=\"article:modified_time\" content=\"2022-04-29T10:07:04+00:00\" \/>\n<meta property=\"og:image\" content=\"https:\/\/zeefora.com\/playmais\/wp-content\/uploads\/2018\/09\/3.jpg\" \/>\n\t<meta property=\"og:image:width\" content=\"2000\" \/>\n\t<meta property=\"og:image:height\" content=\"500\" \/>\n\t<meta property=\"og:image:type\" content=\"image\/jpeg\" \/>\n<meta name=\"twitter:card\" content=\"summary_large_image\" \/>\n<meta name=\"twitter:label1\" content=\"\u041f\u0440\u043e\u0446\u0435\u045a\u0435\u043d\u043e \u0432\u0440\u0435\u043c\u0435 \u0447\u0438\u0442\u0430\u045a\u0430\" \/>\n\t<meta name=\"twitter:data1\" content=\"6 \u043c\u0438\u043d\u0443\u0442\u0430\" \/>\n<script type=\"application\/ld+json\" class=\"yoast-schema-graph\">{\"@context\":\"https:\/\/schema.org\",\"@graph\":[{\"@type\":\"WebPage\",\"@id\":\"https:\/\/zeefora.com\/playmais\/poklon-za-dete-i-roditelje\/\",\"url\":\"https:\/\/zeefora.com\/playmais\/poklon-za-dete-i-roditelje\/\",\"name\":\"Poklon za dete i roditelje - Zeefora\",\"isPartOf\":{\"@id\":\"https:\/\/zeefora.com\/playmais\/#website\"},\"primaryImageOfPage\":{\"@id\":\"https:\/\/zeefora.com\/playmais\/poklon-za-dete-i-roditelje\/#primaryimage\"},\"image\":{\"@id\":\"https:\/\/zeefora.com\/playmais\/poklon-za-dete-i-roditelje\/#primaryimage\"},\"thumbnailUrl\":\"https:\/\/zeefora.com\/playmais\/wp-content\/uploads\/2018\/09\/3.jpg\",\"datePublished\":\"2018-09-27T09:02:55+00:00\",\"dateModified\":\"2022-04-29T10:07:04+00:00\",\"description\":\"Ba\u0161 dobar poklon za dete! Playmais edukativna igra\u010dka u kolekciji classic za pravljenje 2D i 3D oblika i mosaic za pravljenje mozaika.\",\"breadcrumb\":{\"@id\":\"https:\/\/zeefora.com\/playmais\/poklon-za-dete-i-roditelje\/#breadcrumb\"},\"inLanguage\":\"sr-RS\",\"potentialAction\":[{\"@type\":\"ReadAction\",\"target\":[\"https:\/\/zeefora.com\/playmais\/poklon-za-dete-i-roditelje\/\"]}]},{\"@type\":\"ImageObject\",\"inLanguage\":\"sr-RS\",\"@id\":\"https:\/\/zeefora.com\/playmais\/poklon-za-dete-i-roditelje\/#primaryimage\",\"url\":\"https:\/\/zeefora.com\/playmais\/wp-content\/uploads\/2018\/09\/3.jpg\",\"contentUrl\":\"https:\/\/zeefora.com\/playmais\/wp-content\/uploads\/2018\/09\/3.jpg\",\"width\":2000,\"height\":500},{\"@type\":\"BreadcrumbList\",\"@id\":\"https:\/\/zeefora.com\/playmais\/poklon-za-dete-i-roditelje\/#breadcrumb\",\"itemListElement\":[{\"@type\":\"ListItem\",\"position\":1,\"name\":\"Home\",\"item\":\"https:\/\/zeefora.com\/playmais\/\"},{\"@type\":\"ListItem\",\"position\":2,\"name\":\"Poklon za dete i roditelje\"}]},{\"@type\":\"WebSite\",\"@id\":\"https:\/\/zeefora.com\/playmais\/#website\",\"url\":\"https:\/\/zeefora.com\/playmais\/\",\"name\":\"Zeefora\",\"description\":\"\",\"publisher\":{\"@id\":\"https:\/\/zeefora.com\/playmais\/#organization\"},\"potentialAction\":[{\"@type\":\"SearchAction\",\"target\":{\"@type\":\"EntryPoint\",\"urlTemplate\":\"https:\/\/zeefora.com\/playmais\/?s={search_term_string}\"},\"query-input\":{\"@type\":\"PropertyValueSpecification\",\"valueRequired\":true,\"valueName\":\"search_term_string\"}}],\"inLanguage\":\"sr-RS\"},{\"@type\":\"Organization\",\"@id\":\"https:\/\/zeefora.com\/playmais\/#organization\",\"name\":\"Zeefora\",\"url\":\"https:\/\/zeefora.com\/playmais\/\",\"logo\":{\"@type\":\"ImageObject\",\"inLanguage\":\"sr-RS\",\"@id\":\"https:\/\/zeefora.com\/playmais\/#\/schema\/logo\/image\/\",\"url\":\"https:\/\/zeefora.com\/playmais\/wp-content\/uploads\/2018\/08\/PlayMais_Logo_sm.png\",\"contentUrl\":\"https:\/\/zeefora.com\/playmais\/wp-content\/uploads\/2018\/08\/PlayMais_Logo_sm.png\",\"width\":278,\"height\":94,\"caption\":\"Zeefora\"},\"image\":{\"@id\":\"https:\/\/zeefora.com\/playmais\/#\/schema\/logo\/image\/\"}}]}<\/script>\n<!-- \/ Yoast SEO plugin. -->","yoast_head_json":{"title":"Poklon za dete i roditelje - Zeefora","description":"Ba\u0161 dobar poklon za dete! Playmais edukativna igra\u010dka u kolekciji classic za pravljenje 2D i 3D oblika i mosaic za pravljenje mozaika.","robots":{"index":"index","follow":"follow","max-snippet":"max-snippet:-1","max-image-preview":"max-image-preview:large","max-video-preview":"max-video-preview:-1"},"canonical":"https:\/\/zeefora.com\/playmais\/poklon-za-dete-i-roditelje\/","og_locale":"sr_RS","og_type":"article","og_title":"Poklon za dete i roditelje - Zeefora","og_description":"Ba\u0161 dobar poklon za dete! Playmais edukativna igra\u010dka u kolekciji classic za pravljenje 2D i 3D oblika i mosaic za pravljenje mozaika.","og_url":"https:\/\/zeefora.com\/playmais\/poklon-za-dete-i-roditelje\/","og_site_name":"Zeefora","article_modified_time":"2022-04-29T10:07:04+00:00","og_image":[{"width":2000,"height":500,"url":"https:\/\/zeefora.com\/playmais\/wp-content\/uploads\/2018\/09\/3.jpg","type":"image\/jpeg"}],"twitter_card":"summary_large_image","twitter_misc":{"\u041f\u0440\u043e\u0446\u0435\u045a\u0435\u043d\u043e \u0432\u0440\u0435\u043c\u0435 \u0447\u0438\u0442\u0430\u045a\u0430":"6 \u043c\u0438\u043d\u0443\u0442\u0430"},"schema":{"@context":"https:\/\/schema.org","@graph":[{"@type":"WebPage","@id":"https:\/\/zeefora.com\/playmais\/poklon-za-dete-i-roditelje\/","url":"https:\/\/zeefora.com\/playmais\/poklon-za-dete-i-roditelje\/","name":"Poklon za dete i roditelje - Zeefora","isPartOf":{"@id":"https:\/\/zeefora.com\/playmais\/#website"},"primaryImageOfPage":{"@id":"https:\/\/zeefora.com\/playmais\/poklon-za-dete-i-roditelje\/#primaryimage"},"image":{"@id":"https:\/\/zeefora.com\/playmais\/poklon-za-dete-i-roditelje\/#primaryimage"},"thumbnailUrl":"https:\/\/zeefora.com\/playmais\/wp-content\/uploads\/2018\/09\/3.jpg","datePublished":"2018-09-27T09:02:55+00:00","dateModified":"2022-04-29T10:07:04+00:00","description":"Ba\u0161 dobar poklon za dete! Playmais edukativna igra\u010dka u kolekciji classic za pravljenje 2D i 3D oblika i mosaic za pravljenje mozaika.","breadcrumb":{"@id":"https:\/\/zeefora.com\/playmais\/poklon-za-dete-i-roditelje\/#breadcrumb"},"inLanguage":"sr-RS","potentialAction":[{"@type":"ReadAction","target":["https:\/\/zeefora.com\/playmais\/poklon-za-dete-i-roditelje\/"]}]},{"@type":"ImageObject","inLanguage":"sr-RS","@id":"https:\/\/zeefora.com\/playmais\/poklon-za-dete-i-roditelje\/#primaryimage","url":"https:\/\/zeefora.com\/playmais\/wp-content\/uploads\/2018\/09\/3.jpg","contentUrl":"https:\/\/zeefora.com\/playmais\/wp-content\/uploads\/2018\/09\/3.jpg","width":2000,"height":500},{"@type":"BreadcrumbList","@id":"https:\/\/zeefora.com\/playmais\/poklon-za-dete-i-roditelje\/#breadcrumb","itemListElement":[{"@type":"ListItem","position":1,"name":"Home","item":"https:\/\/zeefora.com\/playmais\/"},{"@type":"ListItem","position":2,"name":"Poklon za dete i roditelje"}]},{"@type":"WebSite","@id":"https:\/\/zeefora.com\/playmais\/#website","url":"https:\/\/zeefora.com\/playmais\/","name":"Zeefora","description":"","publisher":{"@id":"https:\/\/zeefora.com\/playmais\/#organization"},"potentialAction":[{"@type":"SearchAction","target":{"@type":"EntryPoint","urlTemplate":"https:\/\/zeefora.com\/playmais\/?s={search_term_string}"},"query-input":{"@type":"PropertyValueSpecification","valueRequired":true,"valueName":"search_term_string"}}],"inLanguage":"sr-RS"},{"@type":"Organization","@id":"https:\/\/zeefora.com\/playmais\/#organization","name":"Zeefora","url":"https:\/\/zeefora.com\/playmais\/","logo":{"@type":"ImageObject","inLanguage":"sr-RS","@id":"https:\/\/zeefora.com\/playmais\/#\/schema\/logo\/image\/","url":"https:\/\/zeefora.com\/playmais\/wp-content\/uploads\/2018\/08\/PlayMais_Logo_sm.png","contentUrl":"https:\/\/zeefora.com\/playmais\/wp-content\/uploads\/2018\/08\/PlayMais_Logo_sm.png","width":278,"height":94,"caption":"Zeefora"},"image":{"@id":"https:\/\/zeefora.com\/playmais\/#\/schema\/logo\/image\/"}}]}},"_links":{"self":[{"href":"https:\/\/zeefora.com\/playmais\/wp-json\/wp\/v2\/pages\/40"}],"collection":[{"href":"https:\/\/zeefora.com\/playmais\/wp-json\/wp\/v2\/pages"}],"about":[{"href":"https:\/\/zeefora.com\/playmais\/wp-json\/wp\/v2\/types\/page"}],"author":[{"embeddable":true,"href":"https:\/\/zeefora.com\/playmais\/wp-json\/wp\/v2\/users\/1"}],"replies":[{"embeddable":true,"href":"https:\/\/zeefora.com\/playmais\/wp-json\/wp\/v2\/comments?post=40"}],"version-history":[{"count":39,"href":"https:\/\/zeefora.com\/playmais\/wp-json\/wp\/v2\/pages\/40\/revisions"}],"predecessor-version":[{"id":14216,"href":"https:\/\/zeefora.com\/playmais\/wp-json\/wp\/v2\/pages\/40\/revisions\/14216"}],"wp:featuredmedia":[{"embeddable":true,"href":"https:\/\/zeefora.com\/playmais\/wp-json\/wp\/v2\/media\/132"}],"wp:attachment":[{"href":"https:\/\/zeefora.com\/playmais\/wp-json\/wp\/v2\/media?parent=40"}],"curies":[{"name":"wp","href":"https:\/\/api.w.org\/{rel}","templated":true}]}}