{"id":905,"date":"2018-10-04T00:24:10","date_gmt":"2018-10-03T22:24:10","guid":{"rendered":"https:\/\/zeefora.com\/playmais\/?page_id=905"},"modified":"2018-10-13T20:09:21","modified_gmt":"2018-10-13T18:09:21","slug":"politika-privatnosti","status":"publish","type":"page","link":"https:\/\/zeefora.com\/playmais\/politika-privatnosti\/","title":{"rendered":"Politika privatnosti"},"content":{"rendered":"<p>&nbsp;<\/p>\n<p>Zeefora se obvezuje da ne\u0107e zloupotrebljavati li\u010dne podatke iz obrasca narud\u017ebe. Li\u010dnim podacima smatraju se svi podaci kojima se utvr\u0111uje identitet Kupca (kao \u0161to su ime i prezime, adresa e-po\u0161te, adresa stanovanja i sl.).<\/p>\n<p>Li\u010dni podaci Kupca ne\u0107e biti dostavljani tre\u0107im licima, osim u slu\u010dajevima u kojima tako izri\u010dito propisuje zakon te u slu\u010dajevima kada je to potrebno za ispunjenje obaveza. Svi podaci o Kupcima strogo se \u010duvaju i dostupni su samo onima kojima su ti podaci nu\u017eni za obavljanje posla.<\/p>\n<p>Zeefora se obavezuje da \u0107e pru\u017eati za\u0161titu li\u010dnim podacima Kupaca na na\u010din da prikuplja samo osnovne podatke koji su nu\u017eni za ispunjenje obaveza.<\/p>\n<p>Podatke koji se pristupom na internet stranicu automatski bele\u017ee, a nisu li\u010dni podaci (vrste pretra\u017eiva\u010da, broj poseta, vreme provedeno na stranicama i sl.) koristimo isklju\u010divo <em>radi ocene pose\u0107enosti internet stranice i pobolj\u0161anja njenog sadr\u017eaja i funkcionalnosti.<\/em><\/p>\n<p>Stranica zeefora.com koristi <em>Internet kola\u010di\u0107e<\/em> (Cookies). Internet kola\u010di\u0107 je mala datoteka koju Web stranica ili e-mail poruka \u0161alje Va\u0161em Internet \u010dita\u010du, koji ga onda mo\u017ee sa\u010duvati na Va\u0161em hard disku. Na\u0161e Web stranice i e-mail poruke koriste Internet kola\u010di\u0107e kako bi maksimalno personalizovali proceduru kupovine na na\u0161im Web stranicama. Kola\u010di\u0107 simulira neprekidnu konekciju. Oni omogu\u0107avaju \u010duvanje informacija o Va\u0161im pode\u0161avanjima i sesijama i dozvoljava pristup Web stranicama bez ponovne personalizacije.<\/p>\n<p>Na\u0161 Web server automatski sakuplja informacije kao \u0161to su adresa (URL) Web stranice sa koje ste do\u0161li, koje stranice ste posetili na na\u0161oj Internet prezentaciji, koji Web \u010dita\u010d koristite za pregled na\u0161ih Web stranica i ostale statisti\u010dke podatke koji <em>nam poma\u017eu da shvatimo i razumemo kako posetioci koriste na\u0161e Web stranice<\/em>.<\/p>\n<p>Stranica zeefora.com koristi servise koje obezbe\u0111uju tre\u0107a lica i koja u na\u0161e ime, putem interneta, analiziraju saobra\u0107aj i pose\u0107enost na\u0161ih Web stranica. Na taj na\u010din mogu biti prikupljane anonimne informacije o Va\u0161im posetama na\u0161oj stranici i interakciji sa na\u0161im ogla\u0161avanjima. Za te potrebe se mogu koristiti tehnologije sli\u010dne onima koje smo opisali u prethodnim pasusima, kako bi se izmerila efikasnost ogla\u0161avanja i e-mailova.<\/p>\n","protected":false},"excerpt":{"rendered":"<p>&nbsp; Zeefora se obvezuje da ne\u0107e zloupotrebljavati li\u010dne podatke iz obrasca narud\u017ebe. Li\u010dnim podacima smatraju se svi podaci kojima se utvr\u0111uje identitet Kupca (kao \u0161to su ime i prezime, adresa e-po\u0161te, adresa stanovanja i sl.). Li\u010dni podaci Kupca ne\u0107e biti dostavljani tre\u0107im licima, osim u slu\u010dajevima u kojima tako izri\u010dito propisuje zakon te u slu\u010dajevima &#8230;<\/p>\n","protected":false},"author":1,"featured_media":0,"parent":0,"menu_order":0,"comment_status":"closed","ping_status":"closed","template":"","meta":{"_acf_changed":false,"inline_featured_image":false,"_exactmetrics_skip_tracking":false,"_exactmetrics_sitenote_active":false,"_exactmetrics_sitenote_note":"","_exactmetrics_sitenote_category":0,"footnotes":""},"class_list":["post-905","page","type-page","status-publish","hentry"],"acf":[],"yoast_head":"<!-- This site is optimized with the Yoast SEO plugin v25.4 - https:\/\/yoast.com\/wordpress\/plugins\/seo\/ -->\n<title>Politika privatnosti - Zeefora<\/title>\n<meta name=\"robots\" content=\"index, follow, max-snippet:-1, max-image-preview:large, max-video-preview:-1\" \/>\n<link rel=\"canonical\" href=\"https:\/\/zeefora.com\/playmais\/politika-privatnosti\/\" \/>\n<meta property=\"og:locale\" content=\"sr_RS\" \/>\n<meta property=\"og:type\" content=\"article\" \/>\n<meta property=\"og:title\" content=\"Politika privatnosti - Zeefora\" \/>\n<meta property=\"og:description\" content=\"&nbsp; Zeefora se obvezuje da ne\u0107e zloupotrebljavati li\u010dne podatke iz obrasca narud\u017ebe. Li\u010dnim podacima smatraju se svi podaci kojima se utvr\u0111uje identitet Kupca (kao \u0161to su ime i prezime, adresa e-po\u0161te, adresa stanovanja i sl.). Li\u010dni podaci Kupca ne\u0107e biti dostavljani tre\u0107im licima, osim u slu\u010dajevima u kojima tako izri\u010dito propisuje zakon te u slu\u010dajevima ...\" \/>\n<meta property=\"og:url\" content=\"https:\/\/zeefora.com\/playmais\/politika-privatnosti\/\" \/>\n<meta property=\"og:site_name\" content=\"Zeefora\" \/>\n<meta property=\"article:modified_time\" content=\"2018-10-13T18:09:21+00:00\" \/>\n<meta name=\"twitter:card\" content=\"summary_large_image\" \/>\n<meta name=\"twitter:label1\" content=\"\u041f\u0440\u043e\u0446\u0435\u045a\u0435\u043d\u043e \u0432\u0440\u0435\u043c\u0435 \u0447\u0438\u0442\u0430\u045a\u0430\" \/>\n\t<meta name=\"twitter:data1\" content=\"2 \u043c\u0438\u043d\u0443\u0442\u0430\" \/>\n<script type=\"application\/ld+json\" class=\"yoast-schema-graph\">{\"@context\":\"https:\/\/schema.org\",\"@graph\":[{\"@type\":\"WebPage\",\"@id\":\"https:\/\/zeefora.com\/playmais\/politika-privatnosti\/\",\"url\":\"https:\/\/zeefora.com\/playmais\/politika-privatnosti\/\",\"name\":\"Politika privatnosti - Zeefora\",\"isPartOf\":{\"@id\":\"https:\/\/zeefora.com\/playmais\/#website\"},\"datePublished\":\"2018-10-03T22:24:10+00:00\",\"dateModified\":\"2018-10-13T18:09:21+00:00\",\"breadcrumb\":{\"@id\":\"https:\/\/zeefora.com\/playmais\/politika-privatnosti\/#breadcrumb\"},\"inLanguage\":\"sr-RS\",\"potentialAction\":[{\"@type\":\"ReadAction\",\"target\":[\"https:\/\/zeefora.com\/playmais\/politika-privatnosti\/\"]}]},{\"@type\":\"BreadcrumbList\",\"@id\":\"https:\/\/zeefora.com\/playmais\/politika-privatnosti\/#breadcrumb\",\"itemListElement\":[{\"@type\":\"ListItem\",\"position\":1,\"name\":\"Home\",\"item\":\"https:\/\/zeefora.com\/playmais\/\"},{\"@type\":\"ListItem\",\"position\":2,\"name\":\"Politika privatnosti\"}]},{\"@type\":\"WebSite\",\"@id\":\"https:\/\/zeefora.com\/playmais\/#website\",\"url\":\"https:\/\/zeefora.com\/playmais\/\",\"name\":\"Zeefora\",\"description\":\"\",\"publisher\":{\"@id\":\"https:\/\/zeefora.com\/playmais\/#organization\"},\"potentialAction\":[{\"@type\":\"SearchAction\",\"target\":{\"@type\":\"EntryPoint\",\"urlTemplate\":\"https:\/\/zeefora.com\/playmais\/?s={search_term_string}\"},\"query-input\":{\"@type\":\"PropertyValueSpecification\",\"valueRequired\":true,\"valueName\":\"search_term_string\"}}],\"inLanguage\":\"sr-RS\"},{\"@type\":\"Organization\",\"@id\":\"https:\/\/zeefora.com\/playmais\/#organization\",\"name\":\"Zeefora\",\"url\":\"https:\/\/zeefora.com\/playmais\/\",\"logo\":{\"@type\":\"ImageObject\",\"inLanguage\":\"sr-RS\",\"@id\":\"https:\/\/zeefora.com\/playmais\/#\/schema\/logo\/image\/\",\"url\":\"https:\/\/zeefora.com\/playmais\/wp-content\/uploads\/2018\/08\/PlayMais_Logo_sm.png\",\"contentUrl\":\"https:\/\/zeefora.com\/playmais\/wp-content\/uploads\/2018\/08\/PlayMais_Logo_sm.png\",\"width\":278,\"height\":94,\"caption\":\"Zeefora\"},\"image\":{\"@id\":\"https:\/\/zeefora.com\/playmais\/#\/schema\/logo\/image\/\"}}]}<\/script>\n<!-- \/ Yoast SEO plugin. -->","yoast_head_json":{"title":"Politika privatnosti - Zeefora","robots":{"index":"index","follow":"follow","max-snippet":"max-snippet:-1","max-image-preview":"max-image-preview:large","max-video-preview":"max-video-preview:-1"},"canonical":"https:\/\/zeefora.com\/playmais\/politika-privatnosti\/","og_locale":"sr_RS","og_type":"article","og_title":"Politika privatnosti - Zeefora","og_description":"&nbsp; Zeefora se obvezuje da ne\u0107e zloupotrebljavati li\u010dne podatke iz obrasca narud\u017ebe. Li\u010dnim podacima smatraju se svi podaci kojima se utvr\u0111uje identitet Kupca (kao \u0161to su ime i prezime, adresa e-po\u0161te, adresa stanovanja i sl.). Li\u010dni podaci Kupca ne\u0107e biti dostavljani tre\u0107im licima, osim u slu\u010dajevima u kojima tako izri\u010dito propisuje zakon te u slu\u010dajevima ...","og_url":"https:\/\/zeefora.com\/playmais\/politika-privatnosti\/","og_site_name":"Zeefora","article_modified_time":"2018-10-13T18:09:21+00:00","twitter_card":"summary_large_image","twitter_misc":{"\u041f\u0440\u043e\u0446\u0435\u045a\u0435\u043d\u043e \u0432\u0440\u0435\u043c\u0435 \u0447\u0438\u0442\u0430\u045a\u0430":"2 \u043c\u0438\u043d\u0443\u0442\u0430"},"schema":{"@context":"https:\/\/schema.org","@graph":[{"@type":"WebPage","@id":"https:\/\/zeefora.com\/playmais\/politika-privatnosti\/","url":"https:\/\/zeefora.com\/playmais\/politika-privatnosti\/","name":"Politika privatnosti - Zeefora","isPartOf":{"@id":"https:\/\/zeefora.com\/playmais\/#website"},"datePublished":"2018-10-03T22:24:10+00:00","dateModified":"2018-10-13T18:09:21+00:00","breadcrumb":{"@id":"https:\/\/zeefora.com\/playmais\/politika-privatnosti\/#breadcrumb"},"inLanguage":"sr-RS","potentialAction":[{"@type":"ReadAction","target":["https:\/\/zeefora.com\/playmais\/politika-privatnosti\/"]}]},{"@type":"BreadcrumbList","@id":"https:\/\/zeefora.com\/playmais\/politika-privatnosti\/#breadcrumb","itemListElement":[{"@type":"ListItem","position":1,"name":"Home","item":"https:\/\/zeefora.com\/playmais\/"},{"@type":"ListItem","position":2,"name":"Politika privatnosti"}]},{"@type":"WebSite","@id":"https:\/\/zeefora.com\/playmais\/#website","url":"https:\/\/zeefora.com\/playmais\/","name":"Zeefora","description":"","publisher":{"@id":"https:\/\/zeefora.com\/playmais\/#organization"},"potentialAction":[{"@type":"SearchAction","target":{"@type":"EntryPoint","urlTemplate":"https:\/\/zeefora.com\/playmais\/?s={search_term_string}"},"query-input":{"@type":"PropertyValueSpecification","valueRequired":true,"valueName":"search_term_string"}}],"inLanguage":"sr-RS"},{"@type":"Organization","@id":"https:\/\/zeefora.com\/playmais\/#organization","name":"Zeefora","url":"https:\/\/zeefora.com\/playmais\/","logo":{"@type":"ImageObject","inLanguage":"sr-RS","@id":"https:\/\/zeefora.com\/playmais\/#\/schema\/logo\/image\/","url":"https:\/\/zeefora.com\/playmais\/wp-content\/uploads\/2018\/08\/PlayMais_Logo_sm.png","contentUrl":"https:\/\/zeefora.com\/playmais\/wp-content\/uploads\/2018\/08\/PlayMais_Logo_sm.png","width":278,"height":94,"caption":"Zeefora"},"image":{"@id":"https:\/\/zeefora.com\/playmais\/#\/schema\/logo\/image\/"}}]}},"_links":{"self":[{"href":"https:\/\/zeefora.com\/playmais\/wp-json\/wp\/v2\/pages\/905"}],"collection":[{"href":"https:\/\/zeefora.com\/playmais\/wp-json\/wp\/v2\/pages"}],"about":[{"href":"https:\/\/zeefora.com\/playmais\/wp-json\/wp\/v2\/types\/page"}],"author":[{"embeddable":true,"href":"https:\/\/zeefora.com\/playmais\/wp-json\/wp\/v2\/users\/1"}],"replies":[{"embeddable":true,"href":"https:\/\/zeefora.com\/playmais\/wp-json\/wp\/v2\/comments?post=905"}],"version-history":[{"count":4,"href":"https:\/\/zeefora.com\/playmais\/wp-json\/wp\/v2\/pages\/905\/revisions"}],"predecessor-version":[{"id":1042,"href":"https:\/\/zeefora.com\/playmais\/wp-json\/wp\/v2\/pages\/905\/revisions\/1042"}],"wp:attachment":[{"href":"https:\/\/zeefora.com\/playmais\/wp-json\/wp\/v2\/media?parent=905"}],"curies":[{"name":"wp","href":"https:\/\/api.w.org\/{rel}","templated":true}]}}