{"id":13990,"date":"2021-04-03T13:23:58","date_gmt":"2021-04-03T11:23:58","guid":{"rendered":"https:\/\/zeefora.com\/playmais\/?post_type=product&#038;p=13990"},"modified":"2021-04-03T16:00:14","modified_gmt":"2021-04-03T14:00:14","slug":"jungle-speed","status":"publish","type":"product","link":"https:\/\/zeefora.com\/playmais\/prodavnica\/drustvene-igre\/jungle-speed\/","title":{"rendered":"Jungle Speed"},"content":{"rendered":"","protected":false},"excerpt":{"rendered":"<p>JUNGLE SPEED &#8211; dinami\u010dna dru\u0161tvena igra za celu porodicu i prijatelje. Igra u kojoj se oslanjate na brze reflekse.<\/p>\n<p>Drveni Totem se postavi na sredini stola.<\/p>\n<p>Svim igra\u010dima se podele karte, koje igra\u010di redom otkrivaju. Ukoliko su 2 karte identi\u010dne, igra\u010di ulaze u duel i poku\u0161avaju da uhvate Totem prvi. Najbr\u017ei igra\u010d koji je prvi zgrabio Totem, tada daje svoje karte sporijem igra\u010du.<\/p>\n<p>Pobednik je prvi igra\u010d koji ostane bez karata.<\/p>\n<p><strong>Jungle Speed sadr\u017ei:<\/strong><\/p>\n<p>1x drveni Totem<\/p>\n<p>70x karata<\/p>\n<p>1x organska pamu\u010dna torbica<\/p>\n<p>Pravila igre na srpskom<\/p>\n<p><strong>Sastav:<\/strong><br \/>\nDrvene figure, karte, tkanina<br \/>\nOd 2 do 10 igra\u010da<br \/>\n<strong>Dimenzije<\/strong>: 8.9 \u00d7 21.3 \u00d7 8.9 cm, te\u017eina 0.435kg<br \/>\n<em>Trajanje partije<\/em> oko 15 minuta &#8230;<\/p>\n","protected":false},"featured_media":13991,"menu_order":2,"template":"","meta":{"_acf_changed":false,"inline_featured_image":false,"_exactmetrics_skip_tracking":false,"_exactmetrics_sitenote_active":false,"_exactmetrics_sitenote_note":"","_exactmetrics_sitenote_category":0},"product_brand":[],"product_cat":[51],"product_tag":[],"class_list":{"0":"post-13990","1":"product","2":"type-product","3":"status-publish","4":"has-post-thumbnail","6":"product_cat-drustvene-igre","8":"first","9":"instock","10":"shipping-taxable","11":"purchasable","12":"product-type-simple"},"acf":[],"yoast_head":"<!-- This site is optimized with the Yoast SEO plugin v25.4 - https:\/\/yoast.com\/wordpress\/plugins\/seo\/ -->\n<title>Jungle Speed - Zeefora<\/title>\n<meta name=\"description\" content=\"Jungle Speed - dinami\u010dna i zabavna dru\u0161tvena igra u kojoj nema taktike, nema planiranja i u kojoj svi \u017eele da zgrabe Totem!\" \/>\n<meta name=\"robots\" content=\"index, follow, max-snippet:-1, max-image-preview:large, max-video-preview:-1\" \/>\n<link rel=\"canonical\" href=\"https:\/\/zeefora.com\/playmais\/prodavnica\/drustvene-igre\/jungle-speed\/\" \/>\n<meta property=\"og:locale\" content=\"sr_RS\" \/>\n<meta property=\"og:type\" content=\"article\" \/>\n<meta property=\"og:title\" content=\"Jungle Speed - Zeefora\" \/>\n<meta property=\"og:description\" content=\"Jungle Speed - dinami\u010dna i zabavna dru\u0161tvena igra u kojoj nema taktike, nema planiranja i u kojoj svi \u017eele da zgrabe Totem!\" \/>\n<meta property=\"og:url\" content=\"https:\/\/zeefora.com\/playmais\/prodavnica\/drustvene-igre\/jungle-speed\/\" \/>\n<meta property=\"og:site_name\" content=\"Zeefora\" \/>\n<meta property=\"article:modified_time\" content=\"2021-04-03T14:00:14+00:00\" \/>\n<meta property=\"og:image\" content=\"https:\/\/zeefora.com\/playmais\/wp-content\/uploads\/2021\/04\/drustvena-igra-jungle-speed-najbolje-drustvene-igre-karte-zeefora.jpg\" \/>\n\t<meta property=\"og:image:width\" content=\"312\" \/>\n\t<meta property=\"og:image:height\" content=\"319\" \/>\n\t<meta property=\"og:image:type\" content=\"image\/jpeg\" \/>\n<meta name=\"twitter:card\" content=\"summary_large_image\" \/>\n<script type=\"application\/ld+json\" class=\"yoast-schema-graph\">{\"@context\":\"https:\/\/schema.org\",\"@graph\":[{\"@type\":\"WebPage\",\"@id\":\"https:\/\/zeefora.com\/playmais\/prodavnica\/drustvene-igre\/jungle-speed\/\",\"url\":\"https:\/\/zeefora.com\/playmais\/prodavnica\/drustvene-igre\/jungle-speed\/\",\"name\":\"Jungle Speed - Zeefora\",\"isPartOf\":{\"@id\":\"https:\/\/zeefora.com\/playmais\/#website\"},\"primaryImageOfPage\":{\"@id\":\"https:\/\/zeefora.com\/playmais\/prodavnica\/drustvene-igre\/jungle-speed\/#primaryimage\"},\"image\":{\"@id\":\"https:\/\/zeefora.com\/playmais\/prodavnica\/drustvene-igre\/jungle-speed\/#primaryimage\"},\"thumbnailUrl\":\"https:\/\/zeefora.com\/playmais\/wp-content\/uploads\/2021\/04\/drustvena-igra-jungle-speed-najbolje-drustvene-igre-karte-zeefora.jpg\",\"datePublished\":\"2021-04-03T11:23:58+00:00\",\"dateModified\":\"2021-04-03T14:00:14+00:00\",\"description\":\"Jungle Speed - dinami\u010dna i zabavna dru\u0161tvena igra u kojoj nema taktike, nema planiranja i u kojoj svi \u017eele da zgrabe Totem!\",\"breadcrumb\":{\"@id\":\"https:\/\/zeefora.com\/playmais\/prodavnica\/drustvene-igre\/jungle-speed\/#breadcrumb\"},\"inLanguage\":\"sr-RS\",\"potentialAction\":[{\"@type\":\"ReadAction\",\"target\":[\"https:\/\/zeefora.com\/playmais\/prodavnica\/drustvene-igre\/jungle-speed\/\"]}]},{\"@type\":\"ImageObject\",\"inLanguage\":\"sr-RS\",\"@id\":\"https:\/\/zeefora.com\/playmais\/prodavnica\/drustvene-igre\/jungle-speed\/#primaryimage\",\"url\":\"https:\/\/zeefora.com\/playmais\/wp-content\/uploads\/2021\/04\/drustvena-igra-jungle-speed-najbolje-drustvene-igre-karte-zeefora.jpg\",\"contentUrl\":\"https:\/\/zeefora.com\/playmais\/wp-content\/uploads\/2021\/04\/drustvena-igra-jungle-speed-najbolje-drustvene-igre-karte-zeefora.jpg\",\"width\":312,\"height\":319},{\"@type\":\"BreadcrumbList\",\"@id\":\"https:\/\/zeefora.com\/playmais\/prodavnica\/drustvene-igre\/jungle-speed\/#breadcrumb\",\"itemListElement\":[{\"@type\":\"ListItem\",\"position\":1,\"name\":\"Home\",\"item\":\"https:\/\/zeefora.com\/playmais\/\"},{\"@type\":\"ListItem\",\"position\":2,\"name\":\"Proizvodi\",\"item\":\"https:\/\/zeefora.com\/playmais\/shop\/\"},{\"@type\":\"ListItem\",\"position\":3,\"name\":\"Jungle Speed\"}]},{\"@type\":\"WebSite\",\"@id\":\"https:\/\/zeefora.com\/playmais\/#website\",\"url\":\"https:\/\/zeefora.com\/playmais\/\",\"name\":\"Zeefora\",\"description\":\"\",\"publisher\":{\"@id\":\"https:\/\/zeefora.com\/playmais\/#organization\"},\"potentialAction\":[{\"@type\":\"SearchAction\",\"target\":{\"@type\":\"EntryPoint\",\"urlTemplate\":\"https:\/\/zeefora.com\/playmais\/?s={search_term_string}\"},\"query-input\":{\"@type\":\"PropertyValueSpecification\",\"valueRequired\":true,\"valueName\":\"search_term_string\"}}],\"inLanguage\":\"sr-RS\"},{\"@type\":\"Organization\",\"@id\":\"https:\/\/zeefora.com\/playmais\/#organization\",\"name\":\"Zeefora\",\"url\":\"https:\/\/zeefora.com\/playmais\/\",\"logo\":{\"@type\":\"ImageObject\",\"inLanguage\":\"sr-RS\",\"@id\":\"https:\/\/zeefora.com\/playmais\/#\/schema\/logo\/image\/\",\"url\":\"https:\/\/zeefora.com\/playmais\/wp-content\/uploads\/2018\/08\/PlayMais_Logo_sm.png\",\"contentUrl\":\"https:\/\/zeefora.com\/playmais\/wp-content\/uploads\/2018\/08\/PlayMais_Logo_sm.png\",\"width\":278,\"height\":94,\"caption\":\"Zeefora\"},\"image\":{\"@id\":\"https:\/\/zeefora.com\/playmais\/#\/schema\/logo\/image\/\"}}]}<\/script>\n<!-- \/ Yoast SEO plugin. -->","yoast_head_json":{"title":"Jungle Speed - Zeefora","description":"Jungle Speed - dinami\u010dna i zabavna dru\u0161tvena igra u kojoj nema taktike, nema planiranja i u kojoj svi \u017eele da zgrabe Totem!","robots":{"index":"index","follow":"follow","max-snippet":"max-snippet:-1","max-image-preview":"max-image-preview:large","max-video-preview":"max-video-preview:-1"},"canonical":"https:\/\/zeefora.com\/playmais\/prodavnica\/drustvene-igre\/jungle-speed\/","og_locale":"sr_RS","og_type":"article","og_title":"Jungle Speed - Zeefora","og_description":"Jungle Speed - dinami\u010dna i zabavna dru\u0161tvena igra u kojoj nema taktike, nema planiranja i u kojoj svi \u017eele da zgrabe Totem!","og_url":"https:\/\/zeefora.com\/playmais\/prodavnica\/drustvene-igre\/jungle-speed\/","og_site_name":"Zeefora","article_modified_time":"2021-04-03T14:00:14+00:00","og_image":[{"width":312,"height":319,"url":"https:\/\/zeefora.com\/playmais\/wp-content\/uploads\/2021\/04\/drustvena-igra-jungle-speed-najbolje-drustvene-igre-karte-zeefora.jpg","type":"image\/jpeg"}],"twitter_card":"summary_large_image","schema":{"@context":"https:\/\/schema.org","@graph":[{"@type":"WebPage","@id":"https:\/\/zeefora.com\/playmais\/prodavnica\/drustvene-igre\/jungle-speed\/","url":"https:\/\/zeefora.com\/playmais\/prodavnica\/drustvene-igre\/jungle-speed\/","name":"Jungle Speed - Zeefora","isPartOf":{"@id":"https:\/\/zeefora.com\/playmais\/#website"},"primaryImageOfPage":{"@id":"https:\/\/zeefora.com\/playmais\/prodavnica\/drustvene-igre\/jungle-speed\/#primaryimage"},"image":{"@id":"https:\/\/zeefora.com\/playmais\/prodavnica\/drustvene-igre\/jungle-speed\/#primaryimage"},"thumbnailUrl":"https:\/\/zeefora.com\/playmais\/wp-content\/uploads\/2021\/04\/drustvena-igra-jungle-speed-najbolje-drustvene-igre-karte-zeefora.jpg","datePublished":"2021-04-03T11:23:58+00:00","dateModified":"2021-04-03T14:00:14+00:00","description":"Jungle Speed - dinami\u010dna i zabavna dru\u0161tvena igra u kojoj nema taktike, nema planiranja i u kojoj svi \u017eele da zgrabe Totem!","breadcrumb":{"@id":"https:\/\/zeefora.com\/playmais\/prodavnica\/drustvene-igre\/jungle-speed\/#breadcrumb"},"inLanguage":"sr-RS","potentialAction":[{"@type":"ReadAction","target":["https:\/\/zeefora.com\/playmais\/prodavnica\/drustvene-igre\/jungle-speed\/"]}]},{"@type":"ImageObject","inLanguage":"sr-RS","@id":"https:\/\/zeefora.com\/playmais\/prodavnica\/drustvene-igre\/jungle-speed\/#primaryimage","url":"https:\/\/zeefora.com\/playmais\/wp-content\/uploads\/2021\/04\/drustvena-igra-jungle-speed-najbolje-drustvene-igre-karte-zeefora.jpg","contentUrl":"https:\/\/zeefora.com\/playmais\/wp-content\/uploads\/2021\/04\/drustvena-igra-jungle-speed-najbolje-drustvene-igre-karte-zeefora.jpg","width":312,"height":319},{"@type":"BreadcrumbList","@id":"https:\/\/zeefora.com\/playmais\/prodavnica\/drustvene-igre\/jungle-speed\/#breadcrumb","itemListElement":[{"@type":"ListItem","position":1,"name":"Home","item":"https:\/\/zeefora.com\/playmais\/"},{"@type":"ListItem","position":2,"name":"Proizvodi","item":"https:\/\/zeefora.com\/playmais\/shop\/"},{"@type":"ListItem","position":3,"name":"Jungle Speed"}]},{"@type":"WebSite","@id":"https:\/\/zeefora.com\/playmais\/#website","url":"https:\/\/zeefora.com\/playmais\/","name":"Zeefora","description":"","publisher":{"@id":"https:\/\/zeefora.com\/playmais\/#organization"},"potentialAction":[{"@type":"SearchAction","target":{"@type":"EntryPoint","urlTemplate":"https:\/\/zeefora.com\/playmais\/?s={search_term_string}"},"query-input":{"@type":"PropertyValueSpecification","valueRequired":true,"valueName":"search_term_string"}}],"inLanguage":"sr-RS"},{"@type":"Organization","@id":"https:\/\/zeefora.com\/playmais\/#organization","name":"Zeefora","url":"https:\/\/zeefora.com\/playmais\/","logo":{"@type":"ImageObject","inLanguage":"sr-RS","@id":"https:\/\/zeefora.com\/playmais\/#\/schema\/logo\/image\/","url":"https:\/\/zeefora.com\/playmais\/wp-content\/uploads\/2018\/08\/PlayMais_Logo_sm.png","contentUrl":"https:\/\/zeefora.com\/playmais\/wp-content\/uploads\/2018\/08\/PlayMais_Logo_sm.png","width":278,"height":94,"caption":"Zeefora"},"image":{"@id":"https:\/\/zeefora.com\/playmais\/#\/schema\/logo\/image\/"}}]}},"_links":{"self":[{"href":"https:\/\/zeefora.com\/playmais\/wp-json\/wp\/v2\/product\/13990"}],"collection":[{"href":"https:\/\/zeefora.com\/playmais\/wp-json\/wp\/v2\/product"}],"about":[{"href":"https:\/\/zeefora.com\/playmais\/wp-json\/wp\/v2\/types\/product"}],"wp:featuredmedia":[{"embeddable":true,"href":"https:\/\/zeefora.com\/playmais\/wp-json\/wp\/v2\/media\/13991"}],"wp:attachment":[{"href":"https:\/\/zeefora.com\/playmais\/wp-json\/wp\/v2\/media?parent=13990"}],"wp:term":[{"taxonomy":"product_brand","embeddable":true,"href":"https:\/\/zeefora.com\/playmais\/wp-json\/wp\/v2\/product_brand?post=13990"},{"taxonomy":"product_cat","embeddable":true,"href":"https:\/\/zeefora.com\/playmais\/wp-json\/wp\/v2\/product_cat?post=13990"},{"taxonomy":"product_tag","embeddable":true,"href":"https:\/\/zeefora.com\/playmais\/wp-json\/wp\/v2\/product_tag?post=13990"}],"curies":[{"name":"wp","href":"https:\/\/api.w.org\/{rel}","templated":true}]}}