{"id":2398,"date":"2019-06-27T16:12:38","date_gmt":"2019-06-27T14:12:38","guid":{"rendered":"https:\/\/zeefora.com\/playmais\/?post_type=product&#038;p=2398"},"modified":"2021-03-28T22:07:03","modified_gmt":"2021-03-28T20:07:03","slug":"classic-collector-cupcake","status":"publish","type":"product","link":"https:\/\/zeefora.com\/playmais\/prodavnica\/classic-basic\/classic-collector-cupcake\/","title":{"rendered":"CLASSIC Collector Cupcake"},"content":{"rendered":"<p>[vc_row][vc_column][vc_column_text]<\/p>\n<p>[\/vc_column_text][\/vc_column][\/vc_row][vc_row][vc_column][vc_gallery type=&#8220;image_grid&#8220; images=&#8220;2399&#8243;][\/vc_column][\/vc_row][vc_row][vc_column][vc_column_text]<\/p>\n<p>&nbsp;<\/p>\n<p>[\/vc_column_text][\/vc_column][\/vc_row]<\/p>\n","protected":false},"excerpt":{"rendered":"<p><span style=\"color: #000000; font-family: Arial;\">Kantica za devoj\u010dice sa 500 CLASSIC delova za pravljenje kola\u010di\u0107a.\u00a0<\/span><\/p>\n<p><span style=\"font-family: Arial;\">Kanticu mo\u017eete poneti sa sobom i napuniti je novim Playmais deli\u0107ima kada se originalno punjenje potro\u0161i.<\/span><\/p>\n<p>Za uzrast:<strong>\u00a03+<\/strong> &#8230;<\/p>\n","protected":false},"featured_media":13901,"menu_order":59,"template":"","meta":{"_acf_changed":false,"inline_featured_image":false,"_exactmetrics_skip_tracking":false,"_exactmetrics_sitenote_active":false,"_exactmetrics_sitenote_note":"","_exactmetrics_sitenote_category":0},"product_brand":[],"product_cat":[17],"product_tag":[],"class_list":{"0":"post-2398","1":"product","2":"type-product","3":"status-publish","4":"has-post-thumbnail","6":"product_cat-classic-basic","8":"first","9":"instock","10":"shipping-taxable","11":"purchasable","12":"product-type-simple"},"acf":[],"yoast_head":"<!-- This site is optimized with the Yoast SEO plugin v25.4 - https:\/\/yoast.com\/wordpress\/plugins\/seo\/ -->\n<title>CLASSIC Collector Cupcake - Zeefora<\/title>\n<meta name=\"description\" content=\"Poklon za de\u010diji ro\u0111endan: Playmais kutija za de\u010dake sa 500 CLASSIC delova za pravljenje seta raznobojnih alata.\" \/>\n<meta name=\"robots\" content=\"index, follow, max-snippet:-1, max-image-preview:large, max-video-preview:-1\" \/>\n<link rel=\"canonical\" href=\"https:\/\/zeefora.com\/playmais\/prodavnica\/classic-basic\/classic-collector-cupcake\/\" \/>\n<meta property=\"og:locale\" content=\"sr_RS\" \/>\n<meta property=\"og:type\" content=\"article\" \/>\n<meta property=\"og:title\" content=\"CLASSIC Collector Cupcake - Zeefora\" \/>\n<meta property=\"og:description\" content=\"Poklon za de\u010diji ro\u0111endan: Playmais kutija za de\u010dake sa 500 CLASSIC delova za pravljenje seta raznobojnih alata.\" \/>\n<meta property=\"og:url\" content=\"https:\/\/zeefora.com\/playmais\/prodavnica\/classic-basic\/classic-collector-cupcake\/\" \/>\n<meta property=\"og:site_name\" content=\"Zeefora\" \/>\n<meta property=\"article:modified_time\" content=\"2021-03-28T20:07:03+00:00\" \/>\n<meta property=\"og:image\" content=\"https:\/\/zeefora.com\/playmais\/wp-content\/uploads\/2019\/06\/playmais-zeefora-playmais-srbija-playmais-cena-edukativna-igracka-poklon-za-rodjendan-poklon-za-decake-poklon-za-devojcice-ucenje-kroz-igru-zeefora-basic-cupcake.jpg\" \/>\n\t<meta property=\"og:image:width\" content=\"232\" \/>\n\t<meta property=\"og:image:height\" content=\"319\" \/>\n\t<meta property=\"og:image:type\" content=\"image\/jpeg\" \/>\n<meta name=\"twitter:card\" content=\"summary_large_image\" \/>\n<script type=\"application\/ld+json\" class=\"yoast-schema-graph\">{\"@context\":\"https:\/\/schema.org\",\"@graph\":[{\"@type\":\"WebPage\",\"@id\":\"https:\/\/zeefora.com\/playmais\/prodavnica\/classic-basic\/classic-collector-cupcake\/\",\"url\":\"https:\/\/zeefora.com\/playmais\/prodavnica\/classic-basic\/classic-collector-cupcake\/\",\"name\":\"CLASSIC Collector Cupcake - Zeefora\",\"isPartOf\":{\"@id\":\"https:\/\/zeefora.com\/playmais\/#website\"},\"primaryImageOfPage\":{\"@id\":\"https:\/\/zeefora.com\/playmais\/prodavnica\/classic-basic\/classic-collector-cupcake\/#primaryimage\"},\"image\":{\"@id\":\"https:\/\/zeefora.com\/playmais\/prodavnica\/classic-basic\/classic-collector-cupcake\/#primaryimage\"},\"thumbnailUrl\":\"https:\/\/zeefora.com\/playmais\/wp-content\/uploads\/2019\/06\/playmais-zeefora-playmais-srbija-playmais-cena-edukativna-igracka-poklon-za-rodjendan-poklon-za-decake-poklon-za-devojcice-ucenje-kroz-igru-zeefora-basic-cupcake.jpg\",\"datePublished\":\"2019-06-27T14:12:38+00:00\",\"dateModified\":\"2021-03-28T20:07:03+00:00\",\"description\":\"Poklon za de\u010diji ro\u0111endan: Playmais kutija za de\u010dake sa 500 CLASSIC delova za pravljenje seta raznobojnih alata.\",\"breadcrumb\":{\"@id\":\"https:\/\/zeefora.com\/playmais\/prodavnica\/classic-basic\/classic-collector-cupcake\/#breadcrumb\"},\"inLanguage\":\"sr-RS\",\"potentialAction\":[{\"@type\":\"ReadAction\",\"target\":[\"https:\/\/zeefora.com\/playmais\/prodavnica\/classic-basic\/classic-collector-cupcake\/\"]}]},{\"@type\":\"ImageObject\",\"inLanguage\":\"sr-RS\",\"@id\":\"https:\/\/zeefora.com\/playmais\/prodavnica\/classic-basic\/classic-collector-cupcake\/#primaryimage\",\"url\":\"https:\/\/zeefora.com\/playmais\/wp-content\/uploads\/2019\/06\/playmais-zeefora-playmais-srbija-playmais-cena-edukativna-igracka-poklon-za-rodjendan-poklon-za-decake-poklon-za-devojcice-ucenje-kroz-igru-zeefora-basic-cupcake.jpg\",\"contentUrl\":\"https:\/\/zeefora.com\/playmais\/wp-content\/uploads\/2019\/06\/playmais-zeefora-playmais-srbija-playmais-cena-edukativna-igracka-poklon-za-rodjendan-poklon-za-decake-poklon-za-devojcice-ucenje-kroz-igru-zeefora-basic-cupcake.jpg\",\"width\":232,\"height\":319,\"caption\":\"Playmais edukativna igra\u010dka za de\u010dake i devoj\u010dice, didakti\u010dka igra\u010dka\"},{\"@type\":\"BreadcrumbList\",\"@id\":\"https:\/\/zeefora.com\/playmais\/prodavnica\/classic-basic\/classic-collector-cupcake\/#breadcrumb\",\"itemListElement\":[{\"@type\":\"ListItem\",\"position\":1,\"name\":\"Home\",\"item\":\"https:\/\/zeefora.com\/playmais\/\"},{\"@type\":\"ListItem\",\"position\":2,\"name\":\"Proizvodi\",\"item\":\"https:\/\/zeefora.com\/playmais\/shop\/\"},{\"@type\":\"ListItem\",\"position\":3,\"name\":\"CLASSIC Collector Cupcake\"}]},{\"@type\":\"WebSite\",\"@id\":\"https:\/\/zeefora.com\/playmais\/#website\",\"url\":\"https:\/\/zeefora.com\/playmais\/\",\"name\":\"Zeefora\",\"description\":\"\",\"publisher\":{\"@id\":\"https:\/\/zeefora.com\/playmais\/#organization\"},\"potentialAction\":[{\"@type\":\"SearchAction\",\"target\":{\"@type\":\"EntryPoint\",\"urlTemplate\":\"https:\/\/zeefora.com\/playmais\/?s={search_term_string}\"},\"query-input\":{\"@type\":\"PropertyValueSpecification\",\"valueRequired\":true,\"valueName\":\"search_term_string\"}}],\"inLanguage\":\"sr-RS\"},{\"@type\":\"Organization\",\"@id\":\"https:\/\/zeefora.com\/playmais\/#organization\",\"name\":\"Zeefora\",\"url\":\"https:\/\/zeefora.com\/playmais\/\",\"logo\":{\"@type\":\"ImageObject\",\"inLanguage\":\"sr-RS\",\"@id\":\"https:\/\/zeefora.com\/playmais\/#\/schema\/logo\/image\/\",\"url\":\"https:\/\/zeefora.com\/playmais\/wp-content\/uploads\/2018\/08\/PlayMais_Logo_sm.png\",\"contentUrl\":\"https:\/\/zeefora.com\/playmais\/wp-content\/uploads\/2018\/08\/PlayMais_Logo_sm.png\",\"width\":278,\"height\":94,\"caption\":\"Zeefora\"},\"image\":{\"@id\":\"https:\/\/zeefora.com\/playmais\/#\/schema\/logo\/image\/\"}}]}<\/script>\n<!-- \/ Yoast SEO plugin. -->","yoast_head_json":{"title":"CLASSIC Collector Cupcake - Zeefora","description":"Poklon za de\u010diji ro\u0111endan: Playmais kutija za de\u010dake sa 500 CLASSIC delova za pravljenje seta raznobojnih alata.","robots":{"index":"index","follow":"follow","max-snippet":"max-snippet:-1","max-image-preview":"max-image-preview:large","max-video-preview":"max-video-preview:-1"},"canonical":"https:\/\/zeefora.com\/playmais\/prodavnica\/classic-basic\/classic-collector-cupcake\/","og_locale":"sr_RS","og_type":"article","og_title":"CLASSIC Collector Cupcake - Zeefora","og_description":"Poklon za de\u010diji ro\u0111endan: Playmais kutija za de\u010dake sa 500 CLASSIC delova za pravljenje seta raznobojnih alata.","og_url":"https:\/\/zeefora.com\/playmais\/prodavnica\/classic-basic\/classic-collector-cupcake\/","og_site_name":"Zeefora","article_modified_time":"2021-03-28T20:07:03+00:00","og_image":[{"width":232,"height":319,"url":"https:\/\/zeefora.com\/playmais\/wp-content\/uploads\/2019\/06\/playmais-zeefora-playmais-srbija-playmais-cena-edukativna-igracka-poklon-za-rodjendan-poklon-za-decake-poklon-za-devojcice-ucenje-kroz-igru-zeefora-basic-cupcake.jpg","type":"image\/jpeg"}],"twitter_card":"summary_large_image","schema":{"@context":"https:\/\/schema.org","@graph":[{"@type":"WebPage","@id":"https:\/\/zeefora.com\/playmais\/prodavnica\/classic-basic\/classic-collector-cupcake\/","url":"https:\/\/zeefora.com\/playmais\/prodavnica\/classic-basic\/classic-collector-cupcake\/","name":"CLASSIC Collector Cupcake - Zeefora","isPartOf":{"@id":"https:\/\/zeefora.com\/playmais\/#website"},"primaryImageOfPage":{"@id":"https:\/\/zeefora.com\/playmais\/prodavnica\/classic-basic\/classic-collector-cupcake\/#primaryimage"},"image":{"@id":"https:\/\/zeefora.com\/playmais\/prodavnica\/classic-basic\/classic-collector-cupcake\/#primaryimage"},"thumbnailUrl":"https:\/\/zeefora.com\/playmais\/wp-content\/uploads\/2019\/06\/playmais-zeefora-playmais-srbija-playmais-cena-edukativna-igracka-poklon-za-rodjendan-poklon-za-decake-poklon-za-devojcice-ucenje-kroz-igru-zeefora-basic-cupcake.jpg","datePublished":"2019-06-27T14:12:38+00:00","dateModified":"2021-03-28T20:07:03+00:00","description":"Poklon za de\u010diji ro\u0111endan: Playmais kutija za de\u010dake sa 500 CLASSIC delova za pravljenje seta raznobojnih alata.","breadcrumb":{"@id":"https:\/\/zeefora.com\/playmais\/prodavnica\/classic-basic\/classic-collector-cupcake\/#breadcrumb"},"inLanguage":"sr-RS","potentialAction":[{"@type":"ReadAction","target":["https:\/\/zeefora.com\/playmais\/prodavnica\/classic-basic\/classic-collector-cupcake\/"]}]},{"@type":"ImageObject","inLanguage":"sr-RS","@id":"https:\/\/zeefora.com\/playmais\/prodavnica\/classic-basic\/classic-collector-cupcake\/#primaryimage","url":"https:\/\/zeefora.com\/playmais\/wp-content\/uploads\/2019\/06\/playmais-zeefora-playmais-srbija-playmais-cena-edukativna-igracka-poklon-za-rodjendan-poklon-za-decake-poklon-za-devojcice-ucenje-kroz-igru-zeefora-basic-cupcake.jpg","contentUrl":"https:\/\/zeefora.com\/playmais\/wp-content\/uploads\/2019\/06\/playmais-zeefora-playmais-srbija-playmais-cena-edukativna-igracka-poklon-za-rodjendan-poklon-za-decake-poklon-za-devojcice-ucenje-kroz-igru-zeefora-basic-cupcake.jpg","width":232,"height":319,"caption":"Playmais edukativna igra\u010dka za de\u010dake i devoj\u010dice, didakti\u010dka igra\u010dka"},{"@type":"BreadcrumbList","@id":"https:\/\/zeefora.com\/playmais\/prodavnica\/classic-basic\/classic-collector-cupcake\/#breadcrumb","itemListElement":[{"@type":"ListItem","position":1,"name":"Home","item":"https:\/\/zeefora.com\/playmais\/"},{"@type":"ListItem","position":2,"name":"Proizvodi","item":"https:\/\/zeefora.com\/playmais\/shop\/"},{"@type":"ListItem","position":3,"name":"CLASSIC Collector Cupcake"}]},{"@type":"WebSite","@id":"https:\/\/zeefora.com\/playmais\/#website","url":"https:\/\/zeefora.com\/playmais\/","name":"Zeefora","description":"","publisher":{"@id":"https:\/\/zeefora.com\/playmais\/#organization"},"potentialAction":[{"@type":"SearchAction","target":{"@type":"EntryPoint","urlTemplate":"https:\/\/zeefora.com\/playmais\/?s={search_term_string}"},"query-input":{"@type":"PropertyValueSpecification","valueRequired":true,"valueName":"search_term_string"}}],"inLanguage":"sr-RS"},{"@type":"Organization","@id":"https:\/\/zeefora.com\/playmais\/#organization","name":"Zeefora","url":"https:\/\/zeefora.com\/playmais\/","logo":{"@type":"ImageObject","inLanguage":"sr-RS","@id":"https:\/\/zeefora.com\/playmais\/#\/schema\/logo\/image\/","url":"https:\/\/zeefora.com\/playmais\/wp-content\/uploads\/2018\/08\/PlayMais_Logo_sm.png","contentUrl":"https:\/\/zeefora.com\/playmais\/wp-content\/uploads\/2018\/08\/PlayMais_Logo_sm.png","width":278,"height":94,"caption":"Zeefora"},"image":{"@id":"https:\/\/zeefora.com\/playmais\/#\/schema\/logo\/image\/"}}]}},"_links":{"self":[{"href":"https:\/\/zeefora.com\/playmais\/wp-json\/wp\/v2\/product\/2398"}],"collection":[{"href":"https:\/\/zeefora.com\/playmais\/wp-json\/wp\/v2\/product"}],"about":[{"href":"https:\/\/zeefora.com\/playmais\/wp-json\/wp\/v2\/types\/product"}],"wp:featuredmedia":[{"embeddable":true,"href":"https:\/\/zeefora.com\/playmais\/wp-json\/wp\/v2\/media\/13901"}],"wp:attachment":[{"href":"https:\/\/zeefora.com\/playmais\/wp-json\/wp\/v2\/media?parent=2398"}],"wp:term":[{"taxonomy":"product_brand","embeddable":true,"href":"https:\/\/zeefora.com\/playmais\/wp-json\/wp\/v2\/product_brand?post=2398"},{"taxonomy":"product_cat","embeddable":true,"href":"https:\/\/zeefora.com\/playmais\/wp-json\/wp\/v2\/product_cat?post=2398"},{"taxonomy":"product_tag","embeddable":true,"href":"https:\/\/zeefora.com\/playmais\/wp-json\/wp\/v2\/product_tag?post=2398"}],"curies":[{"name":"wp","href":"https:\/\/api.w.org\/{rel}","templated":true}]}}