{"id":2414,"date":"2019-06-27T20:23:46","date_gmt":"2019-06-27T18:23:46","guid":{"rendered":"https:\/\/zeefora.com\/playmais\/?post_type=product&#038;p=2414"},"modified":"2019-06-27T20:26:03","modified_gmt":"2019-06-27T18:26:03","slug":"classic-basic-colourline-crvena","status":"publish","type":"product","link":"https:\/\/zeefora.com\/playmais\/prodavnica\/classic-basic\/classic-basic-colourline-crvena\/","title":{"rendered":"Classic Basic Colourline Crvena"},"content":{"rendered":"<p>&nbsp;<\/p>\n<p>[vc_row][vc_column][vc_gallery type=&#8220;image_grid&#8220; images=&#8220;607,609,614,617,618,624,626,628,633,630,631,610,621,623&#8243;][\/vc_column][\/vc_row]<\/p>\n<p>&nbsp;<\/p>\n<p>&nbsp;<\/p>\n","protected":false},"excerpt":{"rendered":"<p>Pakovanje od 150 <b>crvenih <\/b>CLASSIC Playmais deli\u0107a.<\/p>\n<p>Mo\u017ee se koristiti samostalno ili kao dodatak za druge Playmais setove u kojima su se potro\u0161ili zeleni komadi\u0107i.<\/p>\n<p>Za uzrast:<strong>\u00a03+<\/strong> &#8230;<\/p>\n","protected":false},"featured_media":2415,"menu_order":47,"template":"","meta":{"_acf_changed":false,"inline_featured_image":false,"_exactmetrics_skip_tracking":false,"_exactmetrics_sitenote_active":false,"_exactmetrics_sitenote_note":"","_exactmetrics_sitenote_category":0},"product_brand":[],"product_cat":[17],"product_tag":[],"class_list":{"0":"post-2414","1":"product","2":"type-product","3":"status-publish","4":"has-post-thumbnail","6":"product_cat-classic-basic","8":"first","9":"instock","10":"shipping-taxable","11":"purchasable","12":"product-type-simple"},"acf":[],"yoast_head":"<!-- This site is optimized with the Yoast SEO plugin v25.4 - https:\/\/yoast.com\/wordpress\/plugins\/seo\/ -->\n<title>Classic Basic Colourline Crvena - Zeefora<\/title>\n<meta name=\"description\" content=\"150 crvenih CLASSIC Playmais deli\u0107a. Mogu se koristiti samostalno ili kao dodatak za druge Playmais setove u kojima su se potro\u0161ili zeleni komadi\u0107i.\" \/>\n<meta name=\"robots\" content=\"index, follow, max-snippet:-1, max-image-preview:large, max-video-preview:-1\" \/>\n<link rel=\"canonical\" href=\"https:\/\/zeefora.com\/playmais\/prodavnica\/classic-basic\/classic-basic-colourline-crvena\/\" \/>\n<meta property=\"og:locale\" content=\"sr_RS\" \/>\n<meta property=\"og:type\" content=\"article\" \/>\n<meta property=\"og:title\" content=\"Classic Basic Colourline Crvena - Zeefora\" \/>\n<meta property=\"og:description\" content=\"150 crvenih CLASSIC Playmais deli\u0107a. Mogu se koristiti samostalno ili kao dodatak za druge Playmais setove u kojima su se potro\u0161ili zeleni komadi\u0107i.\" \/>\n<meta property=\"og:url\" content=\"https:\/\/zeefora.com\/playmais\/prodavnica\/classic-basic\/classic-basic-colourline-crvena\/\" \/>\n<meta property=\"og:site_name\" content=\"Zeefora\" \/>\n<meta property=\"article:modified_time\" content=\"2019-06-27T18:26:03+00:00\" \/>\n<meta property=\"og:image\" content=\"https:\/\/zeefora.com\/playmais\/wp-content\/uploads\/2019\/06\/playmais-colourline-red.jpg\" \/>\n\t<meta property=\"og:image:width\" content=\"232\" \/>\n\t<meta property=\"og:image:height\" content=\"319\" \/>\n\t<meta property=\"og:image:type\" content=\"image\/jpeg\" \/>\n<meta name=\"twitter:card\" content=\"summary_large_image\" \/>\n<script type=\"application\/ld+json\" class=\"yoast-schema-graph\">{\"@context\":\"https:\/\/schema.org\",\"@graph\":[{\"@type\":\"WebPage\",\"@id\":\"https:\/\/zeefora.com\/playmais\/prodavnica\/classic-basic\/classic-basic-colourline-crvena\/\",\"url\":\"https:\/\/zeefora.com\/playmais\/prodavnica\/classic-basic\/classic-basic-colourline-crvena\/\",\"name\":\"Classic Basic Colourline Crvena - Zeefora\",\"isPartOf\":{\"@id\":\"https:\/\/zeefora.com\/playmais\/#website\"},\"primaryImageOfPage\":{\"@id\":\"https:\/\/zeefora.com\/playmais\/prodavnica\/classic-basic\/classic-basic-colourline-crvena\/#primaryimage\"},\"image\":{\"@id\":\"https:\/\/zeefora.com\/playmais\/prodavnica\/classic-basic\/classic-basic-colourline-crvena\/#primaryimage\"},\"thumbnailUrl\":\"https:\/\/zeefora.com\/playmais\/wp-content\/uploads\/2019\/06\/playmais-colourline-red.jpg\",\"datePublished\":\"2019-06-27T18:23:46+00:00\",\"dateModified\":\"2019-06-27T18:26:03+00:00\",\"description\":\"150 crvenih CLASSIC Playmais deli\u0107a. Mogu se koristiti samostalno ili kao dodatak za druge Playmais setove u kojima su se potro\u0161ili zeleni komadi\u0107i.\",\"breadcrumb\":{\"@id\":\"https:\/\/zeefora.com\/playmais\/prodavnica\/classic-basic\/classic-basic-colourline-crvena\/#breadcrumb\"},\"inLanguage\":\"sr-RS\",\"potentialAction\":[{\"@type\":\"ReadAction\",\"target\":[\"https:\/\/zeefora.com\/playmais\/prodavnica\/classic-basic\/classic-basic-colourline-crvena\/\"]}]},{\"@type\":\"ImageObject\",\"inLanguage\":\"sr-RS\",\"@id\":\"https:\/\/zeefora.com\/playmais\/prodavnica\/classic-basic\/classic-basic-colourline-crvena\/#primaryimage\",\"url\":\"https:\/\/zeefora.com\/playmais\/wp-content\/uploads\/2019\/06\/playmais-colourline-red.jpg\",\"contentUrl\":\"https:\/\/zeefora.com\/playmais\/wp-content\/uploads\/2019\/06\/playmais-colourline-red.jpg\",\"width\":232,\"height\":319,\"caption\":\"playmais crvena\"},{\"@type\":\"BreadcrumbList\",\"@id\":\"https:\/\/zeefora.com\/playmais\/prodavnica\/classic-basic\/classic-basic-colourline-crvena\/#breadcrumb\",\"itemListElement\":[{\"@type\":\"ListItem\",\"position\":1,\"name\":\"Home\",\"item\":\"https:\/\/zeefora.com\/playmais\/\"},{\"@type\":\"ListItem\",\"position\":2,\"name\":\"Proizvodi\",\"item\":\"https:\/\/zeefora.com\/playmais\/shop\/\"},{\"@type\":\"ListItem\",\"position\":3,\"name\":\"Classic Basic Colourline Crvena\"}]},{\"@type\":\"WebSite\",\"@id\":\"https:\/\/zeefora.com\/playmais\/#website\",\"url\":\"https:\/\/zeefora.com\/playmais\/\",\"name\":\"Zeefora\",\"description\":\"\",\"publisher\":{\"@id\":\"https:\/\/zeefora.com\/playmais\/#organization\"},\"potentialAction\":[{\"@type\":\"SearchAction\",\"target\":{\"@type\":\"EntryPoint\",\"urlTemplate\":\"https:\/\/zeefora.com\/playmais\/?s={search_term_string}\"},\"query-input\":{\"@type\":\"PropertyValueSpecification\",\"valueRequired\":true,\"valueName\":\"search_term_string\"}}],\"inLanguage\":\"sr-RS\"},{\"@type\":\"Organization\",\"@id\":\"https:\/\/zeefora.com\/playmais\/#organization\",\"name\":\"Zeefora\",\"url\":\"https:\/\/zeefora.com\/playmais\/\",\"logo\":{\"@type\":\"ImageObject\",\"inLanguage\":\"sr-RS\",\"@id\":\"https:\/\/zeefora.com\/playmais\/#\/schema\/logo\/image\/\",\"url\":\"https:\/\/zeefora.com\/playmais\/wp-content\/uploads\/2018\/08\/PlayMais_Logo_sm.png\",\"contentUrl\":\"https:\/\/zeefora.com\/playmais\/wp-content\/uploads\/2018\/08\/PlayMais_Logo_sm.png\",\"width\":278,\"height\":94,\"caption\":\"Zeefora\"},\"image\":{\"@id\":\"https:\/\/zeefora.com\/playmais\/#\/schema\/logo\/image\/\"}}]}<\/script>\n<!-- \/ Yoast SEO plugin. -->","yoast_head_json":{"title":"Classic Basic Colourline Crvena - Zeefora","description":"150 crvenih CLASSIC Playmais deli\u0107a. Mogu se koristiti samostalno ili kao dodatak za druge Playmais setove u kojima su se potro\u0161ili zeleni komadi\u0107i.","robots":{"index":"index","follow":"follow","max-snippet":"max-snippet:-1","max-image-preview":"max-image-preview:large","max-video-preview":"max-video-preview:-1"},"canonical":"https:\/\/zeefora.com\/playmais\/prodavnica\/classic-basic\/classic-basic-colourline-crvena\/","og_locale":"sr_RS","og_type":"article","og_title":"Classic Basic Colourline Crvena - Zeefora","og_description":"150 crvenih CLASSIC Playmais deli\u0107a. Mogu se koristiti samostalno ili kao dodatak za druge Playmais setove u kojima su se potro\u0161ili zeleni komadi\u0107i.","og_url":"https:\/\/zeefora.com\/playmais\/prodavnica\/classic-basic\/classic-basic-colourline-crvena\/","og_site_name":"Zeefora","article_modified_time":"2019-06-27T18:26:03+00:00","og_image":[{"width":232,"height":319,"url":"https:\/\/zeefora.com\/playmais\/wp-content\/uploads\/2019\/06\/playmais-colourline-red.jpg","type":"image\/jpeg"}],"twitter_card":"summary_large_image","schema":{"@context":"https:\/\/schema.org","@graph":[{"@type":"WebPage","@id":"https:\/\/zeefora.com\/playmais\/prodavnica\/classic-basic\/classic-basic-colourline-crvena\/","url":"https:\/\/zeefora.com\/playmais\/prodavnica\/classic-basic\/classic-basic-colourline-crvena\/","name":"Classic Basic Colourline Crvena - Zeefora","isPartOf":{"@id":"https:\/\/zeefora.com\/playmais\/#website"},"primaryImageOfPage":{"@id":"https:\/\/zeefora.com\/playmais\/prodavnica\/classic-basic\/classic-basic-colourline-crvena\/#primaryimage"},"image":{"@id":"https:\/\/zeefora.com\/playmais\/prodavnica\/classic-basic\/classic-basic-colourline-crvena\/#primaryimage"},"thumbnailUrl":"https:\/\/zeefora.com\/playmais\/wp-content\/uploads\/2019\/06\/playmais-colourline-red.jpg","datePublished":"2019-06-27T18:23:46+00:00","dateModified":"2019-06-27T18:26:03+00:00","description":"150 crvenih CLASSIC Playmais deli\u0107a. Mogu se koristiti samostalno ili kao dodatak za druge Playmais setove u kojima su se potro\u0161ili zeleni komadi\u0107i.","breadcrumb":{"@id":"https:\/\/zeefora.com\/playmais\/prodavnica\/classic-basic\/classic-basic-colourline-crvena\/#breadcrumb"},"inLanguage":"sr-RS","potentialAction":[{"@type":"ReadAction","target":["https:\/\/zeefora.com\/playmais\/prodavnica\/classic-basic\/classic-basic-colourline-crvena\/"]}]},{"@type":"ImageObject","inLanguage":"sr-RS","@id":"https:\/\/zeefora.com\/playmais\/prodavnica\/classic-basic\/classic-basic-colourline-crvena\/#primaryimage","url":"https:\/\/zeefora.com\/playmais\/wp-content\/uploads\/2019\/06\/playmais-colourline-red.jpg","contentUrl":"https:\/\/zeefora.com\/playmais\/wp-content\/uploads\/2019\/06\/playmais-colourline-red.jpg","width":232,"height":319,"caption":"playmais crvena"},{"@type":"BreadcrumbList","@id":"https:\/\/zeefora.com\/playmais\/prodavnica\/classic-basic\/classic-basic-colourline-crvena\/#breadcrumb","itemListElement":[{"@type":"ListItem","position":1,"name":"Home","item":"https:\/\/zeefora.com\/playmais\/"},{"@type":"ListItem","position":2,"name":"Proizvodi","item":"https:\/\/zeefora.com\/playmais\/shop\/"},{"@type":"ListItem","position":3,"name":"Classic Basic Colourline Crvena"}]},{"@type":"WebSite","@id":"https:\/\/zeefora.com\/playmais\/#website","url":"https:\/\/zeefora.com\/playmais\/","name":"Zeefora","description":"","publisher":{"@id":"https:\/\/zeefora.com\/playmais\/#organization"},"potentialAction":[{"@type":"SearchAction","target":{"@type":"EntryPoint","urlTemplate":"https:\/\/zeefora.com\/playmais\/?s={search_term_string}"},"query-input":{"@type":"PropertyValueSpecification","valueRequired":true,"valueName":"search_term_string"}}],"inLanguage":"sr-RS"},{"@type":"Organization","@id":"https:\/\/zeefora.com\/playmais\/#organization","name":"Zeefora","url":"https:\/\/zeefora.com\/playmais\/","logo":{"@type":"ImageObject","inLanguage":"sr-RS","@id":"https:\/\/zeefora.com\/playmais\/#\/schema\/logo\/image\/","url":"https:\/\/zeefora.com\/playmais\/wp-content\/uploads\/2018\/08\/PlayMais_Logo_sm.png","contentUrl":"https:\/\/zeefora.com\/playmais\/wp-content\/uploads\/2018\/08\/PlayMais_Logo_sm.png","width":278,"height":94,"caption":"Zeefora"},"image":{"@id":"https:\/\/zeefora.com\/playmais\/#\/schema\/logo\/image\/"}}]}},"_links":{"self":[{"href":"https:\/\/zeefora.com\/playmais\/wp-json\/wp\/v2\/product\/2414"}],"collection":[{"href":"https:\/\/zeefora.com\/playmais\/wp-json\/wp\/v2\/product"}],"about":[{"href":"https:\/\/zeefora.com\/playmais\/wp-json\/wp\/v2\/types\/product"}],"wp:featuredmedia":[{"embeddable":true,"href":"https:\/\/zeefora.com\/playmais\/wp-json\/wp\/v2\/media\/2415"}],"wp:attachment":[{"href":"https:\/\/zeefora.com\/playmais\/wp-json\/wp\/v2\/media?parent=2414"}],"wp:term":[{"taxonomy":"product_brand","embeddable":true,"href":"https:\/\/zeefora.com\/playmais\/wp-json\/wp\/v2\/product_brand?post=2414"},{"taxonomy":"product_cat","embeddable":true,"href":"https:\/\/zeefora.com\/playmais\/wp-json\/wp\/v2\/product_cat?post=2414"},{"taxonomy":"product_tag","embeddable":true,"href":"https:\/\/zeefora.com\/playmais\/wp-json\/wp\/v2\/product_tag?post=2414"}],"curies":[{"name":"wp","href":"https:\/\/api.w.org\/{rel}","templated":true}]}}