{"id":378,"date":"2018-09-28T19:01:15","date_gmt":"2018-09-28T17:01:15","guid":{"rendered":"https:\/\/zeefora.com\/playmais\/?post_type=product&#038;p=378"},"modified":"2021-09-07T08:37:53","modified_gmt":"2021-09-07T06:37:53","slug":"mini-sova-leptir","status":"publish","type":"product","link":"https:\/\/zeefora.com\/playmais\/prodavnica\/mosaic-mini\/mini-sova-leptir\/","title":{"rendered":"MINI MOSAIC Sova &amp; Leptir"},"content":{"rendered":"","protected":false},"excerpt":{"rendered":"<p>Mini MOSAIC je savr\u0161en poklon za <strong>po\u010detnike<\/strong> u radu sa mozaikom.<\/p>\n<p><strong>Sova&amp;Leptir<\/strong> sti\u017ee u pakovanju sa oko 300 Playmais delova i 2 ilustrovane kartice (1 sova i 1 leptir).<\/p>\n<p>Za uzrast: <strong>3+<\/strong><\/p>\n<div class=\"mb-3 embed-responsive embed-responsive-16by9\"><\/div>\n<p> &#8230;<\/p>\n","protected":false},"featured_media":272,"menu_order":75,"template":"","meta":{"_acf_changed":false,"inline_featured_image":false,"_exactmetrics_skip_tracking":false,"_exactmetrics_sitenote_active":false,"_exactmetrics_sitenote_note":"","_exactmetrics_sitenote_category":0},"product_brand":[],"product_cat":[26],"product_tag":[],"class_list":{"0":"post-378","1":"product","2":"type-product","3":"status-publish","4":"has-post-thumbnail","6":"product_cat-mosaic-mini","8":"first","9":"instock","10":"sale","11":"shipping-taxable","12":"purchasable","13":"product-type-simple"},"acf":[],"yoast_head":"<!-- This site is optimized with the Yoast SEO plugin v25.4 - https:\/\/yoast.com\/wordpress\/plugins\/seo\/ -->\n<title>MINI MOSAIC Sova &amp; Leptir - Zeefora<\/title>\n<meta name=\"robots\" content=\"index, follow, max-snippet:-1, max-image-preview:large, max-video-preview:-1\" \/>\n<link rel=\"canonical\" href=\"https:\/\/zeefora.com\/playmais\/prodavnica\/mosaic-mini\/mini-sova-leptir\/\" \/>\n<meta property=\"og:locale\" content=\"sr_RS\" \/>\n<meta property=\"og:type\" content=\"article\" \/>\n<meta property=\"og:title\" content=\"MINI MOSAIC Sova &amp; Leptir - Zeefora\" \/>\n<meta property=\"og:description\" content=\"Mini MOSAIC je savr\u0161en poklon za po\u010detnike u radu sa mozaikom.  Sova&amp;Leptir sti\u017ee u pakovanju sa oko 300 Playmais delova i 2 ilustrovane kartice (1 sova i 1 leptir).  Za uzrast: 3+  ...\" \/>\n<meta property=\"og:url\" content=\"https:\/\/zeefora.com\/playmais\/prodavnica\/mosaic-mini\/mini-sova-leptir\/\" \/>\n<meta property=\"og:site_name\" content=\"Zeefora\" \/>\n<meta property=\"article:modified_time\" content=\"2021-09-07T06:37:53+00:00\" \/>\n<meta property=\"og:image\" content=\"https:\/\/zeefora.com\/playmais\/wp-content\/uploads\/2018\/09\/minimosaic_owl.jpg\" \/>\n\t<meta property=\"og:image:width\" content=\"178\" \/>\n\t<meta property=\"og:image:height\" content=\"300\" \/>\n\t<meta property=\"og:image:type\" content=\"image\/jpeg\" \/>\n<meta name=\"twitter:card\" content=\"summary_large_image\" \/>\n<script type=\"application\/ld+json\" class=\"yoast-schema-graph\">{\"@context\":\"https:\/\/schema.org\",\"@graph\":[{\"@type\":\"WebPage\",\"@id\":\"https:\/\/zeefora.com\/playmais\/prodavnica\/mosaic-mini\/mini-sova-leptir\/\",\"url\":\"https:\/\/zeefora.com\/playmais\/prodavnica\/mosaic-mini\/mini-sova-leptir\/\",\"name\":\"MINI MOSAIC Sova &amp; Leptir - Zeefora\",\"isPartOf\":{\"@id\":\"https:\/\/zeefora.com\/playmais\/#website\"},\"primaryImageOfPage\":{\"@id\":\"https:\/\/zeefora.com\/playmais\/prodavnica\/mosaic-mini\/mini-sova-leptir\/#primaryimage\"},\"image\":{\"@id\":\"https:\/\/zeefora.com\/playmais\/prodavnica\/mosaic-mini\/mini-sova-leptir\/#primaryimage\"},\"thumbnailUrl\":\"https:\/\/zeefora.com\/playmais\/wp-content\/uploads\/2018\/09\/minimosaic_owl.jpg\",\"datePublished\":\"2018-09-28T17:01:15+00:00\",\"dateModified\":\"2021-09-07T06:37:53+00:00\",\"breadcrumb\":{\"@id\":\"https:\/\/zeefora.com\/playmais\/prodavnica\/mosaic-mini\/mini-sova-leptir\/#breadcrumb\"},\"inLanguage\":\"sr-RS\",\"potentialAction\":[{\"@type\":\"ReadAction\",\"target\":[\"https:\/\/zeefora.com\/playmais\/prodavnica\/mosaic-mini\/mini-sova-leptir\/\"]}]},{\"@type\":\"ImageObject\",\"inLanguage\":\"sr-RS\",\"@id\":\"https:\/\/zeefora.com\/playmais\/prodavnica\/mosaic-mini\/mini-sova-leptir\/#primaryimage\",\"url\":\"https:\/\/zeefora.com\/playmais\/wp-content\/uploads\/2018\/09\/minimosaic_owl.jpg\",\"contentUrl\":\"https:\/\/zeefora.com\/playmais\/wp-content\/uploads\/2018\/09\/minimosaic_owl.jpg\",\"width\":178,\"height\":300,\"caption\":\"MINI SOVA & LEPTIR\"},{\"@type\":\"BreadcrumbList\",\"@id\":\"https:\/\/zeefora.com\/playmais\/prodavnica\/mosaic-mini\/mini-sova-leptir\/#breadcrumb\",\"itemListElement\":[{\"@type\":\"ListItem\",\"position\":1,\"name\":\"Home\",\"item\":\"https:\/\/zeefora.com\/playmais\/\"},{\"@type\":\"ListItem\",\"position\":2,\"name\":\"Proizvodi\",\"item\":\"https:\/\/zeefora.com\/playmais\/shop\/\"},{\"@type\":\"ListItem\",\"position\":3,\"name\":\"MINI MOSAIC Sova &amp; Leptir\"}]},{\"@type\":\"WebSite\",\"@id\":\"https:\/\/zeefora.com\/playmais\/#website\",\"url\":\"https:\/\/zeefora.com\/playmais\/\",\"name\":\"Zeefora\",\"description\":\"\",\"publisher\":{\"@id\":\"https:\/\/zeefora.com\/playmais\/#organization\"},\"potentialAction\":[{\"@type\":\"SearchAction\",\"target\":{\"@type\":\"EntryPoint\",\"urlTemplate\":\"https:\/\/zeefora.com\/playmais\/?s={search_term_string}\"},\"query-input\":{\"@type\":\"PropertyValueSpecification\",\"valueRequired\":true,\"valueName\":\"search_term_string\"}}],\"inLanguage\":\"sr-RS\"},{\"@type\":\"Organization\",\"@id\":\"https:\/\/zeefora.com\/playmais\/#organization\",\"name\":\"Zeefora\",\"url\":\"https:\/\/zeefora.com\/playmais\/\",\"logo\":{\"@type\":\"ImageObject\",\"inLanguage\":\"sr-RS\",\"@id\":\"https:\/\/zeefora.com\/playmais\/#\/schema\/logo\/image\/\",\"url\":\"https:\/\/zeefora.com\/playmais\/wp-content\/uploads\/2018\/08\/PlayMais_Logo_sm.png\",\"contentUrl\":\"https:\/\/zeefora.com\/playmais\/wp-content\/uploads\/2018\/08\/PlayMais_Logo_sm.png\",\"width\":278,\"height\":94,\"caption\":\"Zeefora\"},\"image\":{\"@id\":\"https:\/\/zeefora.com\/playmais\/#\/schema\/logo\/image\/\"}}]}<\/script>\n<!-- \/ Yoast SEO plugin. -->","yoast_head_json":{"title":"MINI MOSAIC Sova &amp; Leptir - Zeefora","robots":{"index":"index","follow":"follow","max-snippet":"max-snippet:-1","max-image-preview":"max-image-preview:large","max-video-preview":"max-video-preview:-1"},"canonical":"https:\/\/zeefora.com\/playmais\/prodavnica\/mosaic-mini\/mini-sova-leptir\/","og_locale":"sr_RS","og_type":"article","og_title":"MINI MOSAIC Sova &amp; Leptir - Zeefora","og_description":"Mini MOSAIC je savr\u0161en poklon za po\u010detnike u radu sa mozaikom.  Sova&amp;Leptir sti\u017ee u pakovanju sa oko 300 Playmais delova i 2 ilustrovane kartice (1 sova i 1 leptir).  Za uzrast: 3+  ...","og_url":"https:\/\/zeefora.com\/playmais\/prodavnica\/mosaic-mini\/mini-sova-leptir\/","og_site_name":"Zeefora","article_modified_time":"2021-09-07T06:37:53+00:00","og_image":[{"width":178,"height":300,"url":"https:\/\/zeefora.com\/playmais\/wp-content\/uploads\/2018\/09\/minimosaic_owl.jpg","type":"image\/jpeg"}],"twitter_card":"summary_large_image","schema":{"@context":"https:\/\/schema.org","@graph":[{"@type":"WebPage","@id":"https:\/\/zeefora.com\/playmais\/prodavnica\/mosaic-mini\/mini-sova-leptir\/","url":"https:\/\/zeefora.com\/playmais\/prodavnica\/mosaic-mini\/mini-sova-leptir\/","name":"MINI MOSAIC Sova &amp; Leptir - Zeefora","isPartOf":{"@id":"https:\/\/zeefora.com\/playmais\/#website"},"primaryImageOfPage":{"@id":"https:\/\/zeefora.com\/playmais\/prodavnica\/mosaic-mini\/mini-sova-leptir\/#primaryimage"},"image":{"@id":"https:\/\/zeefora.com\/playmais\/prodavnica\/mosaic-mini\/mini-sova-leptir\/#primaryimage"},"thumbnailUrl":"https:\/\/zeefora.com\/playmais\/wp-content\/uploads\/2018\/09\/minimosaic_owl.jpg","datePublished":"2018-09-28T17:01:15+00:00","dateModified":"2021-09-07T06:37:53+00:00","breadcrumb":{"@id":"https:\/\/zeefora.com\/playmais\/prodavnica\/mosaic-mini\/mini-sova-leptir\/#breadcrumb"},"inLanguage":"sr-RS","potentialAction":[{"@type":"ReadAction","target":["https:\/\/zeefora.com\/playmais\/prodavnica\/mosaic-mini\/mini-sova-leptir\/"]}]},{"@type":"ImageObject","inLanguage":"sr-RS","@id":"https:\/\/zeefora.com\/playmais\/prodavnica\/mosaic-mini\/mini-sova-leptir\/#primaryimage","url":"https:\/\/zeefora.com\/playmais\/wp-content\/uploads\/2018\/09\/minimosaic_owl.jpg","contentUrl":"https:\/\/zeefora.com\/playmais\/wp-content\/uploads\/2018\/09\/minimosaic_owl.jpg","width":178,"height":300,"caption":"MINI SOVA & LEPTIR"},{"@type":"BreadcrumbList","@id":"https:\/\/zeefora.com\/playmais\/prodavnica\/mosaic-mini\/mini-sova-leptir\/#breadcrumb","itemListElement":[{"@type":"ListItem","position":1,"name":"Home","item":"https:\/\/zeefora.com\/playmais\/"},{"@type":"ListItem","position":2,"name":"Proizvodi","item":"https:\/\/zeefora.com\/playmais\/shop\/"},{"@type":"ListItem","position":3,"name":"MINI MOSAIC Sova &amp; Leptir"}]},{"@type":"WebSite","@id":"https:\/\/zeefora.com\/playmais\/#website","url":"https:\/\/zeefora.com\/playmais\/","name":"Zeefora","description":"","publisher":{"@id":"https:\/\/zeefora.com\/playmais\/#organization"},"potentialAction":[{"@type":"SearchAction","target":{"@type":"EntryPoint","urlTemplate":"https:\/\/zeefora.com\/playmais\/?s={search_term_string}"},"query-input":{"@type":"PropertyValueSpecification","valueRequired":true,"valueName":"search_term_string"}}],"inLanguage":"sr-RS"},{"@type":"Organization","@id":"https:\/\/zeefora.com\/playmais\/#organization","name":"Zeefora","url":"https:\/\/zeefora.com\/playmais\/","logo":{"@type":"ImageObject","inLanguage":"sr-RS","@id":"https:\/\/zeefora.com\/playmais\/#\/schema\/logo\/image\/","url":"https:\/\/zeefora.com\/playmais\/wp-content\/uploads\/2018\/08\/PlayMais_Logo_sm.png","contentUrl":"https:\/\/zeefora.com\/playmais\/wp-content\/uploads\/2018\/08\/PlayMais_Logo_sm.png","width":278,"height":94,"caption":"Zeefora"},"image":{"@id":"https:\/\/zeefora.com\/playmais\/#\/schema\/logo\/image\/"}}]}},"_links":{"self":[{"href":"https:\/\/zeefora.com\/playmais\/wp-json\/wp\/v2\/product\/378"}],"collection":[{"href":"https:\/\/zeefora.com\/playmais\/wp-json\/wp\/v2\/product"}],"about":[{"href":"https:\/\/zeefora.com\/playmais\/wp-json\/wp\/v2\/types\/product"}],"wp:featuredmedia":[{"embeddable":true,"href":"https:\/\/zeefora.com\/playmais\/wp-json\/wp\/v2\/media\/272"}],"wp:attachment":[{"href":"https:\/\/zeefora.com\/playmais\/wp-json\/wp\/v2\/media?parent=378"}],"wp:term":[{"taxonomy":"product_brand","embeddable":true,"href":"https:\/\/zeefora.com\/playmais\/wp-json\/wp\/v2\/product_brand?post=378"},{"taxonomy":"product_cat","embeddable":true,"href":"https:\/\/zeefora.com\/playmais\/wp-json\/wp\/v2\/product_cat?post=378"},{"taxonomy":"product_tag","embeddable":true,"href":"https:\/\/zeefora.com\/playmais\/wp-json\/wp\/v2\/product_tag?post=378"}],"curies":[{"name":"wp","href":"https:\/\/api.w.org\/{rel}","templated":true}]}}